{"id":3500,"date":"2023-06-20T22:28:24","date_gmt":"2023-06-20T19:28:24","guid":{"rendered":"https:\/\/purbeauty.eu\/toode\/pm-5pc-brush-set-silver\/"},"modified":"2026-04-15T06:20:01","modified_gmt":"2026-04-15T03:20:01","slug":"pm-5pc-brush-set-silver","status":"publish","type":"product","link":"https:\/\/purbeauty.eu\/lt\/produktas\/pm-5pc-brush-set-silver\/","title":{"rendered":"Makia\u017eo \u0161epet\u0117li\u0173 rinkinys, 5 vnt."},"content":{"rendered":"","protected":false},"excerpt":{"rendered":"<p>Naudodami \u0161\u012f prabang\u0173 P\u00dcR x CARE 5 dali\u0173 rinkin\u012f Cruelty Free \u0161epet\u0117li\u0173 rinkin\u012f su laikikliu galite sukurti begalin\u012f makia\u017eo vaizd\u0105 \u2013 kiekvienas tankiai supakuotas makia\u017eo \u0161epet\u0117lis susideda i\u0161 banguot\u0173 ir tiesi\u0173 sintetini\u0173 pluo\u0161t\u0173, kad b\u016bt\u0173 lengviau tepti ir ma\u017eiau i\u0161krist\u0173.<\/p>\n<p><strong>\u012e komplekt\u0105 \u012feina:<\/strong><br \/>\nSkaistal\u0173 \u0161epet\u0117lis, pudros \u0161epet\u0117lis, aki\u0173 \u0161e\u0161\u0117li\u0173 pagrindo \u0161epet\u0117lis, aki\u0173 \u0161e\u0161\u0117li\u0173 mai\u0161ymo \u0161epet\u0117lis ir aki\u0173 \u0161e\u0161\u0117li\u0173 rauk\u0161li\u0173 \u0161epet\u0117lis<\/p>\n<p><strong>K\u0105 tai daro:<\/strong><br \/>\nProfesionali kokyb\u0117, padeda sukurti nepriekai\u0161ting\u0105 i\u0161vaizd\u0105, lengvas, tankiai supakuotas, sintetinis pluo\u0161tas, vegani\u0161kas ir kontroliuojamas naudojimas<\/p>\n<p><strong>*\u012eplaukos i\u0161 P\u00dcR x CARE kolekcijos produkto pirkimo bus 100 000 USD paaukota CARE, kuri padeda kovoti su skurdu visame pasaulyje. Prisijunk prie m\u016bs\u0173 \u0161ioje kovoje.<\/strong><\/p>","protected":false},"featured_media":3503,"template":"","meta":{"_acf_changed":false},"product_brand":[],"product_cat":[299,22,99,21],"product_tag":[],"class_list":{"0":"post-3500","1":"product","2":"type-product","3":"status-publish","4":"has-post-thumbnail","6":"product_cat-komplektid","7":"product_cat-meik","8":"product_cat-tarvikud","9":"product_cat-uued","11":"first","12":"instock","13":"shipping-taxable","14":"purchasable","15":"product-type-simple"},"acf":[],"jetpack_sharing_enabled":true,"_links":{"self":[{"href":"https:\/\/purbeauty.eu\/lt\/wp-json\/wp\/v2\/product\/3500","targetHints":{"allow":["GET"]}}],"collection":[{"href":"https:\/\/purbeauty.eu\/lt\/wp-json\/wp\/v2\/product"}],"about":[{"href":"https:\/\/purbeauty.eu\/lt\/wp-json\/wp\/v2\/types\/product"}],"wp:featuredmedia":[{"embeddable":true,"href":"https:\/\/purbeauty.eu\/lt\/wp-json\/wp\/v2\/media\/3503"}],"wp:attachment":[{"href":"https:\/\/purbeauty.eu\/lt\/wp-json\/wp\/v2\/media?parent=3500"}],"wp:term":[{"taxonomy":"product_brand","embeddable":true,"href":"https:\/\/purbeauty.eu\/lt\/wp-json\/wp\/v2\/product_brand?post=3500"},{"taxonomy":"product_cat","embeddable":true,"href":"https:\/\/purbeauty.eu\/lt\/wp-json\/wp\/v2\/product_cat?post=3500"},{"taxonomy":"product_tag","embeddable":true,"href":"https:\/\/purbeauty.eu\/lt\/wp-json\/wp\/v2\/product_tag?post=3500"}],"curies":[{"name":"wp","href":"https:\/\/api.w.org\/{rel}","templated":true}]}}