{"id":352,"date":"2022-02-18T20:12:54","date_gmt":"2022-02-18T18:12:54","guid":{"rendered":"https:\/\/p\u00fcr.ee\/?post_type=product&#038;p=352"},"modified":"2026-04-15T06:45:02","modified_gmt":"2026-04-15T03:45:02","slug":"lit-mist-illuminating-setting-spray","status":"publish","type":"product","link":"https:\/\/purbeauty.eu\/lt\/produktas\/lit-mist-illuminating-setting-spray\/","title":{"rendered":"Lit Mist Illuminating Setting Spray"},"content":{"rendered":"","protected":false},"excerpt":{"rendered":"<p class=\"p1\">Suteikite savo pavargusiai ir papilk\u0117jusiai odai nauj\u0105 gyvyb\u0119 su P\u00dcR <span class=\"s1\"><b>Ap\u0161viestas r\u016bkas<\/b><\/span> su blizges\u012f suteikian\u010diu makia\u017eo fiksavimo pur\u0161kikliu <span class=\"s1\"><b>dr\u0117kina od\u0105, fiksuoja makia\u017e\u0105 ir apsaugo nuo aplinkos poveikio<\/b><\/span>, \u012fskaitant matom\u0105 m\u0117lynos \u0161viesos padaryt\u0105 \u017eal\u0105. \u0160is lengvas ir gaivinantis pur\u0161kiklis suteikia odai gra\u017e\u0173, gaiv\u0173 \u0161vyt\u0117jim\u0105 \u2013 tarsi b\u016btum\u0117te pabud\u0119 pails\u0117j\u0119 ir spindintys.<\/p>","protected":false},"featured_media":4697,"template":"","meta":{"_acf_changed":false},"product_brand":[],"product_cat":[147,152,146,150,142,22,153,321,23,45,46,28,151,144,143,41,29,145,129],"product_tag":[],"class_list":{"0":"post-352","1":"product","2":"type-product","3":"status-publish","4":"has-post-thumbnail","6":"product_cat-akne-plekid","7":"product_cat-ebauhtlane-nahatoon","8":"product_cat-kombineeritud","9":"product_cat-kortsud","10":"product_cat-kuiv","11":"product_cat-meik","12":"product_cat-nagu-naohooldus","13":"product_cat-nahatuubid","14":"product_cat-naohooldus","15":"product_cat-naoseerumid-olid","16":"product_cat-naospreid","17":"product_cat-naotuup","18":"product_cat-niisutus","19":"product_cat-normaalne","20":"product_cat-oline","21":"product_cat-pohi","22":"product_cat-probleem","23":"product_cat-tundlik","24":"product_cat-zenzenn","26":"first","27":"instock","28":"shipping-taxable","29":"purchasable","30":"product-type-simple"},"acf":[],"jetpack_sharing_enabled":true,"_links":{"self":[{"href":"https:\/\/purbeauty.eu\/lt\/wp-json\/wp\/v2\/product\/352","targetHints":{"allow":["GET"]}}],"collection":[{"href":"https:\/\/purbeauty.eu\/lt\/wp-json\/wp\/v2\/product"}],"about":[{"href":"https:\/\/purbeauty.eu\/lt\/wp-json\/wp\/v2\/types\/product"}],"wp:featuredmedia":[{"embeddable":true,"href":"https:\/\/purbeauty.eu\/lt\/wp-json\/wp\/v2\/media\/4697"}],"wp:attachment":[{"href":"https:\/\/purbeauty.eu\/lt\/wp-json\/wp\/v2\/media?parent=352"}],"wp:term":[{"taxonomy":"product_brand","embeddable":true,"href":"https:\/\/purbeauty.eu\/lt\/wp-json\/wp\/v2\/product_brand?post=352"},{"taxonomy":"product_cat","embeddable":true,"href":"https:\/\/purbeauty.eu\/lt\/wp-json\/wp\/v2\/product_cat?post=352"},{"taxonomy":"product_tag","embeddable":true,"href":"https:\/\/purbeauty.eu\/lt\/wp-json\/wp\/v2\/product_tag?post=352"}],"curies":[{"name":"wp","href":"https:\/\/api.w.org\/{rel}","templated":true}]}}