{"id":3928,"date":"2023-12-27T22:06:23","date_gmt":"2023-12-27T20:06:23","guid":{"rendered":"https:\/\/purbeauty.eu\/toode\/pm-tropical-c-brightening-cream\/"},"modified":"2026-04-15T06:35:02","modified_gmt":"2026-04-15T03:35:02","slug":"pm-tropical-c-brightening-cream","status":"publish","type":"product","link":"https:\/\/purbeauty.eu\/lt\/produktas\/pm-tropical-c-brightening-cream\/","title":{"rendered":"\u201eTropical C\u201c skaistinamasis vitamino C ir peptid\u0173 dr\u0117kinamasis veido kremas"},"content":{"rendered":"","protected":false},"excerpt":{"rendered":"<p class=\"p1\"><b>Gaivinantis veido kremas su vitaminu C, kuris atgaivina pavargusi\u0105 ir papilk\u0117jusi\u0105 od\u0105.<\/b><b><\/b><\/p>\n<p class=\"p2\">Praturtintas tropiniais vaisiais ir odos b\u016bkl\u0119 stiprinan\u010diais peptidais, kremas suteikia odai energijos, skaistina veido spalv\u0105 ir suteikia jai nat\u016bral\u0173 \u0161vyt\u0117jim\u0105.<\/p>","protected":false},"featured_media":3987,"template":"","meta":{"_acf_changed":false},"product_brand":[],"product_cat":[147,152,146,150,142,153,321,23,42,28,151,144,143,29,149,145],"product_tag":[],"class_list":{"0":"post-3928","1":"product","2":"type-product","3":"status-publish","4":"has-post-thumbnail","6":"product_cat-akne-plekid","7":"product_cat-ebauhtlane-nahatoon","8":"product_cat-kombineeritud","9":"product_cat-kortsud","10":"product_cat-kuiv","11":"product_cat-nagu-naohooldus","12":"product_cat-nahatuubid","13":"product_cat-naohooldus","14":"product_cat-naokreemid","15":"product_cat-naotuup","16":"product_cat-niisutus","17":"product_cat-normaalne","18":"product_cat-oline","19":"product_cat-probleem","20":"product_cat-punetus","21":"product_cat-tundlik","23":"first","24":"instock","25":"shipping-taxable","26":"purchasable","27":"product-type-simple"},"acf":[],"jetpack_sharing_enabled":true,"_links":{"self":[{"href":"https:\/\/purbeauty.eu\/lt\/wp-json\/wp\/v2\/product\/3928","targetHints":{"allow":["GET"]}}],"collection":[{"href":"https:\/\/purbeauty.eu\/lt\/wp-json\/wp\/v2\/product"}],"about":[{"href":"https:\/\/purbeauty.eu\/lt\/wp-json\/wp\/v2\/types\/product"}],"wp:featuredmedia":[{"embeddable":true,"href":"https:\/\/purbeauty.eu\/lt\/wp-json\/wp\/v2\/media\/3987"}],"wp:attachment":[{"href":"https:\/\/purbeauty.eu\/lt\/wp-json\/wp\/v2\/media?parent=3928"}],"wp:term":[{"taxonomy":"product_brand","embeddable":true,"href":"https:\/\/purbeauty.eu\/lt\/wp-json\/wp\/v2\/product_brand?post=3928"},{"taxonomy":"product_cat","embeddable":true,"href":"https:\/\/purbeauty.eu\/lt\/wp-json\/wp\/v2\/product_cat?post=3928"},{"taxonomy":"product_tag","embeddable":true,"href":"https:\/\/purbeauty.eu\/lt\/wp-json\/wp\/v2\/product_tag?post=3928"}],"curies":[{"name":"wp","href":"https:\/\/api.w.org\/{rel}","templated":true}]}}