{"id":3929,"date":"2023-12-27T22:06:25","date_gmt":"2023-12-27T20:06:25","guid":{"rendered":"https:\/\/purbeauty.eu\/toode\/pm-self-soothing-mask\/"},"modified":"2026-04-15T07:50:02","modified_gmt":"2026-04-15T04:50:02","slug":"pm-self-soothing-mask","status":"publish","type":"product","link":"https:\/\/purbeauty.eu\/lt\/produktas\/pm-self-soothing-mask\/","title":{"rendered":"Raminanti maitinamoji probiotin\u0117 veido kauk\u0117"},"content":{"rendered":"","protected":false},"excerpt":{"rendered":"<p><b>Maitinamoji kauk\u0117 \u2013 dr\u0117kina ir ramina od\u0105<\/b><\/p>\n<p class=\"p3\">\u0160i maistin\u0117mis med\u017eiagomis praturtinta kauk\u0117, kurios sud\u0117tyje yra keramid\u0173, cikad\u0173 augalo ekstrakto ir probiotik\u0173, veikia kaip dr\u0117kinamoji priemon\u0117 ir nak\u010diai nenuplaunama priemon\u0117, padedanti atkurti odos dr\u0117gm\u0117s balans\u0105 ir suteikianti jai gaivesn\u0119 bei sveikesn\u0119 i\u0161vaizd\u0105.<\/p>","protected":false},"featured_media":3978,"template":"","meta":{"_acf_changed":false},"product_brand":[],"product_cat":[147,152,146,150,142,153,321,23,119,28,151,144,143,29,44,149,145],"product_tag":[],"class_list":{"0":"post-3929","1":"product","2":"type-product","3":"status-publish","4":"has-post-thumbnail","6":"product_cat-akne-plekid","7":"product_cat-ebauhtlane-nahatoon","8":"product_cat-kombineeritud","9":"product_cat-kortsud","10":"product_cat-kuiv","11":"product_cat-nagu-naohooldus","12":"product_cat-nahatuubid","13":"product_cat-naohooldus","14":"product_cat-naomaskid","15":"product_cat-naotuup","16":"product_cat-niisutus","17":"product_cat-normaalne","18":"product_cat-oline","19":"product_cat-probleem","20":"product_cat-puhastusvahendid","21":"product_cat-punetus","22":"product_cat-tundlik","24":"first","25":"instock","26":"shipping-taxable","27":"purchasable","28":"product-type-simple"},"acf":[],"jetpack_sharing_enabled":true,"_links":{"self":[{"href":"https:\/\/purbeauty.eu\/lt\/wp-json\/wp\/v2\/product\/3929","targetHints":{"allow":["GET"]}}],"collection":[{"href":"https:\/\/purbeauty.eu\/lt\/wp-json\/wp\/v2\/product"}],"about":[{"href":"https:\/\/purbeauty.eu\/lt\/wp-json\/wp\/v2\/types\/product"}],"wp:featuredmedia":[{"embeddable":true,"href":"https:\/\/purbeauty.eu\/lt\/wp-json\/wp\/v2\/media\/3978"}],"wp:attachment":[{"href":"https:\/\/purbeauty.eu\/lt\/wp-json\/wp\/v2\/media?parent=3929"}],"wp:term":[{"taxonomy":"product_brand","embeddable":true,"href":"https:\/\/purbeauty.eu\/lt\/wp-json\/wp\/v2\/product_brand?post=3929"},{"taxonomy":"product_cat","embeddable":true,"href":"https:\/\/purbeauty.eu\/lt\/wp-json\/wp\/v2\/product_cat?post=3929"},{"taxonomy":"product_tag","embeddable":true,"href":"https:\/\/purbeauty.eu\/lt\/wp-json\/wp\/v2\/product_tag?post=3929"}],"curies":[{"name":"wp","href":"https:\/\/api.w.org\/{rel}","templated":true}]}}