{"id":3930,"date":"2023-12-27T22:06:25","date_gmt":"2023-12-27T20:06:25","guid":{"rendered":"https:\/\/purbeauty.eu\/toode\/rescue-c-brightening-eye-cream\/"},"modified":"2026-04-15T07:50:01","modified_gmt":"2026-04-15T04:50:01","slug":"rescue-c-brightening-eye-cream","status":"publish","type":"product","link":"https:\/\/purbeauty.eu\/lt\/produktas\/rescue-c-brightening-eye-cream\/","title":{"rendered":"\u201eRescue C\u201c \u0161viesinamasis vitamino C ir peptid\u0173 paaki\u0173 kremas"},"content":{"rendered":"","protected":false},"excerpt":{"rendered":"<p class=\"p1\"><span class=\"s1\"><b>Paaki\u0173 kremas su vitaminu C ir peptidais<\/b><\/span> \u2013 intensyviai dr\u0117kinanti ir energizuojanti proced\u016bra, atgaivinanti pavargusi\u0173 aki\u0173 i\u0161vaizd\u0105 ir suteikianti pails\u0117jusio spindesio!<\/p>","protected":false},"featured_media":3970,"template":"","meta":{"_acf_changed":false},"product_brand":[],"product_cat":[147,152,146,150,142,153,321,23,28,151,144,143,29,149,120,43,145],"product_tag":[],"class_list":{"0":"post-3930","1":"product","2":"type-product","3":"status-publish","4":"has-post-thumbnail","6":"product_cat-akne-plekid","7":"product_cat-ebauhtlane-nahatoon","8":"product_cat-kombineeritud","9":"product_cat-kortsud","10":"product_cat-kuiv","11":"product_cat-nagu-naohooldus","12":"product_cat-nahatuubid","13":"product_cat-naohooldus","14":"product_cat-naotuup","15":"product_cat-niisutus","16":"product_cat-normaalne","17":"product_cat-oline","18":"product_cat-probleem","19":"product_cat-punetus","20":"product_cat-silmaalla","21":"product_cat-silmakreemid","22":"product_cat-tundlik","24":"first","25":"instock","26":"shipping-taxable","27":"purchasable","28":"product-type-simple"},"acf":[],"jetpack_sharing_enabled":true,"_links":{"self":[{"href":"https:\/\/purbeauty.eu\/lt\/wp-json\/wp\/v2\/product\/3930","targetHints":{"allow":["GET"]}}],"collection":[{"href":"https:\/\/purbeauty.eu\/lt\/wp-json\/wp\/v2\/product"}],"about":[{"href":"https:\/\/purbeauty.eu\/lt\/wp-json\/wp\/v2\/types\/product"}],"wp:featuredmedia":[{"embeddable":true,"href":"https:\/\/purbeauty.eu\/lt\/wp-json\/wp\/v2\/media\/3970"}],"wp:attachment":[{"href":"https:\/\/purbeauty.eu\/lt\/wp-json\/wp\/v2\/media?parent=3930"}],"wp:term":[{"taxonomy":"product_brand","embeddable":true,"href":"https:\/\/purbeauty.eu\/lt\/wp-json\/wp\/v2\/product_brand?post=3930"},{"taxonomy":"product_cat","embeddable":true,"href":"https:\/\/purbeauty.eu\/lt\/wp-json\/wp\/v2\/product_cat?post=3930"},{"taxonomy":"product_tag","embeddable":true,"href":"https:\/\/purbeauty.eu\/lt\/wp-json\/wp\/v2\/product_tag?post=3930"}],"curies":[{"name":"wp","href":"https:\/\/api.w.org\/{rel}","templated":true}]}}