{"id":3931,"date":"2023-12-27T22:06:26","date_gmt":"2023-12-27T20:06:26","guid":{"rendered":"https:\/\/purbeauty.eu\/toode\/ceretin-boost\/"},"modified":"2026-04-15T07:50:01","modified_gmt":"2026-04-15T04:50:01","slug":"ceretin-boost","status":"publish","type":"product","link":"https:\/\/purbeauty.eu\/lt\/produktas\/ceretin-boost\/","title":{"rendered":"Ceretin Boost Age Defying Retinolio serumas"},"content":{"rendered":"<p class=\"p1\"><b>Anti-sen\u0117jimo retinolio serumas<\/b><b><\/b><\/p>\n<p class=\"p2\">Palepinkite savo od\u0105 galinga sen\u0117jim\u0105 stabdan\u010dia doze \u2013 \u0161is odos prie\u017ei\u016bros retinolio serumas padeda pastebimai lyginti ir putlinti od\u0105. Atnaujintoje formul\u0117je yra 4 kartus daugiau galingo Ceretin komplekso, kuris padeda suma\u017einti smulkias rauk\u0161leles ir suteikia odai jaunatvi\u0161k\u0105 \u0161vyt\u0117jim\u0105.<\/p>\n<p class=\"p2\"><span class=\"s1\"><b>U\u017epildo svoris:<\/b><\/span> 30 ml \/ 1 skys\u010dio uncija<\/p>","protected":false},"excerpt":{"rendered":"<p class=\"p1\"><b>Anti-sen\u0117jimo retinolio serumas<\/b><b><\/b><\/p>\n<p class=\"p2\">Palepinkite savo od\u0105 galinga sen\u0117jim\u0105 stabdan\u010dia doze \u2013 \u0161is odos prie\u017ei\u016bros retinolio serumas padeda pastebimai lyginti ir putlinti od\u0105. Atnaujintoje formul\u0117je yra 4 kartus daugiau galingo Ceretin komplekso, kuris padeda suma\u017einti smulkias rauk\u0161leles ir suteikia odai jaunatvi\u0161k\u0105 \u0161vyt\u0117jim\u0105.<\/p>\n<p class=\"p2\"><span class=\"s1\"><b>U\u017epildo svoris:<\/b><\/span> 30 ml \/ 1 skys\u010dio uncija<\/p>","protected":false},"featured_media":3509,"template":"","meta":{"_acf_changed":false},"product_brand":[],"product_cat":[147,152,146,150,142,153,321,23,45,28,151,144,143,29,149,121,145],"product_tag":[],"class_list":{"0":"post-3931","1":"product","2":"type-product","3":"status-publish","4":"has-post-thumbnail","6":"product_cat-akne-plekid","7":"product_cat-ebauhtlane-nahatoon","8":"product_cat-kombineeritud","9":"product_cat-kortsud","10":"product_cat-kuiv","11":"product_cat-nagu-naohooldus","12":"product_cat-nahatuubid","13":"product_cat-naohooldus","14":"product_cat-naoseerumid-olid","15":"product_cat-naotuup","16":"product_cat-niisutus","17":"product_cat-normaalne","18":"product_cat-oline","19":"product_cat-probleem","20":"product_cat-punetus","21":"product_cat-seerumid","22":"product_cat-tundlik","24":"first","25":"instock","26":"shipping-taxable","27":"purchasable","28":"product-type-simple"},"acf":[],"jetpack_sharing_enabled":true,"_links":{"self":[{"href":"https:\/\/purbeauty.eu\/lt\/wp-json\/wp\/v2\/product\/3931","targetHints":{"allow":["GET"]}}],"collection":[{"href":"https:\/\/purbeauty.eu\/lt\/wp-json\/wp\/v2\/product"}],"about":[{"href":"https:\/\/purbeauty.eu\/lt\/wp-json\/wp\/v2\/types\/product"}],"wp:featuredmedia":[{"embeddable":true,"href":"https:\/\/purbeauty.eu\/lt\/wp-json\/wp\/v2\/media\/3509"}],"wp:attachment":[{"href":"https:\/\/purbeauty.eu\/lt\/wp-json\/wp\/v2\/media?parent=3931"}],"wp:term":[{"taxonomy":"product_brand","embeddable":true,"href":"https:\/\/purbeauty.eu\/lt\/wp-json\/wp\/v2\/product_brand?post=3931"},{"taxonomy":"product_cat","embeddable":true,"href":"https:\/\/purbeauty.eu\/lt\/wp-json\/wp\/v2\/product_cat?post=3931"},{"taxonomy":"product_tag","embeddable":true,"href":"https:\/\/purbeauty.eu\/lt\/wp-json\/wp\/v2\/product_tag?post=3931"}],"curies":[{"name":"wp","href":"https:\/\/api.w.org\/{rel}","templated":true}]}}