{"id":3932,"date":"2023-12-27T22:06:28","date_gmt":"2023-12-27T20:06:28","guid":{"rendered":"https:\/\/purbeauty.eu\/toode\/get-a-lift-facial-cream\/"},"modified":"2026-04-15T07:50:01","modified_gmt":"2026-04-15T04:50:01","slug":"get-a-lift-facial-cream","status":"publish","type":"product","link":"https:\/\/purbeauty.eu\/lt\/produktas\/get-a-lift-facial-cream\/","title":{"rendered":"\u012esigykite \u201eLift\u201c stangrinan\u010di\u0105 veido krem\u0105, dr\u0117kinam\u0105j\u012f krem\u0105"},"content":{"rendered":"","protected":false},"excerpt":{"rendered":"<p>\u201eGet A Lift\u201c \u2013 tai stangrinantis ir dr\u0117kinantis prabangus veido kremas, kuriame derinami keli sen\u0117jim\u0105 stabdantys ingredientai, kad pakelt\u0173 ir atkurt\u0173 jaunatvi\u0161k\u0105 odos elastingum\u0105.<\/p>\n<p class=\"p1\">Praturtintas kruop\u0161\u010diai atrinktais ingredientais, kurie pagerina odos elastingum\u0105 ir suma\u017eina smulki\u0173 rauk\u0161leli\u0173 bei rauk\u0161li\u0173 atsiradim\u0105. Tinka kasdieniam naudojimui visiems odos tipams.<\/p>\n<p class=\"p2\">\n<ul>\n<li>\n<p class=\"p1\">Giliai dr\u0117kina ir lengvai \u012fsigeria<\/p>\n<\/li>\n<li>\n<p class=\"p1\">Gerina odos tekst\u016br\u0105 ir elastingum\u0105<\/p>\n<\/li>\n<li>\n<p class=\"p1\">Ma\u017eina sen\u0117jimo po\u017eymius<\/p>\n<\/li>\n<li>\n<p class=\"p1\">Idealiai tinka odos stangr\u0117jimui ir skaistinimui<\/p>\n<\/li>\n<\/ul>\n<p>&nbsp;<\/p>\n<p>Produkto svoris: 50 g<\/p>","protected":false},"featured_media":4725,"template":"","meta":{"_acf_changed":false},"product_brand":[],"product_cat":[147,152,146,150,142,153,321,23,42,28,151,144,143,29,149,145],"product_tag":[],"class_list":{"0":"post-3932","1":"product","2":"type-product","3":"status-publish","4":"has-post-thumbnail","6":"product_cat-akne-plekid","7":"product_cat-ebauhtlane-nahatoon","8":"product_cat-kombineeritud","9":"product_cat-kortsud","10":"product_cat-kuiv","11":"product_cat-nagu-naohooldus","12":"product_cat-nahatuubid","13":"product_cat-naohooldus","14":"product_cat-naokreemid","15":"product_cat-naotuup","16":"product_cat-niisutus","17":"product_cat-normaalne","18":"product_cat-oline","19":"product_cat-probleem","20":"product_cat-punetus","21":"product_cat-tundlik","23":"first","24":"instock","25":"shipping-taxable","26":"purchasable","27":"product-type-simple"},"acf":[],"jetpack_sharing_enabled":true,"_links":{"self":[{"href":"https:\/\/purbeauty.eu\/lt\/wp-json\/wp\/v2\/product\/3932","targetHints":{"allow":["GET"]}}],"collection":[{"href":"https:\/\/purbeauty.eu\/lt\/wp-json\/wp\/v2\/product"}],"about":[{"href":"https:\/\/purbeauty.eu\/lt\/wp-json\/wp\/v2\/types\/product"}],"wp:featuredmedia":[{"embeddable":true,"href":"https:\/\/purbeauty.eu\/lt\/wp-json\/wp\/v2\/media\/4725"}],"wp:attachment":[{"href":"https:\/\/purbeauty.eu\/lt\/wp-json\/wp\/v2\/media?parent=3932"}],"wp:term":[{"taxonomy":"product_brand","embeddable":true,"href":"https:\/\/purbeauty.eu\/lt\/wp-json\/wp\/v2\/product_brand?post=3932"},{"taxonomy":"product_cat","embeddable":true,"href":"https:\/\/purbeauty.eu\/lt\/wp-json\/wp\/v2\/product_cat?post=3932"},{"taxonomy":"product_tag","embeddable":true,"href":"https:\/\/purbeauty.eu\/lt\/wp-json\/wp\/v2\/product_tag?post=3932"}],"curies":[{"name":"wp","href":"https:\/\/api.w.org\/{rel}","templated":true}]}}