{"id":4459,"date":"2024-06-06T12:16:11","date_gmt":"2024-06-06T09:16:11","guid":{"rendered":"https:\/\/purbeauty.eu\/?post_type=product&#038;p=4459"},"modified":"2026-04-15T07:50:02","modified_gmt":"2026-04-15T04:50:02","slug":"on-point-tint-creamy-eyeshadow-primer-with-peptides","status":"publish","type":"product","link":"https:\/\/purbeauty.eu\/lt\/produktas\/on-point-tint-creamy-eyeshadow-primer-with-peptides\/","title":{"rendered":"On Point Tint kreminiai aki\u0173 \u0161e\u0161\u0117liai ir gruntas su peptidais"},"content":{"rendered":"","protected":false},"excerpt":{"rendered":"<p class=\"p1\"><b>\u201eOn Point Tint\u201c \u2013 kreminiai aki\u0173 \u0161e\u0161\u0117liai ir makia\u017eo pagrindas viename!<\/b><b><\/b><\/p>\n<p class=\"p2\">Atraskite prabangi\u0105 kremin\u0117s-pudrin\u0117s tekst\u016bros makia\u017e\u0105, kuris suteiks J\u016bs\u0173 akims lengv\u0105 arba vidutin\u012f padengim\u0105, gaiv\u0173 ir spindint\u012f \u017evilgsn\u012f. Sud\u0117tyje yra daug pigment\u0173, kad rezultatas b\u016bt\u0173 intensyvus ir ilgai i\u0161liekantis \u2013 be rauk\u0161li\u0173 ar rauk\u0161li\u0173!<\/p>","protected":false},"featured_media":4688,"template":"","meta":{"_acf_changed":false},"product_brand":[],"product_cat":[155,102,134,290,22,34,21],"product_tag":[],"class_list":{"0":"post-4459","1":"product","2":"type-product","3":"status-publish","4":"has-post-thumbnail","6":"product_cat-f-z","7":"product_cat-koostise-jargi","8":"product_cat-kurkum","9":"product_cat-lauvarvid","10":"product_cat-meik","11":"product_cat-silmad","12":"product_cat-uued","14":"first","15":"instock","16":"shipping-taxable","17":"purchasable","18":"product-type-variable"},"acf":[],"jetpack_sharing_enabled":true,"_links":{"self":[{"href":"https:\/\/purbeauty.eu\/lt\/wp-json\/wp\/v2\/product\/4459","targetHints":{"allow":["GET"]}}],"collection":[{"href":"https:\/\/purbeauty.eu\/lt\/wp-json\/wp\/v2\/product"}],"about":[{"href":"https:\/\/purbeauty.eu\/lt\/wp-json\/wp\/v2\/types\/product"}],"wp:featuredmedia":[{"embeddable":true,"href":"https:\/\/purbeauty.eu\/lt\/wp-json\/wp\/v2\/media\/4688"}],"wp:attachment":[{"href":"https:\/\/purbeauty.eu\/lt\/wp-json\/wp\/v2\/media?parent=4459"}],"wp:term":[{"taxonomy":"product_brand","embeddable":true,"href":"https:\/\/purbeauty.eu\/lt\/wp-json\/wp\/v2\/product_brand?post=4459"},{"taxonomy":"product_cat","embeddable":true,"href":"https:\/\/purbeauty.eu\/lt\/wp-json\/wp\/v2\/product_cat?post=4459"},{"taxonomy":"product_tag","embeddable":true,"href":"https:\/\/purbeauty.eu\/lt\/wp-json\/wp\/v2\/product_tag?post=4459"}],"curies":[{"name":"wp","href":"https:\/\/api.w.org\/{rel}","templated":true}]}}