{"id":4478,"date":"2024-06-06T12:54:58","date_gmt":"2024-06-06T09:54:58","guid":{"rendered":"https:\/\/purbeauty.eu\/?post_type=product&#038;p=4478"},"modified":"2026-04-15T06:20:02","modified_gmt":"2026-04-15T03:20:02","slug":"silky-tint-creamy-multitasking-stick-with-peptides","status":"publish","type":"product","link":"https:\/\/purbeauty.eu\/lt\/produktas\/silky-tint-creamy-multitasking-stick-with-peptides\/","title":{"rendered":"\u0160ilko atspalvio kremin\u0117 daugiafunkcin\u0117 lazdel\u0117 su peptidais"},"content":{"rendered":"","protected":false},"excerpt":{"rendered":"<p class=\"p1\">Sukurkite gra\u017ei\u0105, spindin\u010di\u0105 veido od\u0105 su \u201eSilky Tint Creamy Multitasking Blush Stick\u201c skaistalais, kurie i\u0161lygina ir pary\u0161kina j\u016bs\u0173 veido spalv\u0105, akimirksniu suteikdami jai gaivumo. \u0160is \u0161ilkinis, peptidais praturtintas 2 viename kreminis skaistal\u0173 pie\u0161tukas skland\u017eiai susilieja su oda, suteikdamas nat\u016bral\u0173, sveik\u0105 \u0161vyt\u0117jim\u0105 ir kremin\u012f atspalv\u012f.<\/p>\n<p class=\"p1\">Kiekis: 0,21 uncijos \/ 6 g<\/p>\n<p class=\"p1\">Spalv\u0173 atspalviai:<\/p>\n<p class=\"p3\">\n<ul>\n<li>\n<p class=\"p1\"><b>NAUJAS putojantis ro\u017einis vynas<\/b><span class=\"s1\"> (blizganti ro\u017ein\u0117)<\/span><\/p>\n<\/li>\n<li>\n<p class=\"p1\"><span class=\"s1\"><b>Uoga Geriausia<\/b><\/span> (mink\u0161tos aviet\u0117s)<\/p>\n<\/li>\n<li>\n<p class=\"p1\"><span class=\"s1\"><b>Coral Cosmo<\/b><\/span> (\u0161viesus koralas)<\/p>\n<\/li>\n<\/ul>\n<p>&nbsp;<\/p>\n<p class=\"p1\">Puikus b\u016bdas sukurti gaiv\u0173 ir nat\u016brali\u0105 veido spalv\u0105, kuri\u0105 lengva tepti ir mai\u0161yti!<\/p>\n<p class=\"p4\">","protected":false},"featured_media":4972,"template":"","meta":{"_acf_changed":false},"product_brand":[],"product_cat":[155,146,117,102,142,134,22,101,28,144,143,41,116,145,21],"product_tag":[],"class_list":{"0":"post-4478","1":"product","2":"type-product","3":"status-publish","4":"has-post-thumbnail","6":"product_cat-f-z","7":"product_cat-kombineeritud","8":"product_cat-kontuur","9":"product_cat-koostise-jargi","10":"product_cat-kuiv","11":"product_cat-kurkum","12":"product_cat-meik","13":"product_cat-muugihitid","14":"product_cat-naotuup","15":"product_cat-normaalne","16":"product_cat-oline","17":"product_cat-pohi","18":"product_cat-posepuna","19":"product_cat-tundlik","20":"product_cat-uued","22":"first","23":"instock","24":"shipping-taxable","25":"purchasable","26":"product-type-variable"},"acf":[],"jetpack_sharing_enabled":true,"_links":{"self":[{"href":"https:\/\/purbeauty.eu\/lt\/wp-json\/wp\/v2\/product\/4478","targetHints":{"allow":["GET"]}}],"collection":[{"href":"https:\/\/purbeauty.eu\/lt\/wp-json\/wp\/v2\/product"}],"about":[{"href":"https:\/\/purbeauty.eu\/lt\/wp-json\/wp\/v2\/types\/product"}],"wp:featuredmedia":[{"embeddable":true,"href":"https:\/\/purbeauty.eu\/lt\/wp-json\/wp\/v2\/media\/4972"}],"wp:attachment":[{"href":"https:\/\/purbeauty.eu\/lt\/wp-json\/wp\/v2\/media?parent=4478"}],"wp:term":[{"taxonomy":"product_brand","embeddable":true,"href":"https:\/\/purbeauty.eu\/lt\/wp-json\/wp\/v2\/product_brand?post=4478"},{"taxonomy":"product_cat","embeddable":true,"href":"https:\/\/purbeauty.eu\/lt\/wp-json\/wp\/v2\/product_cat?post=4478"},{"taxonomy":"product_tag","embeddable":true,"href":"https:\/\/purbeauty.eu\/lt\/wp-json\/wp\/v2\/product_tag?post=4478"}],"curies":[{"name":"wp","href":"https:\/\/api.w.org\/{rel}","templated":true}]}}