{"id":4502,"date":"2024-06-06T13:35:29","date_gmt":"2024-06-06T10:35:29","guid":{"rendered":"https:\/\/purbeauty.eu\/?post_type=product&#038;p=4502"},"modified":"2026-04-15T06:05:01","modified_gmt":"2026-04-15T03:05:01","slug":"4-in-1-correcting-primer-energize-rescue-mini","status":"publish","type":"product","link":"https:\/\/purbeauty.eu\/lt\/produktas\/4-in-1-correcting-primer-energize-rescue-mini\/","title":{"rendered":"Keturi viename koreguojantis gruntas Energize &amp; Rescue mini"},"content":{"rendered":"<h6><\/h6>","protected":false},"excerpt":{"rendered":"<p class=\"\"><span class=\"\">Andke oma nahale energiat ja kiiret niisutust P\u00dcR 4-in-1 Energize &amp; Rescue Correcting Primeri abil.\u00a0 Probiootilise toimega, nahahoolduse eesm\u00e4rkidega praimer, mis aitab niisutada ja parandada tuhmi, v\u00e4sinud nahka.<\/span><\/p>\n<p class=\"\"><span class=\"\"><b class=\"\">Mida see teeb:<\/b>\u00a0<\/span><\/p>\n<p class=\"\"><span class=\"\">\u2022 4 eelist \u00fches: meigipraimer, punetuse v\u00e4hendaja, pooride v\u00e4hendaja teeb naha \u00fclimalt siledaks\u00a0<\/span><\/p>\n<p class=\"\"><span class=\"\">\u2022 Aitab parandada v\u00e4sinud ja tuhmi naha v\u00e4limust\u00a0<\/span><\/p>\n<p class=\"\"><span class=\"\">\u2022 Aitab rahustada ja v\u00e4hendada punetust\u00a0<\/span><\/p>\n<p class=\"\"><span class=\"\">\u2022 Aitab minimeerida poore<\/span><\/p>\n<p class=\"\"><span class=\"\">\u2022 Kerge seerumitaoline praimeri tekstuur aitab niisutada ja siluda eba\u00fchtlase nahatooni ja tekstuuri<\/span><\/p>\n<p class=\"\"><span class=\"\">\u2022 V\u00f5ib kasutada iga p\u00e4ev koos meigiga v\u00f5i ilma\u00a0<\/span><\/p>\n<p class=\"\"><span class=\"\">\u2022 Aitab v\u00e4hendada tumedaid laike ning peeneid jooni ja kortse\u00a0<\/span><\/p>\n<p class=\"\"><span class=\"\">\u2022 Aitab parandada \u00fcldist naha tervist, aidates taastada naha mikrobioomi tasakaalu\u00a0<\/span><\/p>\n<p class=\"\"><span class=\"\"><b class=\"\">Peamised koostisosad:<\/b> <\/span><\/p>\n<p class=\"\"><span class=\"\"><b class=\"\">P\u00dcR-i patenteeritud Ceretin Complex |<\/b> Retinooli, piimhappe, sheav\u00f5i ja keramiidi kapseldatud segu, mis parandab \u00f5rnalt nahatooni ja tekstuuri, aidates samal ajal v\u00e4hendada peeneid jooni ja kortse. Seda saab kasutada nii p\u00e4eval kui \u00f6\u00f6sel, niisutus vabaneb pika aja jooksul. <\/span><\/p>\n<p class=\"\"><span class=\"\"><b class=\"\">Sheav\u00f5i |<\/b> Aitab nahka korrigeerida ja niisutada <\/span><\/p>\n<p class=\"\"><span class=\"\"><b class=\"\">Probiootikumid |<\/b> Aitab taastada naha loomuliku mikrobioomi tasakaalu<\/span><\/p>\n<p class=\"\"><span class=\"\"> <b class=\"\">Skvalaan ja kookosvesi |<\/b> Parandab naha niisutust ja tekstuuri <\/span><\/p>\n<p class=\"\"><span class=\"\"><b class=\"\">Kofeiin |<\/b> Aitab parandada naha v\u00e4limust<\/span><\/p>\n<p class=\"\"><span class=\"\"><b class=\"\">Aaloe |<\/b> Aitab rahustada ja v\u00e4hendada punetust<\/span><\/p>\n<div class=\"\"><\/div>\n<div>\n[embed]https:\/\/youtu.be\/S8hqyAwq1Wk[\/embed]\n<\/div>\n","protected":false},"featured_media":1684,"template":"","meta":{"_acf_changed":false},"product_brand":[],"product_cat":[20,154,122,152,155,102,150,142,31,22,222,28,151,144,115,29,149,135,145],"product_tag":[],"class_list":{"0":"post-4502","1":"product","2":"type-product","3":"status-publish","4":"has-post-thumbnail","6":"product_cat-4in1","7":"product_cat-a-e","8":"product_cat-aloe-vera","9":"product_cat-ebauhtlane-nahatoon","10":"product_cat-f-z","11":"product_cat-koostise-jargi","12":"product_cat-kortsud","13":"product_cat-kuiv","14":"product_cat-meigipohi","15":"product_cat-meik","16":"product_cat-minid","17":"product_cat-naotuup","18":"product_cat-niisutus","19":"product_cat-normaalne","20":"product_cat-primer","21":"product_cat-probleem","22":"product_cat-punetus","23":"product_cat-skvalaan","24":"product_cat-tundlik","26":"first","27":"instock","28":"shipping-taxable","29":"purchasable","30":"product-type-simple"},"acf":[],"jetpack_sharing_enabled":true,"_links":{"self":[{"href":"https:\/\/purbeauty.eu\/lt\/wp-json\/wp\/v2\/product\/4502","targetHints":{"allow":["GET"]}}],"collection":[{"href":"https:\/\/purbeauty.eu\/lt\/wp-json\/wp\/v2\/product"}],"about":[{"href":"https:\/\/purbeauty.eu\/lt\/wp-json\/wp\/v2\/types\/product"}],"wp:featuredmedia":[{"embeddable":true,"href":"https:\/\/purbeauty.eu\/lt\/wp-json\/wp\/v2\/media\/1684"}],"wp:attachment":[{"href":"https:\/\/purbeauty.eu\/lt\/wp-json\/wp\/v2\/media?parent=4502"}],"wp:term":[{"taxonomy":"product_brand","embeddable":true,"href":"https:\/\/purbeauty.eu\/lt\/wp-json\/wp\/v2\/product_brand?post=4502"},{"taxonomy":"product_cat","embeddable":true,"href":"https:\/\/purbeauty.eu\/lt\/wp-json\/wp\/v2\/product_cat?post=4502"},{"taxonomy":"product_tag","embeddable":true,"href":"https:\/\/purbeauty.eu\/lt\/wp-json\/wp\/v2\/product_tag?post=4502"}],"curies":[{"name":"wp","href":"https:\/\/api.w.org\/{rel}","templated":true}]}}