{"id":4864,"date":"2024-10-12T11:25:32","date_gmt":"2024-10-12T08:25:32","guid":{"rendered":"https:\/\/purbeauty.eu\/?post_type=product&#038;p=4864"},"modified":"2026-04-15T07:20:01","modified_gmt":"2026-04-15T04:20:01","slug":"liquid-chisel-brush","status":"publish","type":"product","link":"https:\/\/purbeauty.eu\/lt\/produktas\/liquid-chisel-brush\/","title":{"rendered":"Skystas Chisel Brush"},"content":{"rendered":"","protected":false},"excerpt":{"rendered":"<p class=\"p1\"><strong>Profesionalus makia\u017eo pagrindo tepimo \u0161epet\u0117lis<\/strong><\/p>\n<p class=\"p1\"><strong>Puikus kreminio arba skysto makia\u017eo pagrindo priedas<\/strong><\/p>\n<p class=\"p1\">Tai \u2013 gra\u017eaus P\u00dcR makia\u017eo paslaptis. Kaskart pasiekite nepriekai\u0161ting\u0105 veido spalv\u0105, lengvai ir tobulai tepdami skyst\u0105 makia\u017eo pagrind\u0105. \u0160epet\u0117lis yra specialiai sukurtas P\u00dcR skystiems makia\u017eo pagrindams ir jame derinami sintetiniai bei nat\u016bral\u016bs pluo\u0161tai, kad b\u016bt\u0173 pasiektas nepriekai\u0161tingas, lengvas rezultatas. Idealiai tinka skystam makia\u017eui tepti ir sluoksniuoti, bet taip pat tinka ir aki\u0173 \u0161e\u0161\u0117liams tepti.<\/p>","protected":false},"featured_media":4884,"template":"","meta":{"_acf_changed":false},"product_brand":[],"product_cat":[31,22,41,99],"product_tag":[],"class_list":{"0":"post-4864","1":"product","2":"type-product","3":"status-publish","4":"has-post-thumbnail","6":"product_cat-meigipohi","7":"product_cat-meik","8":"product_cat-pohi","9":"product_cat-tarvikud","11":"first","12":"instock","13":"shipping-taxable","14":"purchasable","15":"product-type-simple"},"acf":[],"jetpack_sharing_enabled":true,"_links":{"self":[{"href":"https:\/\/purbeauty.eu\/lt\/wp-json\/wp\/v2\/product\/4864","targetHints":{"allow":["GET"]}}],"collection":[{"href":"https:\/\/purbeauty.eu\/lt\/wp-json\/wp\/v2\/product"}],"about":[{"href":"https:\/\/purbeauty.eu\/lt\/wp-json\/wp\/v2\/types\/product"}],"wp:featuredmedia":[{"embeddable":true,"href":"https:\/\/purbeauty.eu\/lt\/wp-json\/wp\/v2\/media\/4884"}],"wp:attachment":[{"href":"https:\/\/purbeauty.eu\/lt\/wp-json\/wp\/v2\/media?parent=4864"}],"wp:term":[{"taxonomy":"product_brand","embeddable":true,"href":"https:\/\/purbeauty.eu\/lt\/wp-json\/wp\/v2\/product_brand?post=4864"},{"taxonomy":"product_cat","embeddable":true,"href":"https:\/\/purbeauty.eu\/lt\/wp-json\/wp\/v2\/product_cat?post=4864"},{"taxonomy":"product_tag","embeddable":true,"href":"https:\/\/purbeauty.eu\/lt\/wp-json\/wp\/v2\/product_tag?post=4864"}],"curies":[{"name":"wp","href":"https:\/\/api.w.org\/{rel}","templated":true}]}}