{"id":5091,"date":"2025-01-09T14:41:37","date_gmt":"2025-01-09T12:41:37","guid":{"rendered":"https:\/\/purbeauty.eu\/?post_type=product&#038;p=5091"},"modified":"2026-04-15T07:50:02","modified_gmt":"2026-04-15T04:50:02","slug":"on-point-eyeliner-pencil","status":"publish","type":"product","link":"https:\/\/purbeauty.eu\/lt\/produktas\/on-point-eyeliner-pencil\/","title":{"rendered":"Aki\u0173 pie\u0161tukas \u201eOn Point\u201c."},"content":{"rendered":"","protected":false},"excerpt":{"rendered":"<p class=\"p1\">\u0160iuo lengvai naudojamu geliniu aki\u0173 pie\u0161tuku, kuris skland\u017eiai slysta ir leid\u017eia sukurti tobul\u0105 aki\u0173 \u012fvaizd\u012f, nubr\u0117\u017ekite \u0161velni\u0105 linij\u0105. Kremin\u0117, od\u0105 dr\u0117kinanti formul\u0117 su od\u0105 mink\u0161tinan\u010diomis med\u017eiagomis u\u017etikrina lengvai pasiskirstan\u010di\u0105, ilgai i\u0161liekan\u010di\u0105 ir patogi\u0105 naudoti spalv\u0105. Priemon\u0117 taip pat turi \u012fmontuot\u0105 dro\u017etuk\u0105, kad kiekvien\u0105 kart\u0105 b\u016bt\u0173 galima tiksliai ir lengvai tepti!<\/p>","protected":false},"featured_media":5092,"template":"","meta":{"_acf_changed":false},"product_brand":[],"product_cat":[141,22,34,21],"product_tag":[],"class_list":{"0":"post-5091","1":"product","2":"type-product","3":"status-publish","4":"has-post-thumbnail","6":"product_cat-lainerid-kulmud","7":"product_cat-meik","8":"product_cat-silmad","9":"product_cat-uued","11":"first","12":"instock","13":"shipping-taxable","14":"purchasable","15":"product-type-variable"},"acf":[],"jetpack_sharing_enabled":true,"_links":{"self":[{"href":"https:\/\/purbeauty.eu\/lt\/wp-json\/wp\/v2\/product\/5091","targetHints":{"allow":["GET"]}}],"collection":[{"href":"https:\/\/purbeauty.eu\/lt\/wp-json\/wp\/v2\/product"}],"about":[{"href":"https:\/\/purbeauty.eu\/lt\/wp-json\/wp\/v2\/types\/product"}],"wp:featuredmedia":[{"embeddable":true,"href":"https:\/\/purbeauty.eu\/lt\/wp-json\/wp\/v2\/media\/5092"}],"wp:attachment":[{"href":"https:\/\/purbeauty.eu\/lt\/wp-json\/wp\/v2\/media?parent=5091"}],"wp:term":[{"taxonomy":"product_brand","embeddable":true,"href":"https:\/\/purbeauty.eu\/lt\/wp-json\/wp\/v2\/product_brand?post=5091"},{"taxonomy":"product_cat","embeddable":true,"href":"https:\/\/purbeauty.eu\/lt\/wp-json\/wp\/v2\/product_cat?post=5091"},{"taxonomy":"product_tag","embeddable":true,"href":"https:\/\/purbeauty.eu\/lt\/wp-json\/wp\/v2\/product_tag?post=5091"}],"curies":[{"name":"wp","href":"https:\/\/api.w.org\/{rel}","templated":true}]}}