{"id":5611,"date":"2025-05-15T12:42:40","date_gmt":"2025-05-15T09:42:40","guid":{"rendered":"https:\/\/purbeauty.eu\/?post_type=product&#038;p=5611"},"modified":"2026-04-15T06:20:02","modified_gmt":"2026-04-15T03:20:02","slug":"cloud-balm-peptide-infused-lip-treatment","status":"publish","type":"product","link":"https:\/\/purbeauty.eu\/lt\/produktas\/cloud-balm-peptide-infused-lip-treatment\/","title":{"rendered":"\u201eCloud Balm\u201c peptidais praturtintas l\u016bp\u0173 balzamas"},"content":{"rendered":"<p class=\"p1\">Palepinkite savo l\u016bpas \u0161iuo itin blizgan\u010diu, perlamutriniu l\u016bp\u0173 prie\u017ei\u016bros produktu, kuris vienu lengvu br\u016bk\u0161tel\u0117jimu sujungia odos prie\u017ei\u016br\u0105 ir makia\u017e\u0105. <span class=\"s1\"><b>\u201eCloud Balm\u201c dr\u0117kinamasis l\u016bp\u0173 balzamas su baku\u010dioliu ir taukmed\u017eio sviestu<\/b><\/span>\u0160i dr\u0117kinamoji, \u0161velni kaip debesis formul\u0117 sud\u0117tyje turi kruop\u0161\u010diai atrinkt\u0173 maitinam\u0173j\u0173 ingredient\u0173, kurie suteikia sausoms l\u016bpoms putlumo ir glotnumo, palieka jas mink\u0161tas ir pri\u017ei\u016br\u0117tas.<\/p>\n<p class=\"p2\"><b>0,5 uncijos | 15 ml<\/b><\/p>","protected":false},"excerpt":{"rendered":"<p class=\"p1\">Palepinkite savo l\u016bpas \u0161iuo itin blizgan\u010diu, perlamutriniu l\u016bp\u0173 prie\u017ei\u016bros produktu, kuris vienu lengvu br\u016bk\u0161tel\u0117jimu sujungia odos prie\u017ei\u016br\u0105 ir makia\u017e\u0105. <span class=\"s1\"><b>\u201eCloud Balm\u201c dr\u0117kinamasis l\u016bp\u0173 balzamas su baku\u010dioliu ir taukmed\u017eio sviestu<\/b><\/span>\u0160i dr\u0117kinamoji, \u0161velni kaip debesis formul\u0117 sud\u0117tyje turi kruop\u0161\u010diai atrinkt\u0173 maitinam\u0173j\u0173 ingredient\u0173, kurie suteikia sausoms l\u016bpoms putlumo ir glotnumo, palieka jas mink\u0161tas ir pri\u017ei\u016br\u0117tas.<\/p>\n<p class=\"p2\"><b>0,5 uncijos | 15 ml<\/b><\/p>","protected":false},"featured_media":5612,"template":"","meta":{"_acf_changed":false},"product_brand":[],"product_cat":[154,137,101,153,23,121,21],"product_tag":[],"class_list":{"0":"post-5611","1":"product","2":"type-product","3":"status-publish","4":"has-post-thumbnail","6":"product_cat-a-e","7":"product_cat-e-vitamiin","8":"product_cat-muugihitid","9":"product_cat-nagu-naohooldus","10":"product_cat-naohooldus","11":"product_cat-seerumid","12":"product_cat-uued","14":"first","15":"instock","16":"shipping-taxable","17":"purchasable","18":"product-type-simple"},"acf":[],"jetpack_sharing_enabled":true,"_links":{"self":[{"href":"https:\/\/purbeauty.eu\/lt\/wp-json\/wp\/v2\/product\/5611","targetHints":{"allow":["GET"]}}],"collection":[{"href":"https:\/\/purbeauty.eu\/lt\/wp-json\/wp\/v2\/product"}],"about":[{"href":"https:\/\/purbeauty.eu\/lt\/wp-json\/wp\/v2\/types\/product"}],"wp:featuredmedia":[{"embeddable":true,"href":"https:\/\/purbeauty.eu\/lt\/wp-json\/wp\/v2\/media\/5612"}],"wp:attachment":[{"href":"https:\/\/purbeauty.eu\/lt\/wp-json\/wp\/v2\/media?parent=5611"}],"wp:term":[{"taxonomy":"product_brand","embeddable":true,"href":"https:\/\/purbeauty.eu\/lt\/wp-json\/wp\/v2\/product_brand?post=5611"},{"taxonomy":"product_cat","embeddable":true,"href":"https:\/\/purbeauty.eu\/lt\/wp-json\/wp\/v2\/product_cat?post=5611"},{"taxonomy":"product_tag","embeddable":true,"href":"https:\/\/purbeauty.eu\/lt\/wp-json\/wp\/v2\/product_tag?post=5611"}],"curies":[{"name":"wp","href":"https:\/\/api.w.org\/{rel}","templated":true}]}}