{"id":5619,"date":"2025-05-15T13:07:08","date_gmt":"2025-05-15T10:07:08","guid":{"rendered":"https:\/\/purbeauty.eu\/?post_type=product&#038;p=5619"},"modified":"2026-04-15T06:35:03","modified_gmt":"2026-04-15T03:35:03","slug":"glossy-lip-tint-plumping-tinted-lip-oil","status":"publish","type":"product","link":"https:\/\/purbeauty.eu\/lt\/produktas\/glossy-lip-tint-plumping-tinted-lip-oil\/","title":{"rendered":"Blizgus l\u016bp\u0173 atspalvis putlinantis tonuotas l\u016bp\u0173 aliejus"},"content":{"rendered":"<p><b>Glossy Lip Tint &#8211; niisutav ja tooniv huule\u00f5li<\/b><\/p>\r\n<p><b>Nat\u016braliai atrodan\u010dios l\u016bpos keturiuose universaliuose atspalviuose<\/b><\/p>\r\n<p>Blizgus l\u016bp\u0173 atspalvis sujungia dr\u0117kinam\u0105sias l\u016bp\u0173 aliejaus savybes su lengvu l\u016bp\u0173 da\u017e\u0173 atspalviu. \u0160is lengvai tepamas l\u016bp\u0173 aliejus pagamintas i\u0161 gryn\u0173 ingredient\u0173. <b>maitina, dr\u0117kina ir pabr\u0117\u017eia nat\u016bral\u0173 gro\u017e\u012f<\/b>, palikdamos l\u016bpas spindin\u010dias ir pri\u017ei\u016br\u0117tas.<\/p>\r\n<p><b>Kaip naudoti:<\/b><\/p>\r\n<p>Tepkite tiesiai ant l\u016bp\u0173, kad suteiktum\u0117te lengv\u0105 atspalv\u012f ir dr\u0117kinim\u0105. Naudokite vien\u0105, kad suteiktum\u0117te nat\u016bral\u0173 blizges\u012f, arba u\u017etepkite ant m\u0117gstam\u0173 l\u016bp\u0173 da\u017e\u0173 ar l\u016bp\u0173 pie\u0161tuko, kad suteiktum\u0117te daugiau sodrumo ir blizgesio.<\/p>\r\n<p><b>NETO T\u016aRIS: 9,5 ml<\/b><\/p>\r\n<hr \/>\r\n<p><b>Paprastas b\u016bdas atnaujinti kasdien\u012f makia\u017e\u0105 ir padaryti l\u016bpas \u0161velnias.<\/b><\/p>\r\n<p><b>I\u0161sirinkite m\u0117gstamiausi\u0105 atspalv\u012f ir \u012fd\u0117kite \u012f krep\u0161el\u012f.<\/b><\/p>","protected":false},"excerpt":{"rendered":"<p><b>\u201eGlossy Lip Tint\u201c \u2013 dr\u0117kinamasis tonuotas l\u016bp\u0173 aliejus<\/b><\/p>\n<p class=\"p3\"><span class=\"s2\"><b>Blizgus l\u016bp\u0173 da\u017eiklis<\/b><\/span> yra dr\u0117kinamasis ir lengvas l\u016bp\u0173 aliejus, kuris apjungia makia\u017eo ir l\u016bp\u0173 prie\u017ei\u016bros savybes. Galima \u012fsigyti keturi\u0173 universaliai deran\u010di\u0173 atspalvi\u0173, l\u016bp\u0173 aliejus pary\u0161kina nat\u016bral\u0173 l\u016bp\u0173 atspalv\u012f ir suteikia blizgesio, spindesio.<\/p>\n<ul>\n<li>\n<p class=\"p1\">Dr\u0117kina ir mink\u0161tina sausas l\u016bpas<\/p>\n<\/li>\n<li>\n<p class=\"p1\">Suteikia \u0161viesi\u0105, lengvai pastatom\u0105 spalv\u0105<\/p>\n<\/li>\n<li>\n<p class=\"p1\">Tinka kasdieniam naudojimui<\/p>\n<\/li>\n<li>\n<p class=\"p1\">Sud\u0117tyje yra odos prie\u017ei\u016bros ingredient\u0173, toki\u0173 kaip taukmed\u017eio sviestas, saul\u0117gr\u0105\u017e\u0173 s\u0117kl\u0173 va\u0161kas ir hialurono r\u016bg\u0161tis<\/p>\n<\/li>\n<li>\n<p class=\"p1\">Sud\u0117tyje n\u0117ra silikon\u0173 ar sintetini\u0173 kvapikli\u0173<\/p>\n<\/li>\n<\/ul>\n<p>&nbsp;<\/p>\n<p class=\"p3\"><span class=\"s2\"><b>Naudojimas:<\/b><\/span> Tepkite ant l\u016bp\u0173 vis\u0105 dien\u0105 pagal pageidavim\u0105. Taip pat galima naudoti kaip \u0161viesiai atspalvio l\u016bp\u0173 balzam\u0105.<\/p>\n<p class=\"p3\"><span class=\"s2\"><b>T\u016bris:<\/b><\/span> 9,5 ml \/ 0,32 uncijos<\/p>\n<hr \/>\n<p class=\"p3\" style=\"text-align: left;\"><b>Paprastas b\u016bdas atnaujinti kasdien\u012f makia\u017e\u0105 ir padaryti l\u016bpas \u0161velnias.<\/b><b><\/b><\/p>\n<p class=\"p3\" style=\"text-align: left;\"><b>I\u0161sirinkite m\u0117gstamiausi\u0105 atspalv\u012f ir \u012fd\u0117kite \u012f krep\u0161el\u012f.<\/b><\/p>","protected":false},"featured_media":5621,"template":"","meta":{"_acf_changed":false},"product_brand":[],"product_cat":[118,22,101,41,21],"product_tag":[],"class_list":{"0":"post-5619","1":"product","2":"type-product","3":"status-publish","4":"has-post-thumbnail","6":"product_cat-huuled","7":"product_cat-meik","8":"product_cat-muugihitid","9":"product_cat-pohi","10":"product_cat-uued","12":"first","13":"instock","14":"shipping-taxable","15":"purchasable","16":"product-type-variable"},"acf":[],"jetpack_sharing_enabled":true,"_links":{"self":[{"href":"https:\/\/purbeauty.eu\/lt\/wp-json\/wp\/v2\/product\/5619","targetHints":{"allow":["GET"]}}],"collection":[{"href":"https:\/\/purbeauty.eu\/lt\/wp-json\/wp\/v2\/product"}],"about":[{"href":"https:\/\/purbeauty.eu\/lt\/wp-json\/wp\/v2\/types\/product"}],"wp:featuredmedia":[{"embeddable":true,"href":"https:\/\/purbeauty.eu\/lt\/wp-json\/wp\/v2\/media\/5621"}],"wp:attachment":[{"href":"https:\/\/purbeauty.eu\/lt\/wp-json\/wp\/v2\/media?parent=5619"}],"wp:term":[{"taxonomy":"product_brand","embeddable":true,"href":"https:\/\/purbeauty.eu\/lt\/wp-json\/wp\/v2\/product_brand?post=5619"},{"taxonomy":"product_cat","embeddable":true,"href":"https:\/\/purbeauty.eu\/lt\/wp-json\/wp\/v2\/product_cat?post=5619"},{"taxonomy":"product_tag","embeddable":true,"href":"https:\/\/purbeauty.eu\/lt\/wp-json\/wp\/v2\/product_tag?post=5619"}],"curies":[{"name":"wp","href":"https:\/\/api.w.org\/{rel}","templated":true}]}}