{"id":6272,"date":"2025-10-29T10:44:43","date_gmt":"2025-10-29T08:44:43","guid":{"rendered":"https:\/\/purbeauty.eu\/?post_type=product&#038;p=6272"},"modified":"2026-04-15T06:35:03","modified_gmt":"2026-04-15T03:35:03","slug":"4-in-1-skin-tint-mineral-spf-50","status":"publish","type":"product","link":"https:\/\/purbeauty.eu\/lt\/produktas\/4-in-1-skin-tint-mineral-spf-50\/","title":{"rendered":"4 viename mineralinis odos atspalvis SPF 50"},"content":{"rendered":"","protected":false},"excerpt":{"rendered":"<p class=\"p1\">4 viename mineralinis apsauginis kremas nuo saul\u0117s su SPF 50 \u2013 tai kasdienis universalus serumas, u\u017etikrinantis gryn\u0105 SPF 50+ apsaug\u0105, odos prie\u017ei\u016bros ingredientus ir maskuojam\u0105j\u012f sluoksn\u012f, kad oda b\u016bt\u0173 nat\u016braliai gra\u017ei.<\/p>\n<p><strong>Mineralinis apsauginis kremas nuo saul\u0117s 4 viename \u2013 odos atspalvis su mineraliniu SPF 50<br \/>\n<\/strong><br \/>\nSud\u0117tyje yra nat\u016brali\u0173 mineral\u0173, toki\u0173 kaip cinko oksidas ir titano dioksidas.<br \/>\nVeikia atspind\u0117damas ir i\u0161sklaidydamas UV spindulius nuo odos pavir\u0161iaus \u2013 tarsi nematomas apsauginis skydas.<br \/>\nVeikia i\u0161 karto po u\u017etepimo ant odos.<br \/>\nIdealiai tinka jautriai, sudirgintai ar probleminei odai.<br \/>\nJis ne\u012fsigeria \u012f organizm\u0105, bet lieka ant odos pavir\u0161iaus.<br \/>\n100% mineralin\u0117 sud\u0117tis rei\u0161kia, kad jis yra grynas ir draugi\u0161kas odai \u2013 tinkamas net vaikams ir n\u0117\u0161\u010dioms moterims.<br \/>\nNanocinko oksidas yra modernus mineralinis filtras su itin smulkiomis dalel\u0117mis \u2013 d\u0117l to kremas nepalieka balto sluoksnio, bet u\u017etikrina labai auk\u0161t\u0105 UVA ir UVB apsaug\u0105.<\/p>\n<p>&nbsp;<\/p>","protected":false},"featured_media":6292,"template":"","meta":{"_acf_changed":false},"product_brand":[],"product_cat":[20,154,147,126,152,155,127,146,102,150,142,31,22,101,321,28,132,151,144,148,41,29,149,145,21],"product_tag":[],"class_list":{"0":"post-6272","1":"product","2":"type-product","3":"status-publish","4":"has-post-thumbnail","6":"product_cat-4in1","7":"product_cat-a-e","8":"product_cat-akne-plekid","9":"product_cat-ceretini-kompleks","10":"product_cat-ebauhtlane-nahatoon","11":"product_cat-f-z","12":"product_cat-kapseldatud-retinool","13":"product_cat-kombineeritud","14":"product_cat-koostise-jargi","15":"product_cat-kortsud","16":"product_cat-kuiv","17":"product_cat-meigipohi","18":"product_cat-meik","19":"product_cat-muugihitid","20":"product_cat-nahatuubid","21":"product_cat-naotuup","22":"product_cat-niatsiinamiid","23":"product_cat-niisutus","24":"product_cat-normaalne","25":"product_cat-paikesekaitse","26":"product_cat-pohi","27":"product_cat-probleem","28":"product_cat-punetus","29":"product_cat-tundlik","30":"product_cat-uued","32":"first","33":"instock","34":"shipping-taxable","35":"purchasable","36":"product-type-variable"},"acf":[],"jetpack_sharing_enabled":true,"_links":{"self":[{"href":"https:\/\/purbeauty.eu\/lt\/wp-json\/wp\/v2\/product\/6272","targetHints":{"allow":["GET"]}}],"collection":[{"href":"https:\/\/purbeauty.eu\/lt\/wp-json\/wp\/v2\/product"}],"about":[{"href":"https:\/\/purbeauty.eu\/lt\/wp-json\/wp\/v2\/types\/product"}],"wp:featuredmedia":[{"embeddable":true,"href":"https:\/\/purbeauty.eu\/lt\/wp-json\/wp\/v2\/media\/6292"}],"wp:attachment":[{"href":"https:\/\/purbeauty.eu\/lt\/wp-json\/wp\/v2\/media?parent=6272"}],"wp:term":[{"taxonomy":"product_brand","embeddable":true,"href":"https:\/\/purbeauty.eu\/lt\/wp-json\/wp\/v2\/product_brand?post=6272"},{"taxonomy":"product_cat","embeddable":true,"href":"https:\/\/purbeauty.eu\/lt\/wp-json\/wp\/v2\/product_cat?post=6272"},{"taxonomy":"product_tag","embeddable":true,"href":"https:\/\/purbeauty.eu\/lt\/wp-json\/wp\/v2\/product_tag?post=6272"}],"curies":[{"name":"wp","href":"https:\/\/api.w.org\/{rel}","templated":true}]}}