{"id":6949,"date":"2026-03-10T17:34:47","date_gmt":"2026-03-10T15:34:47","guid":{"rendered":"https:\/\/purbeauty.eu\/?post_type=product&#038;p=6949"},"modified":"2026-04-15T07:50:02","modified_gmt":"2026-04-15T04:50:02","slug":"2-in-1-foundation-finishing-brush-cream-to-powder-face-brush","status":"publish","type":"product","link":"https:\/\/purbeauty.eu\/lt\/produktas\/2-in-1-foundation-finishing-brush-cream-to-powder-face-brush\/","title":{"rendered":"2 IN 1 \u0160EPET\u0116LIS MAKIA\u017dO PAGRINDUI IR APDAILAI \u0160EPET\u0116LIS VEIDO \u0160EPET\u0116LIS, KREMINIS PUDROS PAVIR\u0160IUS"},"content":{"rendered":"","protected":false},"excerpt":{"rendered":"<p class=\"p1\"><b>Vienas \u0161epet\u0117lis, kuris atlieka visk\u0105 \u2013 nuo makia\u017eo pagrindo iki pudros.<\/b><b><\/b><\/p>\n<p class=\"p2\">Tankesn\u0119 pus\u0119 naudokite kreminiams ir skystiems produktams, o mink\u0161tesn\u0119 \u2013 pudrai, kad pasiektum\u0117te tolyg\u0173, nepriekai\u0161ting\u0105, aerografu nuda\u017eyt\u0105 rezultat\u0105.<\/p>\n<p class=\"p1\">\u2022 Tepa ir i\u0161sklaido tiek kreminius, tiek pudros produktus<\/p>\n<p class=\"p1\">\u2022 Sukuria tolyg\u0173, nepriekai\u0161ting\u0105, aerografu da\u017eyt\u0105 rezultat\u0105<\/p>\n<p class=\"p1\">\u2022 Leid\u017eia lengvai u\u017etepti vis\u0105 veido makia\u017e\u0105 vienu \u0161epet\u0117liu<\/p>\n<p class=\"p1\">\u2022 U\u017etikrina tiksl\u0173 ir tolyg\u0173 u\u017etepim\u0105<\/p>\n<p class=\"p1\">\u2022 Leid\u017eia patogiai atlikti greitus pataisymus kelyje<\/p>","protected":false},"featured_media":6953,"template":"","meta":{"_acf_changed":false},"product_brand":[],"product_cat":[22,99,21],"product_tag":[],"class_list":{"0":"post-6949","1":"product","2":"type-product","3":"status-publish","4":"has-post-thumbnail","6":"product_cat-meik","7":"product_cat-tarvikud","8":"product_cat-uued","10":"first","11":"instock","12":"shipping-taxable","13":"purchasable","14":"product-type-simple"},"acf":[],"jetpack_sharing_enabled":true,"_links":{"self":[{"href":"https:\/\/purbeauty.eu\/lt\/wp-json\/wp\/v2\/product\/6949","targetHints":{"allow":["GET"]}}],"collection":[{"href":"https:\/\/purbeauty.eu\/lt\/wp-json\/wp\/v2\/product"}],"about":[{"href":"https:\/\/purbeauty.eu\/lt\/wp-json\/wp\/v2\/types\/product"}],"wp:featuredmedia":[{"embeddable":true,"href":"https:\/\/purbeauty.eu\/lt\/wp-json\/wp\/v2\/media\/6953"}],"wp:attachment":[{"href":"https:\/\/purbeauty.eu\/lt\/wp-json\/wp\/v2\/media?parent=6949"}],"wp:term":[{"taxonomy":"product_brand","embeddable":true,"href":"https:\/\/purbeauty.eu\/lt\/wp-json\/wp\/v2\/product_brand?post=6949"},{"taxonomy":"product_cat","embeddable":true,"href":"https:\/\/purbeauty.eu\/lt\/wp-json\/wp\/v2\/product_cat?post=6949"},{"taxonomy":"product_tag","embeddable":true,"href":"https:\/\/purbeauty.eu\/lt\/wp-json\/wp\/v2\/product_tag?post=6949"}],"curies":[{"name":"wp","href":"https:\/\/api.w.org\/{rel}","templated":true}]}}