{"id":73,"date":"2022-02-07T11:29:53","date_gmt":"2022-02-07T11:29:53","guid":{"rendered":"https:\/\/p\u00fcr.ee\/?post_type=product&#038;p=73"},"modified":"2026-04-15T06:45:02","modified_gmt":"2026-04-15T03:45:02","slug":"4-in-1-pressed-mineral-mapeup-powder-spf15","status":"publish","type":"product","link":"https:\/\/purbeauty.eu\/lt\/produktas\/4-in-1-pressed-mineral-mapeup-powder-spf15\/","title":{"rendered":"\u201e4-in-1\u201c presuota mineralin\u0117 makia\u017eo pudra SPF15"},"content":{"rendered":"","protected":false},"excerpt":{"rendered":"<p><b>Makia\u017eas, kuris r\u016bpinasi j\u016bs\u0173 oda<\/b><\/p>\n<p class=\"p3\">Atraskite 4 viename presuot\u0105 mineralin\u012f makia\u017eo pagrind\u0105 su SPF 15 \u2013 universali\u0105 ir odai draugi\u0161k\u0105 formul\u0119, kurioje viename patogiame kompakti\u0161kame rinkinyje yra makia\u017eo pagrindas, maskuoklis, pudra ir apsaugos nuo saul\u0117s priemon\u0117.<\/p>\n<p class=\"p3\">\u0160i lengva, ta\u010diau visi\u0161kai padengianti mineralin\u0117 pudra padeda pasiekti nat\u016braliai nepriekai\u0161ting\u0105 veido spalv\u0105, o odos prie\u017ei\u016bros ingredientai veikia net ir nuvalius makia\u017e\u0105.<\/p>\n<p class=\"p3\">","protected":false},"featured_media":4702,"template":"","meta":{"_acf_changed":false},"product_brand":[],"product_cat":[20,154,147,126,137,152,155,127,146,102,150,142,31,22,101,28,151,144,143,148,41,29,149,145,138],"product_tag":[],"class_list":{"0":"post-73","1":"product","2":"type-product","3":"status-publish","4":"has-post-thumbnail","6":"product_cat-4in1","7":"product_cat-a-e","8":"product_cat-akne-plekid","9":"product_cat-ceretini-kompleks","10":"product_cat-e-vitamiin","11":"product_cat-ebauhtlane-nahatoon","12":"product_cat-f-z","13":"product_cat-kapseldatud-retinool","14":"product_cat-kombineeritud","15":"product_cat-koostise-jargi","16":"product_cat-kortsud","17":"product_cat-kuiv","18":"product_cat-meigipohi","19":"product_cat-meik","20":"product_cat-muugihitid","21":"product_cat-naotuup","22":"product_cat-niisutus","23":"product_cat-normaalne","24":"product_cat-oline","25":"product_cat-paikesekaitse","26":"product_cat-pohi","27":"product_cat-probleem","28":"product_cat-punetus","29":"product_cat-tundlik","30":"product_cat-waltheria","32":"first","33":"instock","34":"shipping-taxable","35":"purchasable","36":"product-type-variable"},"acf":[],"jetpack_sharing_enabled":true,"_links":{"self":[{"href":"https:\/\/purbeauty.eu\/lt\/wp-json\/wp\/v2\/product\/73","targetHints":{"allow":["GET"]}}],"collection":[{"href":"https:\/\/purbeauty.eu\/lt\/wp-json\/wp\/v2\/product"}],"about":[{"href":"https:\/\/purbeauty.eu\/lt\/wp-json\/wp\/v2\/types\/product"}],"wp:featuredmedia":[{"embeddable":true,"href":"https:\/\/purbeauty.eu\/lt\/wp-json\/wp\/v2\/media\/4702"}],"wp:attachment":[{"href":"https:\/\/purbeauty.eu\/lt\/wp-json\/wp\/v2\/media?parent=73"}],"wp:term":[{"taxonomy":"product_brand","embeddable":true,"href":"https:\/\/purbeauty.eu\/lt\/wp-json\/wp\/v2\/product_brand?post=73"},{"taxonomy":"product_cat","embeddable":true,"href":"https:\/\/purbeauty.eu\/lt\/wp-json\/wp\/v2\/product_cat?post=73"},{"taxonomy":"product_tag","embeddable":true,"href":"https:\/\/purbeauty.eu\/lt\/wp-json\/wp\/v2\/product_tag?post=73"}],"curies":[{"name":"wp","href":"https:\/\/api.w.org\/{rel}","templated":true}]}}