{"id":22,"date":"2022-05-04T08:40:22","date_gmt":"2022-05-04T08:40:22","guid":{"rendered":"https:\/\/p\u00fcr.ee\/?page_id=22"},"modified":"2025-10-04T17:27:39","modified_gmt":"2025-10-04T14:27:39","slug":"mineraal-kosmeetika","status":"publish","type":"page","link":"https:\/\/purbeauty.eu\/lv\/mineraal-kosmeetika\/","title":{"rendered":"P\u0101rdo\u0161anas noteikumi"},"content":{"rendered":"<h3>\n\t\t\t\tP\u0101rdo\u0161anas noteikumi\n\t\t\t<\/h3>\n\t<p>&nbsp;<\/p>\n<strong>1. P\u0101rdo\u0161anas nosac\u012bjumu sp\u0113k\u0101 esam\u012bba<\/strong>\n<p>1.1 P\u0101rdo\u0161anas noteikumi ir sp\u0113k\u0101 starp P\u00dcR klientiem (turpm\u0101k \u2013 Klients) un P\u00dcR Cosmetics O\u00dc, re\u0123istr\u0101cijas kods 16421821, adrese Jaama 76, Tartu, 50605, Igaunija (turpm\u0101k P\u00dcR) attiec\u012bb\u0101 uz ties\u012bb\u0101m un pien\u0101kumiem, kas izriet no pre\u010du ieg\u0101des.<\/p>\n<p>1.2 Papildus \u0161iem noteikumiem un nosac\u012bjumiem tiesisk\u0101s attiec\u012bbas, kas izriet no P\u00dcR produktu ieg\u0101des, regul\u0113 Igaunijas Republik\u0101 sp\u0113k\u0101 eso\u0161ie ties\u012bbu akti.<\/p>\n<p>1.3 P\u00dcR patur ties\u012bbas veikt izmai\u0146as p\u0101rdo\u0161anas nosac\u012bjumos un p\u0101rdo\u0161anas cen\u0101s. Min\u0113t\u0101s izmai\u0146as tiks atspogu\u013cotas pyr.ee m\u0101jaslap\u0101.<\/p>\n<p>&nbsp;<\/p>\n<p><strong>2. Cenas<\/strong><\/p>\n<p>&nbsp;<\/p>\n<p>2.1 Visas cenas P\u00dcR t\u012bmek\u013ca vietn\u0113 ir bez PVN.<\/p>\n<p>2.2. Par\u0101d\u012btie atlaides procenti ir noapa\u013coti l\u012bdz veseliem skait\u013ciem.<\/p>\n<p>&nbsp;<\/p>\n<p><strong>3. Pas\u016bt\u012bjuma noform\u0113\u0161ana<\/strong><\/p>\n<p>&nbsp;<\/p>\n<p>3.1 Lai pas\u016bt\u012btu preces, atrodiet piem\u0113rotas preces un pievienojiet t\u0101s iepirkumu grozam. Iepirkumu groza saturu varat apskat\u012bt, noklik\u0161\u0137inot uz iepirkumu groza ikonas t\u012bmek\u013ca lapas galven\u0113 vai k\u0101jen\u0113.<\/p>\n<p>3.2 Ir iesp\u0113jams main\u012bt pre\u010du daudzumus iepirkumu groz\u0101, daudzuma lauk\u0101 ierakstot v\u0113lamo pre\u010du skaitu. J\u016bs varat iz\u0146emt preces no iepirkumu groza, noklik\u0161\u0137inot uz krusti\u0146a taj\u0101 pa\u0161\u0101 rind\u0101.<\/p>\n<p>3.3 Pirms pas\u016bt\u012bjuma aizpild\u012b\u0161anas, l\u016bdzu, izv\u0113lieties piem\u0113rotu pieg\u0101des veidu pakas pieg\u0101dei.<\/p>\n<p>3.4 Lai veiktu pas\u016bt\u012bjumu, nospiediet pogu &quot;noform\u0113t pas\u016bt\u012bjumu&quot;. Ja j\u016bs jau esat re\u0123istr\u0113ts P\u00dcR lietot\u0101js, l\u016bdzu, piesakieties sav\u0101 kont\u0101. Ja pas\u016bt\u0101t preces pirmo reizi, nospiediet &quot;re\u0123istr\u0113ties&quot; un ievadiet savu kontaktinform\u0101ciju.<\/p>\n<p>3.5 Nospiediet pogu &quot;Pas\u016bt\u012bt un apmaks\u0101t&quot;, lai apstiprin\u0101tu pas\u016bt\u012bjumu. P\u0113c tam jums tiks izsniegts avansa r\u0113\u0137ins, kuru var\u0113siet apmaks\u0101t uzreiz ar kred\u012btkarti, bankas saiti vai bankas p\u0101rskait\u012bjumu. Uz J\u016bsu e-pasta adresi tiks nos\u016bt\u012bts pas\u016bt\u012bjuma apstiprin\u0101jums un r\u0113\u0137ina kopija. Pas\u016bt\u012bjumu v\u0113sturi un r\u0113\u0137inus var p\u0101rvald\u012bt zem ikonas &quot;konts&quot;.<\/p>\n<p>3.6 M\u0113s izliksim preces p\u0113c r\u0113\u0137ina apmaksas.<\/p>\n<p>&nbsp;<\/p>\n<p><strong>4. P\u0101rdo\u0161anas l\u012bguma sp\u0113k\u0101 st\u0101\u0161an\u0101s<\/strong><\/p>\n<p>&nbsp;<\/p>\n<p>4.1 Klients uz\u0146emas saist\u012bbas ar pas\u016bt\u012bjumu un t\u0101 apmaksu p\u0113c pogas &quot;pas\u016bt\u012bt un apmaks\u0101t&quot; nospie\u0161anas.<\/p>\n<p>4.2 P\u0101rdo\u0161anas l\u012bgums st\u0101jas sp\u0113k\u0101 no br\u012b\u017ea, kad pas\u016bt\u012bjuma kop\u0113j\u0101 summa ir sa\u0146emta P\u00dcR Cosmetics O\u00dc nor\u0113\u0137inu kont\u0101.<\/p>\n<p>4.3. Klientam ir ties\u012bbas 14 dienu laik\u0101 no pre\u010du sa\u0146em\u0161anas vai pas\u016bt\u012bjuma noform\u0113\u0161anas, ja prece v\u0113l nav non\u0101kusi pie klienta, pazi\u0146ot P\u00dcR par v\u0113lmi atk\u0101pties no l\u012bguma un piepras\u012bt atdot visu samaks\u0101to summu. Ieg\u0101d\u0101t\u0101s preces nevar atgriezt, ja pas\u016bt\u012bt\u0101s preces tiek veiktas k\u0101 \u012bpa\u0161s pas\u016bt\u012bjums, \u0146emot v\u0113r\u0101 Klienta person\u012bg\u0101s vajadz\u012bbas. Atgriezt\u0101 prece nedr\u012bkst b\u016bt lietota un tai j\u0101b\u016bt ori\u0123in\u0101laj\u0101 iepakojum\u0101. Pre\u010du atgrie\u0161anas tie\u0161\u0101s izmaksas j\u0101sedz Klientam. Preces j\u0101atgrie\u017e 14 dienu laik\u0101 p\u0113c atteikuma piepras\u012bjuma iesnieg\u0161anas.<\/p>\n<p>&nbsp;<\/p>\n<p><strong>5. Pieg\u0101de<\/strong><\/p>\n<p>&nbsp;<\/p>\n<p>5.1. P\u0113c p\u0101rdo\u0161anas l\u012bguma st\u0101\u0161an\u0101s sp\u0113k\u0101 (pas\u016bt\u012bt\u0101ja r\u0113\u0137ina apmaksa) P\u00dcR pabeidz pas\u016bt\u012bjumu un nodod to P\u00dcR lo\u0123istikas partnerim(-iem) pieg\u0101dei.<\/p>\n<p>5.2. Ja izmantoj\u0101t iek\u0161zemes Omniva\/DPD\/Itella Smartpost pakom\u0101ta pakalpojumu, pas\u016bt\u012bjums tiks noform\u0113ts no Klienta izv\u0113l\u0113t\u0101 pakom\u0101ta Igaunijas robe\u017e\u0101s 1-3 darba dienu laik\u0101. Kad pas\u016bt\u012bjums non\u0101k pakom\u0101t\u0101, uz Klienta mobilo t\u0101lruni tiek nos\u016bt\u012bta zi\u0146a, kur\u0101 nor\u0101d\u012bta pakom\u0101ta atra\u0161an\u0101s vieta, darba laiks un personas durvju kods. Ievadot kodu pakom\u0101ta sk\u0101rienekr\u0101n\u0101, atveras pakom\u0101ta durvis un Klients sa\u0146em paku. S\u016bt\u012bjumi pakom\u0101t\u0101 bez maksas tiek glab\u0101ti 7 kalend\u0101r\u0101s dienas, s\u0101kot no zi\u0146as sa\u0146em\u0161anas Klienta mobilaj\u0101 t\u0101lrun\u012b. P\u0113c tam iepakojums tiek atgriezts P\u00dcR.<\/p>\n<p>5.3. Ja izmantoj\u0101t starptautisko Itella Smartpost pakom\u0101ta pakalpojumu (attiecas tikai uz Somijas klientiem), pas\u016bt\u012bjums tiks noform\u0113ts no Klienta Somij\u0101 izv\u0113l\u0113t\u0101 pakom\u0101ta 3-5 darba dienu laik\u0101. Kad pas\u016bt\u012bjums non\u0101k pakom\u0101t\u0101, uz Klienta mobilo t\u0101lruni tiek nos\u016bt\u012bta zi\u0146a, kur\u0101 nor\u0101d\u012bta pakom\u0101ta atra\u0161an\u0101s vieta, darba laiks un personas durvju kods. Ievadot kodu pakom\u0101ta sk\u0101rienekr\u0101n\u0101, atveras pakom\u0101ta durvis un Klients sa\u0146em paku. S\u016bt\u012bjumi SmartPOST pakom\u0101t\u0101 bez maksas tiek glab\u0101ti 7 kalend\u0101r\u0101s dienas no br\u012b\u017ea, kad zi\u0146a non\u0101k Klienta mobilaj\u0101 t\u0101lrun\u012b. P\u0113c tam iepakojums tiek atgriezts P\u00dcR.<\/p>\n<p>5.4. Ja izmantoj\u0101t starptautisko Itella Smartpost pasta pakalpojumu (attiecas tikai uz Somijas klientiem), pas\u016bt\u012bjums tiks noform\u0113ts no klienta izv\u0113l\u0113t\u0101s pasta noda\u013cas Somij\u0101 5-7 darba dienu laik\u0101. Kad paka b\u016bs sasniegusi galam\u0113r\u0137i, Klients sa\u0146ems pazi\u0146ojumu par pakas iera\u0161anos pastkast\u012bt\u0113. S\u016bt\u012bjums pasta noda\u013c\u0101 tiek glab\u0101ts 14 kalend\u0101r\u0101s dienas, no pakas non\u0101k\u0161anas pasta noda\u013c\u0101. P\u0113c tam iepakojums tiek atgriezts P\u00dcR.<\/p>\n<p>5.5. Transport\u0113\u0161anas laik\u0101 boj\u0101t\u0101s preces, bet ne preces iepakojums, Klientam tiks nomain\u012btas. Gad\u012bjum\u0101, ja preces nomai\u0146a izr\u0101d\u012bsies neiesp\u0113jama, Klientam tiks atl\u012bdzin\u0101ta preces izmaksas.<\/p>\n<p>5.6. P\u00dcR neatbild par pre\u010du pieg\u0101des aizkav\u0113\u0161anos, ja preces lo\u0123istikas partnerim ir nodotas laik\u0101, bet pieg\u0101des aizkav\u0113\u0161an\u0101s ir saist\u012bta ar apst\u0101k\u013ciem, kurus P\u00dcR nevar\u0113ja ietekm\u0113t vai paredz\u0113t.<\/p>\n<p>&nbsp;<\/p>\n<p><strong>6. Atteikuma ties\u012bbas<\/strong><\/p>\n<p>&nbsp;<\/p>\n<p>6.1 Prec\u0113m, kas ieg\u0101d\u0101tas P\u00dcR t\u012bmek\u013ca vietn\u0113, ir 14 dienu atteikuma ties\u012bbas no pre\u010du sa\u0146em\u0161anas br\u012b\u017ea. Ja e-veikal\u0101 pas\u016bt\u012bt\u0101 prece Klientam neder, vi\u0146\u0161 to var atgriezt e-veikal\u0101.<\/p>\n<p>6.2 Lai atgrieztu preci, j\u0101iesniedz pieteikums par atteik\u0161anos no preces pirkuma, kura veidlapa atrodama \u0161eit: atteikuma pieteikums vai j\u0101sazin\u0101s ar P\u00dcR klientu apkalpo\u0161anas dienestu, nos\u016btot e-pastu uz \u00a0<a tabindex=\"0\" href=\"mailto:info@p\u00fcr.ee\">info@p\u00fcr.ee<\/a>. P\u0113c atteikuma pazi\u0146ojuma sa\u0146em\u0161anas P\u00dcR nos\u016bta Klientam apstiprin\u0101jumu par atteikuma pazi\u0146ojuma sa\u0146em\u0161anu.<\/p>\n<p>6.3. Ieg\u0101d\u0101t\u0101 prece ir j\u0101atgrie\u017e nekav\u0113joties, bet ne v\u0113l\u0101k k\u0101 14 dienu laik\u0101 no preces atgrie\u0161anas pieteikuma iesnieg\u0161anas.<\/p>\n<p>6.4. Lai izmantotu atgrie\u0161anas ties\u012bbas, atgrie\u017eamajai precei ir j\u0101b\u016bt nelietotai un preces iepakojumam j\u0101b\u016bt neskartam un neboj\u0101tam.<\/p>\n<p>6.5.\u00a014\u00a0dienu atteikuma ties\u012bbas neattiecas uz prec\u0113m, ja:<\/p>\n<ol>\n<li>preci nevar atgriezt vesel\u012bbas aizsardz\u012bbas vai higi\u0113nas apsv\u0113rumu d\u0113\u013c (piem., kosm\u0113tika, kosm\u0113tika, smar\u017eas, higi\u0113nas preces, uztura bag\u0101tin\u0101t\u0101ji un p\u0101rtikas produkti, dz\u0113rieni, segas, spilveni u.c.) vai prece ir lietota vai atv\u0113rta, vai kuras izmanto\u0161ana (vai neizmanto\u0161anu) nevar kontrol\u0113t;<\/li>\n<li>pas\u016bt\u012bjuma saturs ir ziedi, ziedu kompoz\u012bcijas vai ziedu pu\u0161\u0137i saska\u0146\u0101 ar V\u00d5S \u00a7 53 (4) 4. lpp.;<\/li>\n<li>prece ir sajaukta vai kombin\u0113ta ar k\u0101du citu preci vai preci, lai t\u0101s vairs nevar\u0113tu atdal\u012bt vienu no otras;<\/li>\n<li>prece ir izmantota saimnieciskiem un profesion\u0101liem m\u0113r\u0137iem;<\/li>\n<li>k\u013c\u016bme radusies nepareizas ier\u012bces lieto\u0161anas d\u0113\u013c (instrukciju neiev\u0113ro\u0161ana);<\/li>\n<li>ier\u012bce ir lietota ar neatbilsto\u0161u spriegumu;<\/li>\n<li>precei ir meh\u0101niski boj\u0101jumi vai t\u0101 ir sal\u016bzusi (piem\u0113ram, kritiena d\u0113\u013c);<\/li>\n<li>tas ir parasta ier\u012bces nolietojuma un k\u013c\u016bdu gad\u012bjum\u0101, kas nepasliktina ier\u012bces v\u0113rt\u012bbu vai lieto\u0161anu;<\/li>\n<li>ier\u012bci ir remont\u0113jusi apkopes persona, kuru nav pilnvarojis import\u0113t\u0101js.<\/li>\n<\/ol>\n<p>6.6 Pre\u010du atgrie\u0161anas izmaksas sedz Klients, ja vien atgrie\u0161anas iemesls nav pas\u016bt\u012bjuma neatbilst\u012bba vai preces met\u0101ll\u016b\u017e\u0146i.<\/p>\n<p>6.7 Pre\u010du atgrie\u0161anas gad\u012bjum\u0101 par pirkumu samaks\u0101t\u0101 summa tiks atgriezta Klientam p\u0113c iesp\u0113jas \u0101tr\u0101k, bet ne v\u0113l\u0101k k\u0101 14 dienu laik\u0101 no atteikuma piepras\u012bjuma iesnieg\u0161anas. P\u00dcR var atteikties veikt naudas atmaksu, kam\u0113r prece, kas ir l\u012bguma priek\u0161mets, nav atgriezta vai l\u012bdz Klients ir iesniedzis pier\u0101d\u012bjumus, ka ir atgriezis preci, atkar\u012bb\u0101 no t\u0101, kas notiek agr\u0101k.<\/p>\n<p>6.8. P\u00dcR patur ties\u012bbas atteikties pie\u0146emt pas\u016bt\u012bjumu vai atteikties izpild\u012bt pas\u016bt\u012bjumu, piem\u0113ram, bet ne tikai gad\u012bjum\u0101, ja cenr\u0101dis tiek public\u0113ts k\u013c\u016bdas vai tehniskas k\u013c\u016bmes d\u0113\u013c.<\/p>\n<p>&nbsp;<\/p>\n<p><strong>7. Ieg\u0101d\u0101to pre\u010du\/produktu izmanto\u0161ana saimnieciskiem vai profesion\u0101liem m\u0113r\u0137iem (tostarp juridiska persona)<\/strong><\/p>\n<p>&nbsp;<\/p>\n<p>7.1 Ja ieg\u0101d\u0101t\u0101 prece ir izmantota saimniecisk\u0101s vai profesion\u0101l\u0101s darb\u012bbas nol\u016bk\u0101 vai pirc\u0113js ir bijusi juridiska persona, parast\u0101 pretenziju iesnieg\u0161anas k\u0101rt\u012bba netiek piem\u0113rota. Min\u0113tajos gad\u012bjumos pretenziju iesnieg\u0161anas laiks parasti ir 6 m\u0113ne\u0161i vai vair\u0101k, ja ra\u017eot\u0101js to ir at\u013c\u0101vis. \u0160aj\u0101 laika posm\u0101 prece tiks nomain\u012bta vai salabota ra\u017eot\u0101ja defektu gad\u012bjum\u0101.<\/p>\n<p>7.2 Produkti netiks aizst\u0101ti, ja:<\/p>\n<ol>\n<li>prece ir neder\u012bga lieto\u0161anai vesel\u012bbas aizsardz\u012bbas vai higi\u0113nas apsv\u0113rumu d\u0113\u013c, vai t\u0101 ir lietota vai atv\u0113rta (kosm\u0113tikas izstr\u0101d\u0101jumi u.c.);<\/li>\n<li>prece ir sajaukta vai kombin\u0113ta ar k\u0101du citu preci vai preci, lai t\u0101s vairs nevar\u0113tu atdal\u012bt vienu no otras;<\/li>\n<li>prece ir izmantota saimnieciskiem un profesion\u0101liem m\u0113r\u0137iem;<\/li>\n<li>darb\u012bbas trauc\u0113jumu c\u0113lonis ir nepareiza ier\u012bces lieto\u0161ana (instrukciju neiev\u0113ro\u0161ana);<\/li>\n<li>prece ir lietota ar neatbilsto\u0161u spriegumu;<\/li>\n<li>prece ir meh\u0101niski boj\u0101ta vai salauzta (piem\u0113ram, kritiena d\u0113\u013c);<\/li>\n<li>norm\u0101la produkta nolietojuma un k\u013c\u016bdu gad\u012bjum\u0101, kas nepasliktina ier\u012bces v\u0113rt\u012bbu vai lieto\u0161anu;<\/li>\n<li>preci salabojusi apkopes persona, kuru nav pilnvarojis import\u0113t\u0101js.<\/li>\n<\/ol>\n<p>&nbsp;<\/p>\n<p><strong>8. Atbild\u012bba<\/strong><\/p>\n<p>&nbsp;<\/p>\n<p>P\u00dcR un Klients ir atbild\u012bgi par zaud\u0113jumiem, kas nodar\u012bti otrai pusei, p\u0101rk\u0101pjot \u0161os noteikumus un nosac\u012bjumus Igaunijas Republik\u0101 sp\u0113k\u0101 eso\u0161ajos ties\u012bbu aktos noteiktajos gad\u012bjumos un apjom\u0101.<\/p>\n<p>&nbsp;<\/p>\n<p><strong>9. Force majeure<\/strong><\/p>\n<p>&nbsp;<\/p>\n<p>P\u00dcR nav atbild\u012bgs par nodar\u012bto kait\u0113jumu vai preces pieg\u0101des aizkav\u0113\u0161anos, ja boj\u0101jums vai preces pieg\u0101des aizkav\u0113\u0161an\u0101s ir radusies apst\u0101k\u013cu d\u0113\u013c, kurus P\u00dcR nevar\u0113ja ietekm\u0113t vai paredz\u0113t.<\/p>\n<p>&nbsp;<\/p>\n<p><strong>10. Personas datu aizsardz\u012bba un dro\u0161\u012bba<\/strong><\/p>\n<p>&nbsp;<\/p>\n<p>Inform\u0101cija un personas dati, kas sav\u0101kti P\u00dcR lapas apmekl\u0113jumu un pas\u016bt\u012bjumu veik\u0161anas laik\u0101, tiek uzskat\u012bti par konfidenci\u0101liem un netiks izpausti tre\u0161aj\u0101m person\u0101m. \u0160ifr\u0113ta datu sazi\u0146a ar bank\u0101m, nor\u0113\u0137inoties par pirkumiem, nodro\u0161ina Klienta person\u012bgo bankas akredit\u0101cijas datu dro\u0161\u012bbu.<\/p>\n<p>&nbsp;<\/p>\n<p><strong>11. Pretenziju iesnieg\u0161anas k\u0101rt\u012bba<\/strong><\/p>\n<p>&nbsp;<\/p>\n<p>11.1 P\u00dcR atbild par Klientam p\u0101rdot\u0101s preces neatbilst\u012bbu l\u012bguma nosac\u012bjumiem vai defektiem, kas par\u0101d\u0101s divu gadu laik\u0101 no preces nodo\u0161anas Klientam. Preces neatbilst\u012bbas vai defektu gad\u012bjum\u0101, l\u016bdzu, p\u0101rs\u016btiet pretenziju uz e-pasta adresi <a tabindex=\"0\" href=\"mailto:info@p\u00fcr.ee\">info@p\u00fcr.ee<\/a>.<\/p>\n<p>11.2. Pretenzij\u0101 j\u0101nor\u0101da:<\/p>\n<ol>\n<li>Klienta v\u0101rds un kontaktinform\u0101cija;<\/li>\n<li>S\u016bdz\u012bbas datums un pas\u016bt\u012bjuma\/r\u0113\u0137ina numurs;<\/li>\n<li>Pre\u010du tr\u016bkums;<\/li>\n<li>Pras\u012bba iesniegta P\u00dcR;<\/li>\n<li>S\u016bdz\u012bbai j\u0101atsaucas uz dar\u012bjuma vai galvojuma izpildi apliecino\u0161u dokumentu vai j\u0101pievieno t\u0101 kopija.<\/li>\n<\/ol>\n<p>11.3 Pretenzija par preces neatbilst\u012bbas vai defektu atkl\u0101\u0161anu j\u0101iesniedz divu m\u0113ne\u0161u laik\u0101 no preces neatbilst\u012bbas vai defekta atkl\u0101\u0161anas.<\/p>\n<p>11.4 Preces defekta gad\u012bjum\u0101 l\u016bdzam p\u0101rtraukt preces lieto\u0161anu.<\/p>\n<p>11.5. P\u00dcR atbild uz pretenziju ne v\u0113l\u0101k k\u0101 15 dienu laik\u0101 p\u0113c pretenzijas sa\u0146em\u0161anas no Klienta.<\/p>\n<p>11.6 P\u00dcR neatbild par preces defektu ra\u0161anos Klienta vainas d\u0113\u013c, par defektiem, kas radu\u0161ies preces nepareizas glab\u0101\u0161anas vai lieto\u0161anas rezult\u0101t\u0101. Defekti ietver preces defektus, bet ne preces iepakojuma defektus.<\/p>\n<p>11.7 Gad\u012bjum\u0101, ja prece neatbilst l\u012bguma nosac\u012bjumiem, tai ir defekti vai darb\u012bbas trauc\u0113jumi, Klientam ir ties\u012bbas piepras\u012bt preces remontu vai nomai\u0146u. Gad\u012bjum\u0101, ja preces remonts vai nomai\u0146a nav iesp\u0113jama, neizdodas vai sag\u0101d\u0101 Klientam nepamatotas ne\u0113rt\u012bbas, Klientam ir ties\u012bbas atk\u0101pties no l\u012bguma un piepras\u012bt naudas atmaksu.<\/p>\n<p>&nbsp;<\/p>\n<p><strong>12. Klienta personas datu apstr\u0101de<\/strong><\/p>\n<p>&nbsp;<\/p>\n<p>12.1. P\u00dcR apstr\u0101d\u0101 Klienta iesniegtos personas datus saska\u0146\u0101 ar Fizisko personu datu aizsardz\u012bbas likum\u0101 noteiktaj\u0101m pras\u012bb\u0101m. Detaliz\u0113t\u0101ku inform\u0101ciju par personas datu apstr\u0101des procesu var atrast \u0161aj\u0101 lap\u0101.<\/p>\n<p>12.2. Apstr\u0101d\u0101tie personas dati ir dati, kas Klientam tiek piepras\u012bti, pievienojoties lojalit\u0101tes programmai, re\u0123istr\u0113jot e-veikala kontu un\/vai veicot pas\u016bt\u012bjumu (v\u0101rds un uzv\u0101rds, adrese, t\u0101lru\u0146a numurs, e-pasta adrese, nor\u0113\u0137inu konta numurs, iep\u0113rkoties groza saturu un pirkumu v\u0113sturi).<\/p>\n<p>12.3. P\u00dcR apstr\u0101d\u0101 Klienta personas datus pas\u016bt\u012bjuma izpildei (tai skait\u0101 ar pas\u016bt\u012bjumu saist\u012bto pazi\u0146ojumu pieg\u0101dei), pre\u010du apmaksai, pre\u010du pieg\u0101dei, pied\u0101v\u0101jumu un jaunumu sagatavo\u0161anai un pieg\u0101dei.<\/p>\n<p>12.4. E-veikals www.p\u00fcr.ee Klienta personas datu p\u0101rzinis ir P\u00dcR Cosmetics O\u00dc, ar re\u0123istr\u0101cijas kodu 16421821, adrese Jaama 76, Tartu, 50605 Igaunijas Republika, t\u0101lrunis +372 5398 1101, e-pasts\u00a0<a href=\"mailto: info@p\u00fcr.ee\">info@p\u00fcr.ee<\/a><\/p>\n<p>12.5. P\u00dcR nenodod Klienta personas datus tre\u0161aj\u0101m person\u0101m, iz\u0146emot:<\/p>\n<p>12.5.1. uz\u0146\u0113mumam, kas sniedz kurjera pakalpojumu, cikt\u0101l tas nepiecie\u0161ams pre\u010du pieg\u0101dei Klientam vai pakalpojuma pat\u0113ri\u0146am;<\/p>\n<p>12.5.2. pas\u016bt\u012bjum\u0101 iek\u013cauto pre\u010du pieg\u0101d\u0101t\u0101jiem (klienta v\u0101rds un t\u0101lru\u0146a numurs), lai izpild\u012btu pas\u016bt\u012bjumu un nodro\u0161in\u0101tu klientu apkalpo\u0161anu.<\/p>\n<p>12.5.3. 12.5.1. un 12.5.2.punkt\u0101 paredz\u0113tajos gad\u012bjumos Klienta personas dati tiek apstr\u0101d\u0101ti tikai pas\u016bt\u012bjuma izpildes nol\u016bk\u0101, un pilnvarotie apstr\u0101d\u0101t\u0101ji nodro\u0161ina t\u0101du pa\u0161u personas datu aizsardz\u012bbas l\u012bmeni k\u0101 P\u00dcR.<\/p>\n<p>12.6. Klientam ir ties\u012bbas jebkur\u0101 laik\u0101 iepaz\u012bties ar saviem personas datiem un piepras\u012bt, lai \u0161ie dati tiktu main\u012bti vai dz\u0113sti, ja vien likum\u0101 nav noteikts cit\u0101di, sazinoties ar P\u00dcR pa e-pastu <a href=\"mailto:info@p\u00fcr.ee\">info@p\u00fcr.ee<\/a>.<\/p>\n<p>12.7. Ja Klients ir izteicis v\u0113lmi un piekritis sa\u0146emt P\u00dcR sagatavotos jaunumus un\/vai person\u012bgos pied\u0101v\u0101jumus, Klientam vienm\u0113r ir ties\u012bbas atsaukt \u0161o piekri\u0161anu, nos\u016btot attiec\u012bgu pazi\u0146ojumu uz P\u00dcR e-pasta adresi. <a href=\"mailto:info@p\u00fcr.ee\">info@p\u00fcr.ee<\/a>\u00a0vai spie\u017eot uz saites, kas nor\u0101d\u012bta pie katra e-past\u0101 vai SMS nos\u016bt\u012bt\u0101 pied\u0101v\u0101juma.<\/p>\n<p>12.8. Klientam ir ties\u012bbas jebkur\u0101 laik\u0101 pieteikt savu personas datu nodo\u0161anu citam datu apstr\u0101d\u0101t\u0101jam, sazinoties ar P\u00dcR ar digit\u0101li parakst\u012btu piepras\u012bjumu uz e-pasta adresi <a tabindex=\"0\" href=\"mailto:info@p\u00fcr.ee\">info@p\u00fcr.ee<\/a>. P\u00dcR ir ties\u012bbas atteikt tie\u0161u personas datu nos\u016bt\u012b\u0161anu citam datu apstr\u0101d\u0101t\u0101jam gad\u012bjum\u0101, ja datu nos\u016bt\u012b\u0161ana tre\u0161ajai personai p\u0113c P\u00dcR dom\u0101m nav dro\u0161a.<\/p>\n<p>12.9. Gad\u012bjum\u0101, ja Klients konstat\u0113, ka personas datu apstr\u0101de lojalit\u0101tes programmas ietvaros vai e-veikala iepirk\u0161an\u0101s vid\u0113 p\u0101rk\u0101pj vi\u0146a ties\u012bbas, Klientam ir ties\u012bbas v\u0113rsties Datu aizsardz\u012bbas inspekcij\u0101 un ties\u0101.<\/p>\n<p>&nbsp;<\/p>\n<p><strong>13. Str\u012bdu iz\u0161\u0137ir\u0161anas k\u0101rt\u012bba<\/strong><\/p>\n<p>&nbsp;<\/p>\n<p>Ja Klientam ir pretenzijas par P\u00dcR, t\u0101s j\u0101nos\u016bta uz e-pasta adresi <a tabindex=\"0\" href=\"mailto:info@p\u00fcr.ee\">info@p\u00fcr.ee<\/a>. Ja Pas\u016bt\u012bt\u0101js un P\u00dcR nevar atrisin\u0101t str\u012bdu vienojoties, pirc\u0113js var v\u0113rsties Pat\u0113r\u0113t\u0101ju str\u012bdu komisij\u0101. \u0160eit var iepaz\u012bties ar procesu\u0101lajiem nosac\u012bjumiem un iesniegt pieteikumu. Pat\u0113r\u0113t\u0101ju str\u012bdu komisijas kompetenc\u0113 ir risin\u0101t str\u012bdus, kas izriet no l\u012bguma, kas nosl\u0113gts starp Klientu un P\u00dcr. Klienta s\u016bdz\u012bbas izskat\u012b\u0161ana komisij\u0101 ir bez maksas. Klients var v\u0113rsties Eiropas Savien\u012bbas pat\u0113r\u0113t\u0101ju str\u012bdu risin\u0101\u0161anas platform\u0101.<\/p>","protected":false},"excerpt":{"rendered":"<p>P\u0101rdo\u0161anas noteikumi 1. P\u0101rdo\u0161anas noteikumu sp\u0113k\u0101 esam\u012bba 1.1 P\u0101rdo\u0161anas noteikumi attiecas uz ties\u012bb\u0101m un pien\u0101kumiem, kas izriet no pre\u010du ieg\u0101des starp P\u00dcR klientiem (turpm\u0101k tekst\u0101 \u2014 Klients) un P\u00dcR Cosmetics O\u00dc, re\u0123istr\u0101cijas numurs 16421821, adrese Jaama 76, Tartu, 50605, Igaunija (turpm\u0101k tekst\u0101 \u2014 P\u00dcR). 1.2 Papildus \u0161iem noteikumiem un nosac\u012bjumiem tiesisk\u0101s attiec\u012bbas, kas izriet no P\u00dcR produktu ieg\u0101des, regul\u0113 Igaunijas Republik\u0101 sp\u0113k\u0101 eso\u0161ie ties\u012bbu akti. 1.3 P\u00dcR patur ties\u012bbas\u2026<\/p>","protected":false},"author":1,"featured_media":0,"parent":0,"menu_order":0,"comment_status":"closed","ping_status":"closed","template":"","meta":{"_acf_changed":false,"_monsterinsights_skip_tracking":false,"_monsterinsights_sitenote_active":false,"_monsterinsights_sitenote_note":"","_monsterinsights_sitenote_category":0,"_uf_show_specific_survey":0,"_uf_disable_surveys":false,"footnotes":""},"class_list":["post-22","page","type-page","status-publish","hentry"],"acf":[],"aioseo_notices":[],"jetpack_sharing_enabled":true,"_links":{"self":[{"href":"https:\/\/purbeauty.eu\/lv\/wp-json\/wp\/v2\/pages\/22","targetHints":{"allow":["GET"]}}],"collection":[{"href":"https:\/\/purbeauty.eu\/lv\/wp-json\/wp\/v2\/pages"}],"about":[{"href":"https:\/\/purbeauty.eu\/lv\/wp-json\/wp\/v2\/types\/page"}],"author":[{"embeddable":true,"href":"https:\/\/purbeauty.eu\/lv\/wp-json\/wp\/v2\/users\/1"}],"replies":[{"embeddable":true,"href":"https:\/\/purbeauty.eu\/lv\/wp-json\/wp\/v2\/comments?post=22"}],"version-history":[{"count":0,"href":"https:\/\/purbeauty.eu\/lv\/wp-json\/wp\/v2\/pages\/22\/revisions"}],"wp:attachment":[{"href":"https:\/\/purbeauty.eu\/lv\/wp-json\/wp\/v2\/media?parent=22"}],"curies":[{"name":"wp","href":"https:\/\/api.w.org\/{rel}","templated":true}]}}