{"id":2935,"date":"2023-02-17T16:21:02","date_gmt":"2023-02-17T14:21:02","guid":{"rendered":"https:\/\/purestonia.ee\/?page_id=2935"},"modified":"2023-12-10T19:06:04","modified_gmt":"2023-12-10T17:06:04","slug":"rohkeminfot","status":"publish","type":"page","link":"https:\/\/purbeauty.eu\/lv\/rohkeminfot\/","title":{"rendered":"S\u012bkdat\u0146u izmanto\u0161anas k\u0101rt\u012bba P\u00dcR e-veikal\u0101"},"content":{"rendered":"<h3>\n\t\t\t\tS\u012bkdat\u0146u izmanto\u0161anas k\u0101rt\u012bba P\u00dcR e-veikal\u0101\n\t\t\t<\/h3>\n\t\t\t\t\t\t<h5 tabindex=\"0\">Kas ir cepums?<\/h5>\n\t\t\t<p>Sarnaselt paljudele teistele kasutab ka P\u00dcR &#8221;k\u00fcpsisteks&#8221; kutsutavaid tekstifaile, mille eesm\u00e4rk on aidata meil lehte arendada ja tagada parim kasutajakogemus. K\u00fcpsis (cookie) on v\u00e4iksemahuline tekstifail, mille veebiserver saadab kasutaja veebilehitsejale, mis seej\u00e4rel salvestatakse kasutaja arvuti k\u00f5vakettale. K\u00fcpsised ise kasutaja seadmest informatsiooni ei loe ega levita seda ka internetiavarustes.<\/p>\n\t\t\t\t\t\t<h5 tabindex=\"0\">K\u0101dus s\u012bkfailus izmanto P\u00dcR?<\/h5>\n\t\t\t<p>Vietnes izmanto s\u012bkfailus, lai nodro\u0161in\u0101tu lietot\u0101jam personaliz\u0113tu lieto\u0161anas pieredzi un \u0113rt\u0101ku navig\u0101ciju lap\u0101s. \u0160\u012bs vietnes apmekl\u0113juma rezult\u0101t\u0101 j\u016bsu p\u0101rl\u016bkprogramma var saglab\u0101t s\u012bkfailus \u0161\u0101d\u0101s kategorij\u0101s:<\/p>\n\t\t\t\t\t\t<h5 tabindex=\"0\">S\u012bkdatnes, kas nepiecie\u0161amas t\u012bmek\u013ca vietnes galveno m\u0113r\u0137u sasnieg\u0161anai<\/h5>\n\t\t\t<p>\u0160\u012bs s\u012bkdatnes ir b\u016btiskas, lai nodro\u0161in\u0101tu, ka lietot\u0101jam ir piek\u013cuve \u0161aj\u0101 vietn\u0113 pied\u0101v\u0101tajiem uz klientu orient\u0113tajiem pakalpojumiem un lai izmantotu da\u017eas funkcijas, piem\u0113ram, piek\u013cuvi dro\u0161\u0101m zon\u0101m. Bez \u0161\u012bm s\u012bkdatn\u0113m neb\u016btu iesp\u0113jami v\u0113lamie pakalpojumi, piem\u0113ram, maks\u0101jumu metodes, dro\u0161a pieteik\u0161an\u0101s kontam un citi bonusi, kas saist\u012bti ar klienta konta izveidi. \u0160\u012bs s\u012bkdatnes ir svar\u012bgas ar\u012b, lai uz atra\u0161an\u0101s vietu balst\u012bta inform\u0101cija par produktiem, pieg\u0101des inform\u0101cija utt. non\u0101ktu pie klienta.<\/p>\n\t\t\t\t\t\t<h5 tabindex=\"0\">Funkcionalit\u0101tes un veiktsp\u0113jas s\u012bkfaili<\/h5>\n\t\t\t<p>\u0160\u012bs s\u012bkdatnes atbalsta m\u016bsu vietnes veiktsp\u0113ju un funkcionalit\u0101ti, ta\u010du ne vienm\u0113r ir b\u016btiskas, lai vietne darbotos. Ar \u0161o s\u012bkdat\u0146u pal\u012bdz\u012bbu vietne identific\u0113 lietot\u0101ju un (ja v\u0113las) atceras klienta pieteik\u0161an\u0101s datus, \u013cauj iepirkumu grozam pievienot\u0101s preces glab\u0101t noteiktu laiku u.c.<\/p>\n\t\t\t\t\t\t<h5 tabindex=\"0\">Analytics<\/h5>\n\t\t\t<p>P\u00dcR izmanto pla\u0161i izmantoto Google anal\u012btikas programmat\u016bru un izmanto to, lai izm\u0113r\u012btu vietnes trafiku un kart\u0113tu uzved\u012bbas mode\u013cus. Ieg\u016btie dati pal\u012bdz mums lab\u0101k izprast interneta veikala apmekl\u0113t\u0101ju uzved\u012bbu un sniedz iesp\u0113ju pied\u0101v\u0101t lietot\u0101jam lab\u0101kos tehniskos risin\u0101jumus. \u0160\u012bs s\u012bkdatnes tiek izmantotas tikai statistikas nol\u016bkos un neidentific\u0113 atsevi\u0161\u0137us apmekl\u0113t\u0101jus.<\/p>\n\t\t\t\t\t\t<h5 tabindex=\"0\">Tre\u0161\u0101s puses \/ Rekl\u0101ma un soci\u0101lie mediji<\/h5>\n\t\t\t<p>P\u00dcR veebilehel kasutatakse mitmeid usaldusv\u00e4\u00e4rseid kolmandate osapoolte k\u00fcpsiseid. See v\u00f5imaldab kasutajal jagada lehti sotsiaalv\u00f5rgustikes ning kuvada personaliseeritud ja asjakohast reklaami. N\u00f5nda v\u00f5imaldavad need k\u00fcpsiseid kuvada reklaame n\u00e4iteks erinevatel Google&#8217;i ja Google&#8217;i partnerettev\u00f5tete platvormidel. Nende k\u00fcpsiste kasutamine ei h\u00f5lma isikuandmete k\u00e4sitlemist.<\/p>\n\t\t\t\t\t\t<h5 tabindex=\"0\">K\u0101 ierobe\u017eot vai dz\u0113st s\u012bkdat\u0146u izmanto\u0161anu?<\/h5>\n\t\t\t<p>Vairum\u0101 gad\u012bjumu ir iesp\u0113jams konfigur\u0113t t\u012bmek\u013ca p\u0101rl\u016bkprogrammu t\u0101, lai s\u012bkdat\u0146u izmanto\u0161ana tiktu ierobe\u017eota vai p\u0101rtraukta. Visas m\u016bsdienu t\u012bmek\u013ca p\u0101rl\u016bkprogrammas \u013cauj optimiz\u0113t ar s\u012bkfailiem saist\u012btos iestat\u012bjumus. Tom\u0113r ir v\u0113rts atcer\u0113ties, ka s\u012bkdat\u0146u izmanto\u0161anas ierobe\u017eo\u0161ana, kas nepiecie\u0161ama, lai izpild\u012btu t\u012bmek\u013ca vietnes galvenos m\u0113r\u0137us, var ietekm\u0113t lietot\u0101ja pieredzi un\/vai pakalpojumu iesp\u0113jas, kuras m\u0113s pied\u0101v\u0101jam interneta veikal\u0101. Pla\u0161\u0101ku inform\u0101ciju par s\u012bkdatn\u0113m un to izmanto\u0161anas ierobe\u017eo\u0161anu var atrast t\u012bmek\u013ca vietn\u0113 www.youronlinechoices.com.<\/p>","protected":false},"excerpt":{"rendered":"<p>K\u00fcpsiste kasutamise kord P\u00dcR e-poes Mis on k\u00fcpsis? Sarnaselt paljudele teistele kasutab ka P\u00dcR &#8221;k\u00fcpsisteks&#8221; kutsutavaid tekstifaile, mille eesm\u00e4rk on aidata meil lehte arendada ja tagada parim kasutajakogemus. K\u00fcpsis (cookie) on v\u00e4iksemahuline tekstifail, mille veebiserver saadab kasutaja veebilehitsejale, mis seej\u00e4rel salvestatakse kasutaja arvuti k\u00f5vakettale. K\u00fcpsised ise kasutaja seadmest informatsiooni ei loe ega levita seda ka&hellip;<\/p>","protected":false},"author":1,"featured_media":0,"parent":0,"menu_order":0,"comment_status":"closed","ping_status":"closed","template":"","meta":{"_acf_changed":false,"footnotes":""},"class_list":["post-2935","page","type-page","status-publish","hentry"],"acf":[],"jetpack_sharing_enabled":true,"_links":{"self":[{"href":"https:\/\/purbeauty.eu\/lv\/wp-json\/wp\/v2\/pages\/2935","targetHints":{"allow":["GET"]}}],"collection":[{"href":"https:\/\/purbeauty.eu\/lv\/wp-json\/wp\/v2\/pages"}],"about":[{"href":"https:\/\/purbeauty.eu\/lv\/wp-json\/wp\/v2\/types\/page"}],"author":[{"embeddable":true,"href":"https:\/\/purbeauty.eu\/lv\/wp-json\/wp\/v2\/users\/1"}],"replies":[{"embeddable":true,"href":"https:\/\/purbeauty.eu\/lv\/wp-json\/wp\/v2\/comments?post=2935"}],"version-history":[{"count":0,"href":"https:\/\/purbeauty.eu\/lv\/wp-json\/wp\/v2\/pages\/2935\/revisions"}],"wp:attachment":[{"href":"https:\/\/purbeauty.eu\/lv\/wp-json\/wp\/v2\/media?parent=2935"}],"curies":[{"name":"wp","href":"https:\/\/api.w.org\/{rel}","templated":true}]}}