{"id":178,"date":"2022-02-11T13:06:01","date_gmt":"2022-02-11T13:06:01","guid":{"rendered":"https:\/\/p\u00fcr.ee\/?post_type=product&#038;p=178"},"modified":"2026-04-15T07:20:02","modified_gmt":"2026-04-15T04:20:02","slug":"4-in-love-your-selfie-longwear-foundation-concealer","status":"publish","type":"product","link":"https:\/\/purbeauty.eu\/lv\/products\/4-in-love-your-selfie-longwear-foundation-concealer\/","title":{"rendered":"\u010cetri vien\u0101 Love Your Selfie\u00a0\u2014 Longwear ton\u0101lais kr\u0113ms un korektors"},"content":{"rendered":"","protected":false},"excerpt":{"rendered":"<p class=\"p1\">Ir pien\u0101cis laiks iem\u012bl\u0113ties sav\u0101 \u0101d\u0101, pa\u0161bild\u0113s un katr\u0101 skaist\u0101 grima st\u016br\u012bt\u012b. 4-in-1 Love Your Selfie\u2122 ir inovat\u012bvs univers\u0101ls ton\u0101lais kr\u0113ms un korektors, kas ne tikai nomask\u0113 nepiln\u012bbas, bet ar\u012b vienlaikus baro \u0101du. Pretnoveco\u0161an\u0101s efekts. <span class=\"s1\"><b>Ceret\u012bna komplekss<\/b><\/span> un bag\u0101ts ar antioksidantiem <span class=\"s1\"><b>Ener\u0123ijas komplekss<\/b><\/span> (za\u013c\u0101 t\u0113ja, \u017ee\u0146\u0161e\u0146s, B vitam\u012bns) padara \u0161o ton\u0101lo kr\u0113mu par \u012bstu \u0101das kop\u0161anas br\u012bnumu.<\/p>\n<p class=\"p1\">Vid\u0113ja l\u012bdz piln\u012bga p\u0101rkl\u0101juma formula pal\u012bdz aizsarg\u0101t \u0101du no zil\u0101s gaismas un ikdienas vides agresoriem. Vair\u0101k nek\u0101 80 veg\u0101niem draudz\u012bgi to\u0146i \u2013 roz\u0101, neitr\u0101li un zeltaini to\u0146i \u2013 lieliski sapl\u016bst ar \u0101du, radot nevainojamu rezult\u0101tu.<\/p>\n<p class=\"p1\">Pasl\u0113piet plankumus, tum\u0161os plankumus un nepiln\u012bbas ar \u0113rto aplikatoru vai izmantojiet ar pump\u012bti, lai nodro\u0161in\u0101tu piln\u012bgu p\u0101rkl\u0101jumu vis\u0101 sej\u0101.<\/p>\n<p class=\"p1\"><span class=\"s1\"><b>Nav nepiecie\u0161ams filtrs!<\/b><\/span><\/p>\n<p class=\"\">\u00a0<\/p>","protected":false},"featured_media":4313,"template":"","meta":{"_acf_changed":false},"product_brand":[],"product_cat":[20,154,147,136,126,152,128,155,127,113,102,150,31,22,101,28,151,144,41,29,130,123,124,129],"product_tag":[],"class_list":{"0":"post-178","1":"product","2":"type-product","3":"status-publish","4":"has-post-thumbnail","6":"product_cat-4in1","7":"product_cat-a-e","8":"product_cat-akne-plekid","9":"product_cat-b-vitamiin","10":"product_cat-ceretini-kompleks","11":"product_cat-ebauhtlane-nahatoon","12":"product_cat-energiakompleks","13":"product_cat-f-z","14":"product_cat-kapseldatud-retinool","15":"product_cat-konsiiler","16":"product_cat-koostise-jargi","17":"product_cat-kortsud","18":"product_cat-meigipohi","19":"product_cat-meik","20":"product_cat-muugihitid","21":"product_cat-naotuup","22":"product_cat-niisutus","23":"product_cat-normaalne","24":"product_cat-pohi","25":"product_cat-probleem","26":"product_cat-roheline-tee","27":"product_cat-saastusevastane","28":"product_cat-sinise-valguse-kaitse","29":"product_cat-zenzenn","31":"first","32":"instock","33":"shipping-taxable","34":"purchasable","35":"product-type-variable"},"acf":[],"jetpack_sharing_enabled":true,"_links":{"self":[{"href":"https:\/\/purbeauty.eu\/lv\/wp-json\/wp\/v2\/product\/178","targetHints":{"allow":["GET"]}}],"collection":[{"href":"https:\/\/purbeauty.eu\/lv\/wp-json\/wp\/v2\/product"}],"about":[{"href":"https:\/\/purbeauty.eu\/lv\/wp-json\/wp\/v2\/types\/product"}],"wp:featuredmedia":[{"embeddable":true,"href":"https:\/\/purbeauty.eu\/lv\/wp-json\/wp\/v2\/media\/4313"}],"wp:attachment":[{"href":"https:\/\/purbeauty.eu\/lv\/wp-json\/wp\/v2\/media?parent=178"}],"wp:term":[{"taxonomy":"product_brand","embeddable":true,"href":"https:\/\/purbeauty.eu\/lv\/wp-json\/wp\/v2\/product_brand?post=178"},{"taxonomy":"product_cat","embeddable":true,"href":"https:\/\/purbeauty.eu\/lv\/wp-json\/wp\/v2\/product_cat?post=178"},{"taxonomy":"product_tag","embeddable":true,"href":"https:\/\/purbeauty.eu\/lv\/wp-json\/wp\/v2\/product_tag?post=178"}],"curies":[{"name":"wp","href":"https:\/\/api.w.org\/{rel}","templated":true}]}}