{"id":214,"date":"2022-02-11T16:22:31","date_gmt":"2022-02-11T16:22:31","guid":{"rendered":"https:\/\/p\u00fcr.ee\/?post_type=product&#038;p=214"},"modified":"2026-04-15T07:45:02","modified_gmt":"2026-04-15T04:45:02","slug":"push-up-4-in-1-sculpting-concealer","status":"publish","type":"product","link":"https:\/\/purbeauty.eu\/lv\/products\/push-up-4-in-1-sculpting-concealer\/","title":{"rendered":"4-in-1 Sculpting korektors"},"content":{"rendered":"","protected":false},"excerpt":{"rendered":"<p><b>4-in-1 skulptur\u0113jo\u0161ais korektors \u2013 mask\u0113, izgaismo, mitrina un kontur\u0113<\/b><\/p>\n<p class=\"p3\">4-in-1 skulptur\u0113jo\u0161ais korektors ir efekt\u012bvs un daudzpus\u012bgs korektors, kas pal\u012bdz sasniegt nevainojamu sejas kr\u0101su. T\u0101 viegli uzkl\u0101jam\u0101, b\u016bv\u0113jam\u0101 formula nodro\u0161ina vid\u0113ju l\u012bdz piln\u012bgu p\u0101rkl\u0101jumu un ir ide\u0101li piem\u0113rota \u0101das nepiln\u012bbu mask\u0113\u0161anai, zem ac\u012bm eso\u0161o loku gai\u0161in\u0101\u0161anai un sejas formas veido\u0161anai.<\/p>\n<p class=\"p3\">Pateicoties mitrumu aizturo\u0161ajam n\u0101trija hialuron\u0101tam, kofe\u012bnam un antioksidantiem bag\u0101tajam ener\u0123ijas kompleksam, \u0161is produkts ne tikai nodro\u0161ina p\u0101rkl\u0101jumu, bet ar\u012b kopj \u2013 izl\u012bdzina, mitrina un atsvaidzina \u0101du visas dienas garum\u0101.<\/p>","protected":false},"featured_media":419,"template":"","meta":{"_acf_changed":false},"product_brand":[],"product_cat":[20,154,136,126,152,128,155,127,113,102,142,134,31,22,101,28,144,29,130,129],"product_tag":[],"class_list":{"0":"post-214","1":"product","2":"type-product","3":"status-publish","4":"has-post-thumbnail","6":"product_cat-4in1","7":"product_cat-a-e","8":"product_cat-b-vitamiin","9":"product_cat-ceretini-kompleks","10":"product_cat-ebauhtlane-nahatoon","11":"product_cat-energiakompleks","12":"product_cat-f-z","13":"product_cat-kapseldatud-retinool","14":"product_cat-konsiiler","15":"product_cat-koostise-jargi","16":"product_cat-kuiv","17":"product_cat-kurkum","18":"product_cat-meigipohi","19":"product_cat-meik","20":"product_cat-muugihitid","21":"product_cat-naotuup","22":"product_cat-normaalne","23":"product_cat-probleem","24":"product_cat-roheline-tee","25":"product_cat-zenzenn","27":"first","28":"instock","29":"shipping-taxable","30":"purchasable","31":"product-type-variable"},"acf":[],"jetpack_sharing_enabled":true,"_links":{"self":[{"href":"https:\/\/purbeauty.eu\/lv\/wp-json\/wp\/v2\/product\/214","targetHints":{"allow":["GET"]}}],"collection":[{"href":"https:\/\/purbeauty.eu\/lv\/wp-json\/wp\/v2\/product"}],"about":[{"href":"https:\/\/purbeauty.eu\/lv\/wp-json\/wp\/v2\/types\/product"}],"wp:featuredmedia":[{"embeddable":true,"href":"https:\/\/purbeauty.eu\/lv\/wp-json\/wp\/v2\/media\/419"}],"wp:attachment":[{"href":"https:\/\/purbeauty.eu\/lv\/wp-json\/wp\/v2\/media?parent=214"}],"wp:term":[{"taxonomy":"product_brand","embeddable":true,"href":"https:\/\/purbeauty.eu\/lv\/wp-json\/wp\/v2\/product_brand?post=214"},{"taxonomy":"product_cat","embeddable":true,"href":"https:\/\/purbeauty.eu\/lv\/wp-json\/wp\/v2\/product_cat?post=214"},{"taxonomy":"product_tag","embeddable":true,"href":"https:\/\/purbeauty.eu\/lv\/wp-json\/wp\/v2\/product_tag?post=214"}],"curies":[{"name":"wp","href":"https:\/\/api.w.org\/{rel}","templated":true}]}}