{"id":2329,"date":"2022-09-30T08:32:43","date_gmt":"2022-09-30T05:32:43","guid":{"rendered":"https:\/\/purestonia.ee\/?post_type=product&#038;p=2329"},"modified":"2026-04-15T07:40:01","modified_gmt":"2026-04-15T04:40:01","slug":"on-point-eyeshadow-palettes","status":"publish","type":"product","link":"https:\/\/purbeauty.eu\/lv\/products\/on-point-eyeshadow-palettes\/","title":{"rendered":"Uz Point Eyeshadow palet\u0113m"},"content":{"rendered":"","protected":false},"excerpt":{"rendered":"<p class=\"p1\"><b>On Point Glitter kombin\u0113to acu \u0113nu palete<\/b><b><\/b><\/p>\n<p class=\"p2\">Acu \u0113nu palete ar se\u0161iem viegli kl\u0101jamiem mat\u0113tiem, mirdzo\u0161iem un met\u0101liskiem to\u0146iem, kas bag\u0101tin\u0101ti ar \u0101das kop\u0161anas sast\u0101vda\u013c\u0101m. Lieliski piem\u0113rota gan dienas, gan ned\u0113\u013cas nogales lieto\u0161anai, \u013caujot rad\u012bt da\u017e\u0101dus intens\u012bvus un piel\u0101gojamus grima izskatus.<\/p>","protected":false},"featured_media":2337,"template":"","meta":{"_acf_changed":false},"product_brand":[],"product_cat":[155,102,134,290,22,34],"product_tag":[],"class_list":{"0":"post-2329","1":"product","2":"type-product","3":"status-publish","4":"has-post-thumbnail","6":"product_cat-f-z","7":"product_cat-koostise-jargi","8":"product_cat-kurkum","9":"product_cat-lauvarvid","10":"product_cat-meik","11":"product_cat-silmad","13":"first","14":"outofstock","15":"shipping-taxable","16":"purchasable","17":"product-type-variable"},"acf":[],"jetpack_sharing_enabled":true,"_links":{"self":[{"href":"https:\/\/purbeauty.eu\/lv\/wp-json\/wp\/v2\/product\/2329","targetHints":{"allow":["GET"]}}],"collection":[{"href":"https:\/\/purbeauty.eu\/lv\/wp-json\/wp\/v2\/product"}],"about":[{"href":"https:\/\/purbeauty.eu\/lv\/wp-json\/wp\/v2\/types\/product"}],"wp:featuredmedia":[{"embeddable":true,"href":"https:\/\/purbeauty.eu\/lv\/wp-json\/wp\/v2\/media\/2337"}],"wp:attachment":[{"href":"https:\/\/purbeauty.eu\/lv\/wp-json\/wp\/v2\/media?parent=2329"}],"wp:term":[{"taxonomy":"product_brand","embeddable":true,"href":"https:\/\/purbeauty.eu\/lv\/wp-json\/wp\/v2\/product_brand?post=2329"},{"taxonomy":"product_cat","embeddable":true,"href":"https:\/\/purbeauty.eu\/lv\/wp-json\/wp\/v2\/product_cat?post=2329"},{"taxonomy":"product_tag","embeddable":true,"href":"https:\/\/purbeauty.eu\/lv\/wp-json\/wp\/v2\/product_tag?post=2329"}],"curies":[{"name":"wp","href":"https:\/\/api.w.org\/{rel}","templated":true}]}}