{"id":235,"date":"2022-02-11T16:30:43","date_gmt":"2022-02-11T16:30:43","guid":{"rendered":"https:\/\/p\u00fcr.ee\/?post_type=product&#038;p=235"},"modified":"2026-04-15T07:45:01","modified_gmt":"2026-04-15T04:45:01","slug":"skin-perfecting-powder-mineral-glow","status":"publish","type":"product","link":"https:\/\/purbeauty.eu\/lv\/products\/skin-perfecting-powder-mineral-glow\/","title":{"rendered":"Skin Perfecting Powder Mineral Glow"},"content":{"rendered":"","protected":false},"excerpt":{"rendered":"<p class=\"p1\"><span class=\"s1\"><b>\u0100das pilnveidojo\u0161s miner\u0101lu mirdzuma p\u016bderis<\/b><\/span> ir piem\u0113rots visiem \u0101das to\u0146iem <span class=\"s1\"><b>izgaismojo\u0161s saules aizsargkr\u0113ms<\/b><\/span>, kas rada dabisku, vesel\u012bgu, saules nosk\u016bpst\u012btu sejas kr\u0101su \u2014 nek\u013c\u016bstot oran\u017eam vai mirdzo\u0161am.<\/p>","protected":false},"featured_media":236,"template":"","meta":{"_acf_changed":false},"product_brand":[],"product_cat":[154,126,128,117,102,22,101,41],"product_tag":[],"class_list":{"0":"post-235","1":"product","2":"type-product","3":"status-publish","4":"has-post-thumbnail","6":"product_cat-a-e","7":"product_cat-ceretini-kompleks","8":"product_cat-energiakompleks","9":"product_cat-kontuur","10":"product_cat-koostise-jargi","11":"product_cat-meik","12":"product_cat-muugihitid","13":"product_cat-pohi","15":"first","16":"instock","17":"shipping-taxable","18":"purchasable","19":"product-type-simple"},"acf":[],"jetpack_sharing_enabled":true,"_links":{"self":[{"href":"https:\/\/purbeauty.eu\/lv\/wp-json\/wp\/v2\/product\/235","targetHints":{"allow":["GET"]}}],"collection":[{"href":"https:\/\/purbeauty.eu\/lv\/wp-json\/wp\/v2\/product"}],"about":[{"href":"https:\/\/purbeauty.eu\/lv\/wp-json\/wp\/v2\/types\/product"}],"wp:featuredmedia":[{"embeddable":true,"href":"https:\/\/purbeauty.eu\/lv\/wp-json\/wp\/v2\/media\/236"}],"wp:attachment":[{"href":"https:\/\/purbeauty.eu\/lv\/wp-json\/wp\/v2\/media?parent=235"}],"wp:term":[{"taxonomy":"product_brand","embeddable":true,"href":"https:\/\/purbeauty.eu\/lv\/wp-json\/wp\/v2\/product_brand?post=235"},{"taxonomy":"product_cat","embeddable":true,"href":"https:\/\/purbeauty.eu\/lv\/wp-json\/wp\/v2\/product_cat?post=235"},{"taxonomy":"product_tag","embeddable":true,"href":"https:\/\/purbeauty.eu\/lv\/wp-json\/wp\/v2\/product_tag?post=235"}],"curies":[{"name":"wp","href":"https:\/\/api.w.org\/{rel}","templated":true}]}}