{"id":2389,"date":"2022-10-05T16:51:18","date_gmt":"2022-10-05T13:51:18","guid":{"rendered":"https:\/\/purestonia.ee\/?post_type=product&#038;p=2389"},"modified":"2026-04-15T07:40:01","modified_gmt":"2026-04-15T04:40:01","slug":"tone-up-niacinamide-firming-eye-serum","status":"publish","type":"product","link":"https:\/\/purbeauty.eu\/lv\/products\/tone-up-niacinamide-firming-eye-serum\/","title":{"rendered":"Toniz\u0113jo\u0161s niacinam\u012bda nostiprino\u0161s acu serums"},"content":{"rendered":"","protected":false},"excerpt":{"rendered":"<p class=\"p1\">Atkl\u0101jiet jaun\u0101ku un starojo\u0161\u0101ku izskatu ar P\u00dcR Tone Up Niacinamid Firming Eye Serum! \u0160is vieglais un efekt\u012bvais serums pal\u012bdz izl\u012bdzin\u0101t, savelkt un mitrin\u0101t acu zonu, vienlaikus samazinot tum\u0161os lokus un smalk\u0101s l\u012bnijas. Lielisks papildin\u0101jums j\u016bsu skaistumkop\u0161anas rut\u012bnai, lai j\u016bsu acis katru dienu izskat\u012btos mo\u017eas, svaigas un jaunekl\u012bgas!<\/p>\n<p>&nbsp;<\/p>","protected":false},"featured_media":2392,"template":"","meta":{"_acf_changed":false},"product_brand":[],"product_cat":[147,152,146,150,142,153,321,23,42,28,151,144,143,29,149,43,145],"product_tag":[],"class_list":{"0":"post-2389","1":"product","2":"type-product","3":"status-publish","4":"has-post-thumbnail","6":"product_cat-akne-plekid","7":"product_cat-ebauhtlane-nahatoon","8":"product_cat-kombineeritud","9":"product_cat-kortsud","10":"product_cat-kuiv","11":"product_cat-nagu-naohooldus","12":"product_cat-nahatuubid","13":"product_cat-naohooldus","14":"product_cat-naokreemid","15":"product_cat-naotuup","16":"product_cat-niisutus","17":"product_cat-normaalne","18":"product_cat-oline","19":"product_cat-probleem","20":"product_cat-punetus","21":"product_cat-silmakreemid","22":"product_cat-tundlik","24":"first","25":"instock","26":"shipping-taxable","27":"purchasable","28":"product-type-simple"},"acf":[],"jetpack_sharing_enabled":true,"_links":{"self":[{"href":"https:\/\/purbeauty.eu\/lv\/wp-json\/wp\/v2\/product\/2389","targetHints":{"allow":["GET"]}}],"collection":[{"href":"https:\/\/purbeauty.eu\/lv\/wp-json\/wp\/v2\/product"}],"about":[{"href":"https:\/\/purbeauty.eu\/lv\/wp-json\/wp\/v2\/types\/product"}],"wp:featuredmedia":[{"embeddable":true,"href":"https:\/\/purbeauty.eu\/lv\/wp-json\/wp\/v2\/media\/2392"}],"wp:attachment":[{"href":"https:\/\/purbeauty.eu\/lv\/wp-json\/wp\/v2\/media?parent=2389"}],"wp:term":[{"taxonomy":"product_brand","embeddable":true,"href":"https:\/\/purbeauty.eu\/lv\/wp-json\/wp\/v2\/product_brand?post=2389"},{"taxonomy":"product_cat","embeddable":true,"href":"https:\/\/purbeauty.eu\/lv\/wp-json\/wp\/v2\/product_cat?post=2389"},{"taxonomy":"product_tag","embeddable":true,"href":"https:\/\/purbeauty.eu\/lv\/wp-json\/wp\/v2\/product_tag?post=2389"}],"curies":[{"name":"wp","href":"https:\/\/api.w.org\/{rel}","templated":true}]}}