{"id":2420,"date":"2022-10-05T17:58:34","date_gmt":"2022-10-05T14:58:34","guid":{"rendered":"https:\/\/purestonia.ee\/?post_type=product&#038;p=2420"},"modified":"2026-04-15T07:40:01","modified_gmt":"2026-04-15T04:40:01","slug":"4-in-1-cloud-cream-gel-to-water-hydrating-essence-moisturizer","status":"publish","type":"product","link":"https:\/\/purbeauty.eu\/lv\/products\/4-in-1-cloud-cream-gel-to-water-hydrating-essence-moisturizer\/","title":{"rendered":"4-in-1 m\u0101ko\u0146kr\u0113ma \u017eelejveida mitrino\u0161a esence \u016bden\u012b"},"content":{"rendered":"","protected":false},"excerpt":{"rendered":"<h2><b>P\u00dcR 4-in-1 m\u0101ko\u0146kr\u0113ms \u2013 mitrino\u0161a grezn\u012bba j\u016bsu \u0101dai<\/b><\/h2>\n<p>&nbsp;<\/p>\n<p class=\"p3\">Iedvesmojoties no svaiguma un viegluma, <span class=\"s2\"><b>P\u00dcR 4-in-1 m\u0101ko\u0146u kr\u0113ms<\/b><\/span> Izcili mitrino\u0161s, tom\u0113r maigs un viegls g\u0113la mitrin\u0101t\u0101js, kas atst\u0101j \u0101du maigu un z\u012bdainu.<\/p>\n<p class=\"p3\">\u0160is inovat\u012bvais mitrin\u0101t\u0101js uz \u0101das p\u0101rv\u0113r\u0161as no g\u0113la par \u016bdens b\u0101zes esenci, nodro\u0161inot t\u016bl\u012bt\u0113ju svaigumu un dzi\u013cu mitrin\u0101\u0161anu.<\/p>\n<p class=\"p3\">Bag\u0101tin\u0101ts <span class=\"s2\"><b>ar pretnoveco\u0161an\u0101s Ceretin\u2122 kompleksu<\/b><\/span>, kas pal\u012bdz izl\u012bdzin\u0101t \u0101das tekst\u016bru, mazin\u0101t sausumu un lieliski sagatavo \u0101du grima uzkl\u0101\u0161anai.<\/p>\n<p class=\"p3\">Ide\u0101li piem\u0113rots ikdienas \u0101das kop\u0161anas rut\u012bnai \u2013 \u0113rta izv\u0113le, ja mekl\u0113jat produktu, kas <span class=\"s2\"><b>Mitrina, kopj un rada perfektu b\u0101zi grimam.<\/b><\/span><\/p>\n<p>&nbsp;<\/p>\n<p class=\"p4\"><b>Piem\u0113rots ikdienas \u0101das kop\u0161anai \u2013 \u0113rta izv\u0113le, ja v\u0113laties mitrino\u0161u un grimu sagatavojo\u0161u l\u012bdzekli vien\u0101.<\/b><b><\/b><\/p>\n<p class=\"p4\"><b>Pielikt grozam un izm\u0113\u0123in\u0101t.<\/b><\/p>\n<p><b>Svars:<\/b>\u00a0 50 g<\/p>","protected":false},"featured_media":3721,"template":"","meta":{"_acf_changed":false},"product_brand":[],"product_cat":[147,152,146,150,101,153,321,23,42,28,151,144,143,29,149,145],"product_tag":[],"class_list":{"0":"post-2420","1":"product","2":"type-product","3":"status-publish","4":"has-post-thumbnail","6":"product_cat-akne-plekid","7":"product_cat-ebauhtlane-nahatoon","8":"product_cat-kombineeritud","9":"product_cat-kortsud","10":"product_cat-muugihitid","11":"product_cat-nagu-naohooldus","12":"product_cat-nahatuubid","13":"product_cat-naohooldus","14":"product_cat-naokreemid","15":"product_cat-naotuup","16":"product_cat-niisutus","17":"product_cat-normaalne","18":"product_cat-oline","19":"product_cat-probleem","20":"product_cat-punetus","21":"product_cat-tundlik","23":"first","24":"instock","25":"shipping-taxable","26":"purchasable","27":"product-type-simple"},"acf":[],"jetpack_sharing_enabled":true,"_links":{"self":[{"href":"https:\/\/purbeauty.eu\/lv\/wp-json\/wp\/v2\/product\/2420","targetHints":{"allow":["GET"]}}],"collection":[{"href":"https:\/\/purbeauty.eu\/lv\/wp-json\/wp\/v2\/product"}],"about":[{"href":"https:\/\/purbeauty.eu\/lv\/wp-json\/wp\/v2\/types\/product"}],"wp:featuredmedia":[{"embeddable":true,"href":"https:\/\/purbeauty.eu\/lv\/wp-json\/wp\/v2\/media\/3721"}],"wp:attachment":[{"href":"https:\/\/purbeauty.eu\/lv\/wp-json\/wp\/v2\/media?parent=2420"}],"wp:term":[{"taxonomy":"product_brand","embeddable":true,"href":"https:\/\/purbeauty.eu\/lv\/wp-json\/wp\/v2\/product_brand?post=2420"},{"taxonomy":"product_cat","embeddable":true,"href":"https:\/\/purbeauty.eu\/lv\/wp-json\/wp\/v2\/product_cat?post=2420"},{"taxonomy":"product_tag","embeddable":true,"href":"https:\/\/purbeauty.eu\/lv\/wp-json\/wp\/v2\/product_tag?post=2420"}],"curies":[{"name":"wp","href":"https:\/\/api.w.org\/{rel}","templated":true}]}}