{"id":2434,"date":"2022-10-10T19:18:21","date_gmt":"2022-10-10T16:18:21","guid":{"rendered":"https:\/\/purestonia.ee\/?post_type=product&#038;p=2434"},"modified":"2026-04-15T07:40:01","modified_gmt":"2026-04-15T04:40:01","slug":"mellow-eyes-hemp-infused-eye-patches","status":"publish","type":"product","link":"https:\/\/purbeauty.eu\/lv\/products\/mellow-eyes-hemp-infused-eye-patches\/","title":{"rendered":"Mellow Eyes Acu pl\u0101ksteri ar ka\u0146ep\u0113m"},"content":{"rendered":"","protected":false},"excerpt":{"rendered":"<p class=\"p1\">\n<p><b>Mellow Eyes acu spilventi\u0146i<\/b><\/p>\n<p class=\"p3\"><b>Barojo\u0161a kop\u0161ana noguru\u0161\u0101m un piet\u016bku\u0161\u0101m ac\u012bm \u2013 30 p\u0101ri<\/b><b><\/b><\/p>\n<p class=\"p4\">Vai j\u016bsu acis izskat\u0101s noguru\u0161as un piet\u016bku\u0161as? <span class=\"s2\"><b>Maigas acis<\/b><\/span> Acu spilventi\u0146i ir tie\u0161i tas, kas jums nepiecie\u0161ams! \u0160ie <span class=\"s2\"><b>ieg\u016bts no ka\u0146ep\u0113m<\/b><\/span> hidrogela spilventi\u0146i pal\u012bdz <span class=\"s2\"><b>mazin\u0101t piet\u016bkumu, izl\u012bdzin\u0101t<\/b><\/span> \u0101da zem ac\u012bm un <span class=\"s2\"><b>lai pie\u0161\u0137irtu gai\u0161\u0101ku sejas kr\u0101su<\/b><\/span>.<\/p>\n<p class=\"p4\">Izmantojiet tos p\u0113c garas nakts \u0101rpus m\u0101jas, pirms svar\u012bga notikuma vai klus\u0101 sv\u0113tdien\u0101 m\u0101j\u0101s.<\/p>","protected":false},"featured_media":4300,"template":"","meta":{"_acf_changed":false},"product_brand":[],"product_cat":[18,152,146,150,142,101,153,321,23,119,28,151,144,143,29,149,120,43,145],"product_tag":[],"class_list":{"0":"post-2434","1":"product","2":"type-product","3":"status-publish","4":"has-post-thumbnail","6":"product_cat-best-sellers","7":"product_cat-ebauhtlane-nahatoon","8":"product_cat-kombineeritud","9":"product_cat-kortsud","10":"product_cat-kuiv","11":"product_cat-muugihitid","12":"product_cat-nagu-naohooldus","13":"product_cat-nahatuubid","14":"product_cat-naohooldus","15":"product_cat-naomaskid","16":"product_cat-naotuup","17":"product_cat-niisutus","18":"product_cat-normaalne","19":"product_cat-oline","20":"product_cat-probleem","21":"product_cat-punetus","22":"product_cat-silmaalla","23":"product_cat-silmakreemid","24":"product_cat-tundlik","26":"first","27":"instock","28":"shipping-taxable","29":"purchasable","30":"product-type-simple"},"acf":[],"jetpack_sharing_enabled":true,"_links":{"self":[{"href":"https:\/\/purbeauty.eu\/lv\/wp-json\/wp\/v2\/product\/2434","targetHints":{"allow":["GET"]}}],"collection":[{"href":"https:\/\/purbeauty.eu\/lv\/wp-json\/wp\/v2\/product"}],"about":[{"href":"https:\/\/purbeauty.eu\/lv\/wp-json\/wp\/v2\/types\/product"}],"wp:featuredmedia":[{"embeddable":true,"href":"https:\/\/purbeauty.eu\/lv\/wp-json\/wp\/v2\/media\/4300"}],"wp:attachment":[{"href":"https:\/\/purbeauty.eu\/lv\/wp-json\/wp\/v2\/media?parent=2434"}],"wp:term":[{"taxonomy":"product_brand","embeddable":true,"href":"https:\/\/purbeauty.eu\/lv\/wp-json\/wp\/v2\/product_brand?post=2434"},{"taxonomy":"product_cat","embeddable":true,"href":"https:\/\/purbeauty.eu\/lv\/wp-json\/wp\/v2\/product_cat?post=2434"},{"taxonomy":"product_tag","embeddable":true,"href":"https:\/\/purbeauty.eu\/lv\/wp-json\/wp\/v2\/product_tag?post=2434"}],"curies":[{"name":"wp","href":"https:\/\/api.w.org\/{rel}","templated":true}]}}