{"id":257,"date":"2022-02-11T16:38:29","date_gmt":"2022-02-11T14:38:29","guid":{"rendered":"https:\/\/p\u00fcr.ee\/?post_type=product&#038;p=257"},"modified":"2026-04-15T07:45:01","modified_gmt":"2026-04-15T04:45:01","slug":"skin-perfecting-powder-blushing-act","status":"publish","type":"product","link":"https:\/\/purbeauty.eu\/lv\/products\/skin-perfecting-powder-blushing-act\/","title":{"rendered":"Skin Perfecting Powder \u2013 Blushing Act"},"content":{"rendered":"","protected":false},"excerpt":{"rendered":"<p class=\"p1\">Pie\u0161\u0137iriet savai sejai starojo\u0161u, svaigu izskatu ar Blushing Act vaigu s\u0101rtumu. \u0160is \u0101du m\u012blo\u0161ais p\u016bdera tonis ir bag\u0101tin\u0101ts ar \u0101das kop\u0161anu atbalsto\u0161\u0101m sast\u0101vda\u013c\u0101m, tostarp barojo\u0161o Energy Complex un Ceretin Complex \u2014 P\u00dcR ekskluz\u012bvo mitrino\u0161o keram\u012bnu mais\u012bjumu. Skin Perfecting Powder uzlabo \u0101das izskatu katru reizi, kad kr\u0101sa tiek maigi uzkl\u0101ta uz vaiga. Skaistais Peach tonis pied\u0101v\u0101 daudzsl\u0101\u0146u un dabiski skaistu mat\u0113tu apdari, kas ir ide\u0101li piem\u0113rota visiem \u0101das to\u0146iem. Viegl\u0101 un viegli kl\u0101jam\u0101 formula \u013cauj rad\u012bt smalku vaigu s\u0101rtumu vai intens\u012bv\u0101ku, izteiksm\u012bg\u0101ku izskatu.<\/p>\n<p class=\"p1\"><span class=\"s1\"><b>Neto daudzums:<\/b><\/span> 8 g \/ 0,28 unces<\/p>\n<p class=\"\">","protected":false},"featured_media":258,"template":"","meta":{"_acf_changed":false},"product_brand":[],"product_cat":[154,136,126,128,155,127,102,142,22,28,132,151,41,116,29,130,129],"product_tag":[],"class_list":{"0":"post-257","1":"product","2":"type-product","3":"status-publish","4":"has-post-thumbnail","6":"product_cat-a-e","7":"product_cat-b-vitamiin","8":"product_cat-ceretini-kompleks","9":"product_cat-energiakompleks","10":"product_cat-f-z","11":"product_cat-kapseldatud-retinool","12":"product_cat-koostise-jargi","13":"product_cat-kuiv","14":"product_cat-meik","15":"product_cat-naotuup","16":"product_cat-niatsiinamiid","17":"product_cat-niisutus","18":"product_cat-pohi","19":"product_cat-posepuna","20":"product_cat-probleem","21":"product_cat-roheline-tee","22":"product_cat-zenzenn","24":"first","25":"instock","26":"shipping-taxable","27":"purchasable","28":"product-type-simple"},"acf":[],"jetpack_sharing_enabled":true,"_links":{"self":[{"href":"https:\/\/purbeauty.eu\/lv\/wp-json\/wp\/v2\/product\/257","targetHints":{"allow":["GET"]}}],"collection":[{"href":"https:\/\/purbeauty.eu\/lv\/wp-json\/wp\/v2\/product"}],"about":[{"href":"https:\/\/purbeauty.eu\/lv\/wp-json\/wp\/v2\/types\/product"}],"wp:featuredmedia":[{"embeddable":true,"href":"https:\/\/purbeauty.eu\/lv\/wp-json\/wp\/v2\/media\/258"}],"wp:attachment":[{"href":"https:\/\/purbeauty.eu\/lv\/wp-json\/wp\/v2\/media?parent=257"}],"wp:term":[{"taxonomy":"product_brand","embeddable":true,"href":"https:\/\/purbeauty.eu\/lv\/wp-json\/wp\/v2\/product_brand?post=257"},{"taxonomy":"product_cat","embeddable":true,"href":"https:\/\/purbeauty.eu\/lv\/wp-json\/wp\/v2\/product_cat?post=257"},{"taxonomy":"product_tag","embeddable":true,"href":"https:\/\/purbeauty.eu\/lv\/wp-json\/wp\/v2\/product_tag?post=257"}],"curies":[{"name":"wp","href":"https:\/\/api.w.org\/{rel}","templated":true}]}}