{"id":264,"date":"2022-02-11T16:43:16","date_gmt":"2022-02-11T14:43:16","guid":{"rendered":"https:\/\/p\u00fcr.ee\/?post_type=product&#038;p=264"},"modified":"2026-04-15T07:45:01","modified_gmt":"2026-04-15T04:45:01","slug":"4-in-1-loose-setting-powder","status":"publish","type":"product","link":"https:\/\/purbeauty.eu\/lv\/products\/4-in-1-loose-setting-powder\/","title":{"rendered":"\u010cetri vien\u0101 birsto\u0161s pulveris"},"content":{"rendered":"","protected":false},"excerpt":{"rendered":"<p class=\"p1\">Atkl\u0101jiet ikdienas 4-in-1 birsto\u0161o p\u016bderi, kas ilg\u0101k notur grimu un korektoru, vienlaikus atst\u0101jot dabisku un vieglu apdari \u2013 bez salip\u0161anas vai k\u016bpin\u0101\u0161anas. M\u012bkstais un smalkgraudains p\u016bderis nodro\u0161ina caursp\u012bd\u012bgu mat\u0113tu apdari, kas neies\u0113\u017eas smalk\u0101s grumb\u0101s vai por\u0101s un neman\u0101mi sapl\u016bst ar \u0101du, pal\u012bdzot nov\u0113rst smalko grumbi\u0146u par\u0101d\u012b\u0161anos.<\/p>\n<p class=\"p1\">Pateicoties \u017ee\u0146\u0161e\u0146a, za\u013c\u0101s t\u0113jas un B vitam\u012bna kombin\u0101cijai, \u0161is p\u016bderis atsvaidzina \u0101du un samazina poru redzam\u012bbu, darbojoties k\u0101 neredzams pl\u012bvurs, kas saglab\u0101 j\u016bsu grimu nevainojamu visas dienas garum\u0101.<\/p>","protected":false},"featured_media":265,"template":"","meta":{"_acf_changed":false},"product_brand":[],"product_cat":[147,152,146,150,142,31,22,321,46,28,151,144,143,148,41,29,149,145],"product_tag":[],"class_list":{"0":"post-264","1":"product","2":"type-product","3":"status-publish","4":"has-post-thumbnail","6":"product_cat-akne-plekid","7":"product_cat-ebauhtlane-nahatoon","8":"product_cat-kombineeritud","9":"product_cat-kortsud","10":"product_cat-kuiv","11":"product_cat-meigipohi","12":"product_cat-meik","13":"product_cat-nahatuubid","14":"product_cat-naospreid","15":"product_cat-naotuup","16":"product_cat-niisutus","17":"product_cat-normaalne","18":"product_cat-oline","19":"product_cat-paikesekaitse","20":"product_cat-pohi","21":"product_cat-probleem","22":"product_cat-punetus","23":"product_cat-tundlik","25":"first","26":"instock","27":"shipping-taxable","28":"purchasable","29":"product-type-simple"},"acf":[],"jetpack_sharing_enabled":true,"_links":{"self":[{"href":"https:\/\/purbeauty.eu\/lv\/wp-json\/wp\/v2\/product\/264","targetHints":{"allow":["GET"]}}],"collection":[{"href":"https:\/\/purbeauty.eu\/lv\/wp-json\/wp\/v2\/product"}],"about":[{"href":"https:\/\/purbeauty.eu\/lv\/wp-json\/wp\/v2\/types\/product"}],"wp:featuredmedia":[{"embeddable":true,"href":"https:\/\/purbeauty.eu\/lv\/wp-json\/wp\/v2\/media\/265"}],"wp:attachment":[{"href":"https:\/\/purbeauty.eu\/lv\/wp-json\/wp\/v2\/media?parent=264"}],"wp:term":[{"taxonomy":"product_brand","embeddable":true,"href":"https:\/\/purbeauty.eu\/lv\/wp-json\/wp\/v2\/product_brand?post=264"},{"taxonomy":"product_cat","embeddable":true,"href":"https:\/\/purbeauty.eu\/lv\/wp-json\/wp\/v2\/product_cat?post=264"},{"taxonomy":"product_tag","embeddable":true,"href":"https:\/\/purbeauty.eu\/lv\/wp-json\/wp\/v2\/product_tag?post=264"}],"curies":[{"name":"wp","href":"https:\/\/api.w.org\/{rel}","templated":true}]}}