{"id":301,"date":"2022-02-18T18:10:54","date_gmt":"2022-02-18T16:10:54","guid":{"rendered":"https:\/\/p\u00fcr.ee\/?post_type=product&#038;p=301"},"modified":"2026-04-15T08:15:02","modified_gmt":"2026-04-15T05:15:02","slug":"big-look-ripsmeid-pikendav-ripsmetuss-argaania-oliga","status":"publish","type":"product","link":"https:\/\/purbeauty.eu\/lv\/products\/big-look-ripsmeid-pikendav-ripsmetuss-argaania-oliga\/","title":{"rendered":"Big Look skropstu tu\u0161a"},"content":{"rendered":"","protected":false},"excerpt":{"rendered":"<p class=\"p1\">Pacel savas skropstas jaun\u0101 l\u012bmen\u012b ar P\u00dcR Long Luxe Lashes skropstu tu\u0161u! Ja mekl\u0113jat vislab\u0101ko skropstu tu\u0161u bez kunku\u013ciem, esat to atradu\u0161i. Bag\u0101tin\u0101ta ar arg\u0101na e\u013c\u013cu, \u0161\u012b apjoma skropstu tu\u0161a p\u0101rkl\u0101j skropstas ar barojo\u0161u, intens\u012bvu kr\u0101su, vienlaikus pie\u0161\u0137irot apjomu un svaigu, mitru sp\u012bdumu. Ekskluz\u012bv\u0101 bez kunku\u013ciem birst\u012bte nodro\u0161ina vienm\u0113r\u012bgu p\u0101rkl\u0101jumu \u2013 pat sare\u017e\u0123\u012btos iek\u0161\u0113jos kakti\u0146os! \u012asts skaistuma br\u012bnums katr\u0101m skropst\u0101m.<\/p>\n<p class=\"\">","protected":false},"featured_media":5410,"template":"","meta":{"_acf_changed":false},"product_brand":[],"product_cat":[154,137,102,22,28,144,139,34],"product_tag":[],"class_list":{"0":"post-301","1":"product","2":"type-product","3":"status-publish","4":"has-post-thumbnail","6":"product_cat-a-e","7":"product_cat-e-vitamiin","8":"product_cat-koostise-jargi","9":"product_cat-meik","10":"product_cat-naotuup","11":"product_cat-normaalne","12":"product_cat-ripsmetusid","13":"product_cat-silmad","15":"first","16":"instock","17":"shipping-taxable","18":"purchasable","19":"product-type-simple"},"acf":[],"jetpack_sharing_enabled":true,"_links":{"self":[{"href":"https:\/\/purbeauty.eu\/lv\/wp-json\/wp\/v2\/product\/301","targetHints":{"allow":["GET"]}}],"collection":[{"href":"https:\/\/purbeauty.eu\/lv\/wp-json\/wp\/v2\/product"}],"about":[{"href":"https:\/\/purbeauty.eu\/lv\/wp-json\/wp\/v2\/types\/product"}],"wp:featuredmedia":[{"embeddable":true,"href":"https:\/\/purbeauty.eu\/lv\/wp-json\/wp\/v2\/media\/5410"}],"wp:attachment":[{"href":"https:\/\/purbeauty.eu\/lv\/wp-json\/wp\/v2\/media?parent=301"}],"wp:term":[{"taxonomy":"product_brand","embeddable":true,"href":"https:\/\/purbeauty.eu\/lv\/wp-json\/wp\/v2\/product_brand?post=301"},{"taxonomy":"product_cat","embeddable":true,"href":"https:\/\/purbeauty.eu\/lv\/wp-json\/wp\/v2\/product_cat?post=301"},{"taxonomy":"product_tag","embeddable":true,"href":"https:\/\/purbeauty.eu\/lv\/wp-json\/wp\/v2\/product_tag?post=301"}],"curies":[{"name":"wp","href":"https:\/\/api.w.org\/{rel}","templated":true}]}}