{"id":319,"date":"2022-02-18T19:17:35","date_gmt":"2022-02-18T17:17:35","guid":{"rendered":"https:\/\/p\u00fcr.ee\/?post_type=product&#038;p=319"},"modified":"2026-04-15T07:45:01","modified_gmt":"2026-04-15T04:45:01","slug":"chisel-brush","status":"publish","type":"product","link":"https:\/\/purbeauty.eu\/lv\/products\/chisel-brush\/","title":{"rendered":"Kaltu birste"},"content":{"rendered":"","protected":false},"excerpt":{"rendered":"<p class=\"p1\">&quot;Chisel Brush&quot; ir profesion\u0101la grima oti\u0146a, kas \u012bpa\u0161i izstr\u0101d\u0101ta P\u00dcR 4-in-1 pres\u0113t\u0101 miner\u0101lu grima perfektai uzkl\u0101\u0161anai. T\u0101s ergonomisk\u0101 forma un bl\u012bvi izvietotie sari\u0146i nodro\u0161ina vienm\u0113r\u012bgu, gludu un nevainojamu rezult\u0101tu, kas saglab\u0101jas visu dienu. T\u0101 ir ar\u012b lieliski piem\u0113rota lieto\u0161anai kop\u0101 ar citiem P\u00dcR p\u016bdera grima produktiem, lai pan\u0101ktu profesion\u0101lu rezult\u0101tu m\u0101j\u0101s vai studij\u0101.<\/p>","protected":false},"featured_media":320,"template":"","meta":{"_acf_changed":false},"product_brand":[],"product_cat":[31,22,41,99],"product_tag":[],"class_list":{"0":"post-319","1":"product","2":"type-product","3":"status-publish","4":"has-post-thumbnail","6":"product_cat-meigipohi","7":"product_cat-meik","8":"product_cat-pohi","9":"product_cat-tarvikud","11":"first","12":"instock","13":"shipping-taxable","14":"purchasable","15":"product-type-simple"},"acf":[],"jetpack_sharing_enabled":true,"_links":{"self":[{"href":"https:\/\/purbeauty.eu\/lv\/wp-json\/wp\/v2\/product\/319","targetHints":{"allow":["GET"]}}],"collection":[{"href":"https:\/\/purbeauty.eu\/lv\/wp-json\/wp\/v2\/product"}],"about":[{"href":"https:\/\/purbeauty.eu\/lv\/wp-json\/wp\/v2\/types\/product"}],"wp:featuredmedia":[{"embeddable":true,"href":"https:\/\/purbeauty.eu\/lv\/wp-json\/wp\/v2\/media\/320"}],"wp:attachment":[{"href":"https:\/\/purbeauty.eu\/lv\/wp-json\/wp\/v2\/media?parent=319"}],"wp:term":[{"taxonomy":"product_brand","embeddable":true,"href":"https:\/\/purbeauty.eu\/lv\/wp-json\/wp\/v2\/product_brand?post=319"},{"taxonomy":"product_cat","embeddable":true,"href":"https:\/\/purbeauty.eu\/lv\/wp-json\/wp\/v2\/product_cat?post=319"},{"taxonomy":"product_tag","embeddable":true,"href":"https:\/\/purbeauty.eu\/lv\/wp-json\/wp\/v2\/product_tag?post=319"}],"curies":[{"name":"wp","href":"https:\/\/api.w.org\/{rel}","templated":true}]}}