{"id":332,"date":"2022-02-18T19:49:20","date_gmt":"2022-02-18T19:49:20","guid":{"rendered":"https:\/\/p\u00fcr.ee\/?post_type=product&#038;p=332"},"modified":"2026-04-15T07:45:01","modified_gmt":"2026-04-15T04:45:01","slug":"forever-clean-naopuhastusvahend","status":"publish","type":"product","link":"https:\/\/purbeauty.eu\/lv\/products\/forever-clean-naopuhastusvahend\/","title":{"rendered":"Forever Clean \u2013 maigs putojo\u0161s t\u012br\u012b\u0161anas l\u012bdzeklis"},"content":{"rendered":"","protected":false},"excerpt":{"rendered":"<p class=\"p1\">Paceliet savu \u0101das kop\u0161anas rut\u012bnu jaun\u0101 l\u012bmen\u012b ar Forever Clean \u2013 maigu un atsvaidzino\u0161u t\u012br\u012b\u0161anas l\u012bdzekli, kas efekt\u012bvi no\u0146em net\u012brumus, e\u013c\u013cu un atlikumus, atst\u0101jot \u0101du mitrin\u0101tu un nomierin\u0101tu. Antioksidantiem bag\u0101t\u0101 formula, kas satur za\u013c\u0101s t\u0113jas un alvejas ekstraktus, pal\u012bdz dzi\u013ci mitrin\u0101t un nomierin\u0101t \u0101du. \u012apa\u0161ais tauri\u0146u nez\u0101\u013cu ekstrakts aizsarg\u0101 \u0101du no kait\u012bg\u0101s zil\u0101s gaismas, saglab\u0101jot to jaun\u0101kas un vesel\u012bg\u0101kas. Lieliski piem\u0113rots ikdienas lieto\u0161anai, pal\u012bdzot mazin\u0101t nevienm\u0113r\u012bgu \u0101das toni un priek\u0161laic\u012bgas noveco\u0161an\u0101s paz\u012bmes. Forever Clean tagad pied\u0101v\u0101 jaunu, videi draudz\u012bg\u0101ku un p\u0101rstr\u0101d\u0101jam\u0101ku iepakojumu, pal\u012bdzot samazin\u0101t iepakojuma atkritumus.<\/p>","protected":false},"featured_media":5370,"template":"","meta":{"_acf_changed":false},"product_brand":[],"product_cat":[152,24,146,150,101,153,321,23,28,151,144,29,44,145],"product_tag":[],"class_list":{"0":"post-332","1":"product","2":"type-product","3":"status-publish","4":"has-post-thumbnail","6":"product_cat-ebauhtlane-nahatoon","7":"product_cat-eripakkumised","8":"product_cat-kombineeritud","9":"product_cat-kortsud","10":"product_cat-muugihitid","11":"product_cat-nagu-naohooldus","12":"product_cat-nahatuubid","13":"product_cat-naohooldus","14":"product_cat-naotuup","15":"product_cat-niisutus","16":"product_cat-normaalne","17":"product_cat-probleem","18":"product_cat-puhastusvahendid","19":"product_cat-tundlik","21":"first","22":"instock","23":"shipping-taxable","24":"purchasable","25":"product-type-simple"},"acf":[],"jetpack_sharing_enabled":true,"_links":{"self":[{"href":"https:\/\/purbeauty.eu\/lv\/wp-json\/wp\/v2\/product\/332","targetHints":{"allow":["GET"]}}],"collection":[{"href":"https:\/\/purbeauty.eu\/lv\/wp-json\/wp\/v2\/product"}],"about":[{"href":"https:\/\/purbeauty.eu\/lv\/wp-json\/wp\/v2\/types\/product"}],"wp:featuredmedia":[{"embeddable":true,"href":"https:\/\/purbeauty.eu\/lv\/wp-json\/wp\/v2\/media\/5370"}],"wp:attachment":[{"href":"https:\/\/purbeauty.eu\/lv\/wp-json\/wp\/v2\/media?parent=332"}],"wp:term":[{"taxonomy":"product_brand","embeddable":true,"href":"https:\/\/purbeauty.eu\/lv\/wp-json\/wp\/v2\/product_brand?post=332"},{"taxonomy":"product_cat","embeddable":true,"href":"https:\/\/purbeauty.eu\/lv\/wp-json\/wp\/v2\/product_cat?post=332"},{"taxonomy":"product_tag","embeddable":true,"href":"https:\/\/purbeauty.eu\/lv\/wp-json\/wp\/v2\/product_tag?post=332"}],"curies":[{"name":"wp","href":"https:\/\/api.w.org\/{rel}","templated":true}]}}