{"id":344,"date":"2022-02-18T20:03:44","date_gmt":"2022-02-18T18:03:44","guid":{"rendered":"https:\/\/p\u00fcr.ee\/?post_type=product&#038;p=344"},"modified":"2026-04-15T07:45:02","modified_gmt":"2026-04-15T04:45:02","slug":"joystick-exfoliating-sugav-pooride-puhastaja","status":"publish","type":"product","link":"https:\/\/purbeauty.eu\/lv\/products\/joystick-exfoliating-sugav-pooride-puhastaja\/","title":{"rendered":"Joystick p\u012blings dzi\u013co poru t\u012br\u012b\u0161anas l\u012bdzeklis"},"content":{"rendered":"","protected":false},"excerpt":{"rendered":"<p class=\"p1\"><b>P\u00dcR See No More Deep Pore Cleanser Stick \u2013 dzi\u013ci att\u012bro\u0161s p\u012blinga sejas t\u012br\u012b\u0161anas l\u012bdzeklis<\/b><b><\/b><\/p>\n<p class=\"p3\">Ieg\u016bstiet glud\u0101ku, starojo\u0161\u0101ku un vesel\u012bg\u0101ku sejas \u0101du ar P\u00dcR See No More Deep Cleansing Cleansing Stick. \u0160is 3-in-1 sejas t\u012br\u012b\u0161anas l\u012bdzeklis vienlaikus att\u012bra, noloba un toniz\u0113 \u0101du, pal\u012bdzot efekt\u012bvi no\u0146emt net\u012brumus, lieko e\u013c\u013cu un aizsprostojumus. Putojo\u0161\u0101 formula aktiviz\u0113jas saskar\u0113 ar \u016bdeni, dzi\u013ci att\u012brot poras un atst\u0101jot \u0101du svaigu un l\u012bdzsvarotu. Ide\u0101li piem\u0113rots ikdienas lieto\u0161anai visiem \u0101das tipiem, bet \u012bpa\u0161i piem\u0113rots problem\u0101tiskai un uz akni tend\u0113tai \u0101dai.<\/p>","protected":false},"featured_media":345,"template":"","meta":{"_acf_changed":false},"product_brand":[],"product_cat":[147,152,146,150,142,153,321,23,119,28,151,144,143,29,44,145],"product_tag":[],"class_list":{"0":"post-344","1":"product","2":"type-product","3":"status-publish","4":"has-post-thumbnail","6":"product_cat-akne-plekid","7":"product_cat-ebauhtlane-nahatoon","8":"product_cat-kombineeritud","9":"product_cat-kortsud","10":"product_cat-kuiv","11":"product_cat-nagu-naohooldus","12":"product_cat-nahatuubid","13":"product_cat-naohooldus","14":"product_cat-naomaskid","15":"product_cat-naotuup","16":"product_cat-niisutus","17":"product_cat-normaalne","18":"product_cat-oline","19":"product_cat-probleem","20":"product_cat-puhastusvahendid","21":"product_cat-tundlik","23":"first","24":"instock","25":"shipping-taxable","26":"purchasable","27":"product-type-simple"},"acf":[],"jetpack_sharing_enabled":true,"_links":{"self":[{"href":"https:\/\/purbeauty.eu\/lv\/wp-json\/wp\/v2\/product\/344","targetHints":{"allow":["GET"]}}],"collection":[{"href":"https:\/\/purbeauty.eu\/lv\/wp-json\/wp\/v2\/product"}],"about":[{"href":"https:\/\/purbeauty.eu\/lv\/wp-json\/wp\/v2\/types\/product"}],"wp:featuredmedia":[{"embeddable":true,"href":"https:\/\/purbeauty.eu\/lv\/wp-json\/wp\/v2\/media\/345"}],"wp:attachment":[{"href":"https:\/\/purbeauty.eu\/lv\/wp-json\/wp\/v2\/media?parent=344"}],"wp:term":[{"taxonomy":"product_brand","embeddable":true,"href":"https:\/\/purbeauty.eu\/lv\/wp-json\/wp\/v2\/product_brand?post=344"},{"taxonomy":"product_cat","embeddable":true,"href":"https:\/\/purbeauty.eu\/lv\/wp-json\/wp\/v2\/product_cat?post=344"},{"taxonomy":"product_tag","embeddable":true,"href":"https:\/\/purbeauty.eu\/lv\/wp-json\/wp\/v2\/product_tag?post=344"}],"curies":[{"name":"wp","href":"https:\/\/api.w.org\/{rel}","templated":true}]}}