{"id":3500,"date":"2023-06-20T22:28:24","date_gmt":"2023-06-20T19:28:24","guid":{"rendered":"https:\/\/purbeauty.eu\/toode\/pm-5pc-brush-set-silver\/"},"modified":"2026-04-15T07:50:01","modified_gmt":"2026-04-15T04:50:01","slug":"pm-5pc-brush-set-silver","status":"publish","type":"product","link":"https:\/\/purbeauty.eu\/lv\/products\/pm-5pc-brush-set-silver\/","title":{"rendered":"Grima otu komplekts 5 gab."},"content":{"rendered":"","protected":false},"excerpt":{"rendered":"<p>Ar \u0161o grezno P\u00dcR x CARE 5-da\u013c\u012bgo Cruelty Free otu komplektu ar tur\u0113t\u0101ju j\u016bs varat izveidot nebeidzamu grima izskatu \u2013 katra bl\u012bvi pild\u012bta grima oti\u0146a sast\u0101v no vi\u013c\u0146ot\u0101m un taisn\u0101m sint\u0113tisk\u0101m \u0161\u0137iedr\u0101m, lai nodro\u0161in\u0101tu kontrol\u0113t\u0101ku uzkl\u0101\u0161anu un maz\u0101ku nokri\u0161\u0146u daudzumu.<\/p>\n<p><strong>Komplekt\u0101 ietilpst:<\/strong><br \/>\nVaigu s\u0101rtuma oti\u0146a, p\u016bdera oti\u0146a, acu \u0113nu ton\u0101l\u0101 oti\u0146a, acu \u0113nu sajauk\u0161anas oti\u0146a un acu \u0113nu kroku oti\u0146a<\/p>\n<p><strong>Ko tas dara:<\/strong><br \/>\nProfesion\u0101la kvalit\u0101te, pal\u012bdz rad\u012bt nevainojamu izskatu, viegls, bl\u012bvi iesai\u0146ots, sint\u0113tisk\u0101s \u0161\u0137iedras, veg\u0101ns un kontrol\u0113ts pielietojums<\/p>\n<p><strong>*Ie\u0146\u0113mumi no P\u00dcR x CARE kolekcijas produkta ieg\u0101des nodro\u0161in\u0101s 100 000 USD ziedojumu CARE, kas pal\u012bdz c\u012bn\u012bties pret nabadz\u012bbu vis\u0101 pasaul\u0113. Pievienojieties mums \u0161aj\u0101 c\u012b\u0146\u0101.<\/strong><\/p>","protected":false},"featured_media":3503,"template":"","meta":{"_acf_changed":false},"product_brand":[],"product_cat":[299,22,99,21],"product_tag":[],"class_list":{"0":"post-3500","1":"product","2":"type-product","3":"status-publish","4":"has-post-thumbnail","6":"product_cat-komplektid","7":"product_cat-meik","8":"product_cat-tarvikud","9":"product_cat-uued","11":"first","12":"instock","13":"shipping-taxable","14":"purchasable","15":"product-type-simple"},"acf":[],"jetpack_sharing_enabled":true,"_links":{"self":[{"href":"https:\/\/purbeauty.eu\/lv\/wp-json\/wp\/v2\/product\/3500","targetHints":{"allow":["GET"]}}],"collection":[{"href":"https:\/\/purbeauty.eu\/lv\/wp-json\/wp\/v2\/product"}],"about":[{"href":"https:\/\/purbeauty.eu\/lv\/wp-json\/wp\/v2\/types\/product"}],"wp:featuredmedia":[{"embeddable":true,"href":"https:\/\/purbeauty.eu\/lv\/wp-json\/wp\/v2\/media\/3503"}],"wp:attachment":[{"href":"https:\/\/purbeauty.eu\/lv\/wp-json\/wp\/v2\/media?parent=3500"}],"wp:term":[{"taxonomy":"product_brand","embeddable":true,"href":"https:\/\/purbeauty.eu\/lv\/wp-json\/wp\/v2\/product_brand?post=3500"},{"taxonomy":"product_cat","embeddable":true,"href":"https:\/\/purbeauty.eu\/lv\/wp-json\/wp\/v2\/product_cat?post=3500"},{"taxonomy":"product_tag","embeddable":true,"href":"https:\/\/purbeauty.eu\/lv\/wp-json\/wp\/v2\/product_tag?post=3500"}],"curies":[{"name":"wp","href":"https:\/\/api.w.org\/{rel}","templated":true}]}}