{"id":352,"date":"2022-02-18T20:12:54","date_gmt":"2022-02-18T18:12:54","guid":{"rendered":"https:\/\/p\u00fcr.ee\/?post_type=product&#038;p=352"},"modified":"2026-04-15T07:45:02","modified_gmt":"2026-04-15T04:45:02","slug":"lit-mist-illuminating-setting-spray","status":"publish","type":"product","link":"https:\/\/purbeauty.eu\/lv\/products\/lit-mist-illuminating-setting-spray\/","title":{"rendered":"Lit Mist Illuminating Setting Spray"},"content":{"rendered":"","protected":false},"excerpt":{"rendered":"<p class=\"p1\">Pie\u0161\u0137iriet savai noguru\u0161ai un bl\u0101vai \u0101dai jaunu dz\u012bv\u012bbu ar P\u00dcR <span class=\"s1\"><b>Apgaismota migla<\/b><\/span> ar sp\u012bdumu pie\u0161\u0137iro\u0161u grima fiks\u0101cijas aerosolu, kas <span class=\"s1\"><b>mitrina \u0101du, fiks\u0113 grimu un aizsarg\u0101 pret apk\u0101rt\u0113j\u0101s vides ietekmi<\/b><\/span>, ieskaitot redzamus zil\u0101s gaismas boj\u0101jumus. \u0160is vieglais un atsvaidzino\u0161ais sprejs pie\u0161\u0137ir \u0101dai skaistu, mitrino\u0161u mirdzumu \u2013 it k\u0101 j\u016bs pamod\u0101ties atsvaidzin\u0101ts un starojo\u0161s.<\/p>","protected":false},"featured_media":4697,"template":"","meta":{"_acf_changed":false},"product_brand":[],"product_cat":[147,152,146,150,142,22,153,321,23,45,46,28,151,144,143,41,29,145,129],"product_tag":[],"class_list":{"0":"post-352","1":"product","2":"type-product","3":"status-publish","4":"has-post-thumbnail","6":"product_cat-akne-plekid","7":"product_cat-ebauhtlane-nahatoon","8":"product_cat-kombineeritud","9":"product_cat-kortsud","10":"product_cat-kuiv","11":"product_cat-meik","12":"product_cat-nagu-naohooldus","13":"product_cat-nahatuubid","14":"product_cat-naohooldus","15":"product_cat-naoseerumid-olid","16":"product_cat-naospreid","17":"product_cat-naotuup","18":"product_cat-niisutus","19":"product_cat-normaalne","20":"product_cat-oline","21":"product_cat-pohi","22":"product_cat-probleem","23":"product_cat-tundlik","24":"product_cat-zenzenn","26":"first","27":"instock","28":"shipping-taxable","29":"purchasable","30":"product-type-simple"},"acf":[],"jetpack_sharing_enabled":true,"_links":{"self":[{"href":"https:\/\/purbeauty.eu\/lv\/wp-json\/wp\/v2\/product\/352","targetHints":{"allow":["GET"]}}],"collection":[{"href":"https:\/\/purbeauty.eu\/lv\/wp-json\/wp\/v2\/product"}],"about":[{"href":"https:\/\/purbeauty.eu\/lv\/wp-json\/wp\/v2\/types\/product"}],"wp:featuredmedia":[{"embeddable":true,"href":"https:\/\/purbeauty.eu\/lv\/wp-json\/wp\/v2\/media\/4697"}],"wp:attachment":[{"href":"https:\/\/purbeauty.eu\/lv\/wp-json\/wp\/v2\/media?parent=352"}],"wp:term":[{"taxonomy":"product_brand","embeddable":true,"href":"https:\/\/purbeauty.eu\/lv\/wp-json\/wp\/v2\/product_brand?post=352"},{"taxonomy":"product_cat","embeddable":true,"href":"https:\/\/purbeauty.eu\/lv\/wp-json\/wp\/v2\/product_cat?post=352"},{"taxonomy":"product_tag","embeddable":true,"href":"https:\/\/purbeauty.eu\/lv\/wp-json\/wp\/v2\/product_tag?post=352"}],"curies":[{"name":"wp","href":"https:\/\/api.w.org\/{rel}","templated":true}]}}