{"id":3927,"date":"2023-12-27T22:06:23","date_gmt":"2023-12-27T20:06:23","guid":{"rendered":"https:\/\/purbeauty.eu\/toode\/pm-sea-fresh-purifying-gel-foam-cleanser\/"},"modified":"2026-04-15T07:50:01","modified_gmt":"2026-04-15T04:50:01","slug":"pm-sea-fresh-purifying-gel-foam-cleanser","status":"publish","type":"product","link":"https:\/\/purbeauty.eu\/lv\/products\/pm-sea-fresh-purifying-gel-foam-cleanser\/","title":{"rendered":"Sea Fresh Purifying Gel Foam Cleanser"},"content":{"rendered":"","protected":false},"excerpt":{"rendered":"<p class=\"p1\">Ikdienas att\u012bro\u0161s, bet maigs \u017eelejveida putojo\u0161s sejas t\u012br\u012b\u0161anas l\u012bdzeklis ar j\u016bras \u016bdeni, za\u013ca\u013c\u0123\u0113m un j\u016brasz\u0101l\u0113m. Dzi\u013ci att\u012bra \u0101du un atst\u0101j to svaiguma un ener\u0123ijas pilnu \u2013 tas viss tikai vien\u0101 sol\u012b!<b><\/b><\/p>\n<p class=\"p3\">Pild\u012bjuma svars: 150 ml<\/p>","protected":false},"featured_media":4747,"template":"","meta":{"_acf_changed":false},"product_brand":[],"product_cat":[147,152,146,150,153,321,23,28,151,144,143,29,44,149,145],"product_tag":[],"class_list":{"0":"post-3927","1":"product","2":"type-product","3":"status-publish","4":"has-post-thumbnail","6":"product_cat-akne-plekid","7":"product_cat-ebauhtlane-nahatoon","8":"product_cat-kombineeritud","9":"product_cat-kortsud","10":"product_cat-nagu-naohooldus","11":"product_cat-nahatuubid","12":"product_cat-naohooldus","13":"product_cat-naotuup","14":"product_cat-niisutus","15":"product_cat-normaalne","16":"product_cat-oline","17":"product_cat-probleem","18":"product_cat-puhastusvahendid","19":"product_cat-punetus","20":"product_cat-tundlik","22":"first","23":"instock","24":"shipping-taxable","25":"purchasable","26":"product-type-simple"},"acf":[],"jetpack_sharing_enabled":true,"_links":{"self":[{"href":"https:\/\/purbeauty.eu\/lv\/wp-json\/wp\/v2\/product\/3927","targetHints":{"allow":["GET"]}}],"collection":[{"href":"https:\/\/purbeauty.eu\/lv\/wp-json\/wp\/v2\/product"}],"about":[{"href":"https:\/\/purbeauty.eu\/lv\/wp-json\/wp\/v2\/types\/product"}],"wp:featuredmedia":[{"embeddable":true,"href":"https:\/\/purbeauty.eu\/lv\/wp-json\/wp\/v2\/media\/4747"}],"wp:attachment":[{"href":"https:\/\/purbeauty.eu\/lv\/wp-json\/wp\/v2\/media?parent=3927"}],"wp:term":[{"taxonomy":"product_brand","embeddable":true,"href":"https:\/\/purbeauty.eu\/lv\/wp-json\/wp\/v2\/product_brand?post=3927"},{"taxonomy":"product_cat","embeddable":true,"href":"https:\/\/purbeauty.eu\/lv\/wp-json\/wp\/v2\/product_cat?post=3927"},{"taxonomy":"product_tag","embeddable":true,"href":"https:\/\/purbeauty.eu\/lv\/wp-json\/wp\/v2\/product_tag?post=3927"}],"curies":[{"name":"wp","href":"https:\/\/api.w.org\/{rel}","templated":true}]}}