{"id":3929,"date":"2023-12-27T22:06:25","date_gmt":"2023-12-27T20:06:25","guid":{"rendered":"https:\/\/purbeauty.eu\/toode\/pm-self-soothing-mask\/"},"modified":"2026-04-15T07:50:02","modified_gmt":"2026-04-15T04:50:02","slug":"pm-self-soothing-mask","status":"publish","type":"product","link":"https:\/\/purbeauty.eu\/lv\/products\/pm-self-soothing-mask\/","title":{"rendered":"Pa\u0161nomierino\u0161a barojo\u0161a probiotiska sejas maska"},"content":{"rendered":"","protected":false},"excerpt":{"rendered":"<p><b>Barojo\u0161a sejas maska \u2013 mitrino\u0161a un nomierino\u0161a kop\u0161ana<\/b><\/p>\n<p class=\"p3\">\u0160\u012b bar\u012bbas viel\u0101m bag\u0101t\u0101 maska, kas satur keram\u012bdus, cica augu ekstraktu un probiotikas, darbojas gan k\u0101 mitrin\u0101t\u0101js, gan k\u0101 nakts kop\u0161anas l\u012bdzeklis, pal\u012bdzot atjaunot \u0101das mitruma l\u012bdzsvaru un padarot to svaig\u0101ku un vesel\u012bg\u0101ku.<\/p>","protected":false},"featured_media":3978,"template":"","meta":{"_acf_changed":false},"product_brand":[],"product_cat":[147,152,146,150,142,153,321,23,119,28,151,144,143,29,44,149,145],"product_tag":[],"class_list":{"0":"post-3929","1":"product","2":"type-product","3":"status-publish","4":"has-post-thumbnail","6":"product_cat-akne-plekid","7":"product_cat-ebauhtlane-nahatoon","8":"product_cat-kombineeritud","9":"product_cat-kortsud","10":"product_cat-kuiv","11":"product_cat-nagu-naohooldus","12":"product_cat-nahatuubid","13":"product_cat-naohooldus","14":"product_cat-naomaskid","15":"product_cat-naotuup","16":"product_cat-niisutus","17":"product_cat-normaalne","18":"product_cat-oline","19":"product_cat-probleem","20":"product_cat-puhastusvahendid","21":"product_cat-punetus","22":"product_cat-tundlik","24":"first","25":"instock","26":"shipping-taxable","27":"purchasable","28":"product-type-simple"},"acf":[],"jetpack_sharing_enabled":true,"_links":{"self":[{"href":"https:\/\/purbeauty.eu\/lv\/wp-json\/wp\/v2\/product\/3929","targetHints":{"allow":["GET"]}}],"collection":[{"href":"https:\/\/purbeauty.eu\/lv\/wp-json\/wp\/v2\/product"}],"about":[{"href":"https:\/\/purbeauty.eu\/lv\/wp-json\/wp\/v2\/types\/product"}],"wp:featuredmedia":[{"embeddable":true,"href":"https:\/\/purbeauty.eu\/lv\/wp-json\/wp\/v2\/media\/3978"}],"wp:attachment":[{"href":"https:\/\/purbeauty.eu\/lv\/wp-json\/wp\/v2\/media?parent=3929"}],"wp:term":[{"taxonomy":"product_brand","embeddable":true,"href":"https:\/\/purbeauty.eu\/lv\/wp-json\/wp\/v2\/product_brand?post=3929"},{"taxonomy":"product_cat","embeddable":true,"href":"https:\/\/purbeauty.eu\/lv\/wp-json\/wp\/v2\/product_cat?post=3929"},{"taxonomy":"product_tag","embeddable":true,"href":"https:\/\/purbeauty.eu\/lv\/wp-json\/wp\/v2\/product_tag?post=3929"}],"curies":[{"name":"wp","href":"https:\/\/api.w.org\/{rel}","templated":true}]}}