{"id":3931,"date":"2023-12-27T22:06:26","date_gmt":"2023-12-27T20:06:26","guid":{"rendered":"https:\/\/purbeauty.eu\/toode\/ceretin-boost\/"},"modified":"2026-04-15T07:50:01","modified_gmt":"2026-04-15T04:50:01","slug":"ceretin-boost","status":"publish","type":"product","link":"https:\/\/purbeauty.eu\/lv\/products\/ceretin-boost\/","title":{"rendered":"Ceretin Boost Age Defying Retinol Serums"},"content":{"rendered":"<p class=\"p1\"><b>Retinola serums pret noveco\u0161anos<\/b><b><\/b><\/p>\n<p class=\"p2\">Pie\u0161\u0137iriet savai \u0101dai sp\u0113c\u012bgu pretnoveco\u0161an\u0101s ieguvumu devu \u2013 \u0161is \u0101das kop\u0161anas retinola serums pal\u012bdz redzami gludai un apa\u013c\u012bgai \u0101dai. Atjaunin\u0101t\u0101 formula satur 4 reizes sp\u0113c\u012bg\u0101ku Ceretin kompleksu, kas pal\u012bdz samazin\u0101t smalk\u0101s l\u012bnijas un pie\u0161\u0137ir \u0101dai jaunekl\u012bgu mirdzumu.<\/p>\n<p class=\"p2\"><span class=\"s1\"><b>Pild\u012bjuma svars:<\/b><\/span> 30 ml \/ 1 \u0161\u0137idruma unce<\/p>","protected":false},"excerpt":{"rendered":"<p class=\"p1\"><b>Retinola serums pret noveco\u0161anos<\/b><b><\/b><\/p>\n<p class=\"p2\">Pie\u0161\u0137iriet savai \u0101dai sp\u0113c\u012bgu pretnoveco\u0161an\u0101s ieguvumu devu \u2013 \u0161is \u0101das kop\u0161anas retinola serums pal\u012bdz redzami gludai un apa\u013c\u012bgai \u0101dai. Atjaunin\u0101t\u0101 formula satur 4 reizes sp\u0113c\u012bg\u0101ku Ceretin kompleksu, kas pal\u012bdz samazin\u0101t smalk\u0101s l\u012bnijas un pie\u0161\u0137ir \u0101dai jaunekl\u012bgu mirdzumu.<\/p>\n<p class=\"p2\"><span class=\"s1\"><b>Pild\u012bjuma svars:<\/b><\/span> 30 ml \/ 1 \u0161\u0137idruma unce<\/p>","protected":false},"featured_media":3509,"template":"","meta":{"_acf_changed":false},"product_brand":[],"product_cat":[147,152,146,150,142,153,321,23,45,28,151,144,143,29,149,121,145],"product_tag":[],"class_list":{"0":"post-3931","1":"product","2":"type-product","3":"status-publish","4":"has-post-thumbnail","6":"product_cat-akne-plekid","7":"product_cat-ebauhtlane-nahatoon","8":"product_cat-kombineeritud","9":"product_cat-kortsud","10":"product_cat-kuiv","11":"product_cat-nagu-naohooldus","12":"product_cat-nahatuubid","13":"product_cat-naohooldus","14":"product_cat-naoseerumid-olid","15":"product_cat-naotuup","16":"product_cat-niisutus","17":"product_cat-normaalne","18":"product_cat-oline","19":"product_cat-probleem","20":"product_cat-punetus","21":"product_cat-seerumid","22":"product_cat-tundlik","24":"first","25":"instock","26":"shipping-taxable","27":"purchasable","28":"product-type-simple"},"acf":[],"jetpack_sharing_enabled":true,"_links":{"self":[{"href":"https:\/\/purbeauty.eu\/lv\/wp-json\/wp\/v2\/product\/3931","targetHints":{"allow":["GET"]}}],"collection":[{"href":"https:\/\/purbeauty.eu\/lv\/wp-json\/wp\/v2\/product"}],"about":[{"href":"https:\/\/purbeauty.eu\/lv\/wp-json\/wp\/v2\/types\/product"}],"wp:featuredmedia":[{"embeddable":true,"href":"https:\/\/purbeauty.eu\/lv\/wp-json\/wp\/v2\/media\/3509"}],"wp:attachment":[{"href":"https:\/\/purbeauty.eu\/lv\/wp-json\/wp\/v2\/media?parent=3931"}],"wp:term":[{"taxonomy":"product_brand","embeddable":true,"href":"https:\/\/purbeauty.eu\/lv\/wp-json\/wp\/v2\/product_brand?post=3931"},{"taxonomy":"product_cat","embeddable":true,"href":"https:\/\/purbeauty.eu\/lv\/wp-json\/wp\/v2\/product_cat?post=3931"},{"taxonomy":"product_tag","embeddable":true,"href":"https:\/\/purbeauty.eu\/lv\/wp-json\/wp\/v2\/product_tag?post=3931"}],"curies":[{"name":"wp","href":"https:\/\/api.w.org\/{rel}","templated":true}]}}