{"id":3932,"date":"2023-12-27T22:06:28","date_gmt":"2023-12-27T20:06:28","guid":{"rendered":"https:\/\/purbeauty.eu\/toode\/get-a-lift-facial-cream\/"},"modified":"2026-04-15T07:50:01","modified_gmt":"2026-04-15T04:50:01","slug":"get-a-lift-facial-cream","status":"publish","type":"product","link":"https:\/\/purbeauty.eu\/lv\/products\/get-a-lift-facial-cream\/","title":{"rendered":"Ieg\u016bstiet Lift nostiprino\u0161u sejas kr\u0113mu, mitrin\u0101t\u0101ju"},"content":{"rendered":"","protected":false},"excerpt":{"rendered":"<p>Get A Lift ir nostiprino\u0161s un mitrino\u0161s luksusa sejas kr\u0113ms, kas apvieno vair\u0101kas pretnoveco\u0161an\u0101s sast\u0101vda\u013cas, lai paceltu un atjaunotu \u0101das jaunekl\u012bgo elast\u012bbu.<\/p>\n<p class=\"p1\">Bag\u0101tin\u0101ts ar r\u016bp\u012bgi atlas\u012bt\u0101m sast\u0101vda\u013c\u0101m, lai uzlabotu \u0101das elast\u012bbu un samazin\u0101tu smalko l\u012bniju un grumbu redzam\u012bbu. Piem\u0113rots ikdienas lieto\u0161anai visiem \u0101das tipiem.<\/p>\n<p class=\"p2\">\n<ul>\n<li>\n<p class=\"p1\">Dzi\u013ci mitrino\u0161s un viegli uzs\u016bcas<\/p>\n<\/li>\n<li>\n<p class=\"p1\">Uzlabo \u0101das tekst\u016bru un elast\u012bbu<\/p>\n<\/li>\n<li>\n<p class=\"p1\">Samazina noveco\u0161an\u0101s paz\u012bmes<\/p>\n<\/li>\n<li>\n<p class=\"p1\">Ide\u0101li piem\u0113rots \u0101das savilk\u0161anai un balin\u0101\u0161anai<\/p>\n<\/li>\n<\/ul>\n<p>&nbsp;<\/p>\n<p>Produkta svars: 50 g<\/p>","protected":false},"featured_media":4725,"template":"","meta":{"_acf_changed":false},"product_brand":[],"product_cat":[147,152,146,150,142,153,321,23,42,28,151,144,143,29,149,145],"product_tag":[],"class_list":{"0":"post-3932","1":"product","2":"type-product","3":"status-publish","4":"has-post-thumbnail","6":"product_cat-akne-plekid","7":"product_cat-ebauhtlane-nahatoon","8":"product_cat-kombineeritud","9":"product_cat-kortsud","10":"product_cat-kuiv","11":"product_cat-nagu-naohooldus","12":"product_cat-nahatuubid","13":"product_cat-naohooldus","14":"product_cat-naokreemid","15":"product_cat-naotuup","16":"product_cat-niisutus","17":"product_cat-normaalne","18":"product_cat-oline","19":"product_cat-probleem","20":"product_cat-punetus","21":"product_cat-tundlik","23":"first","24":"instock","25":"shipping-taxable","26":"purchasable","27":"product-type-simple"},"acf":[],"jetpack_sharing_enabled":true,"_links":{"self":[{"href":"https:\/\/purbeauty.eu\/lv\/wp-json\/wp\/v2\/product\/3932","targetHints":{"allow":["GET"]}}],"collection":[{"href":"https:\/\/purbeauty.eu\/lv\/wp-json\/wp\/v2\/product"}],"about":[{"href":"https:\/\/purbeauty.eu\/lv\/wp-json\/wp\/v2\/types\/product"}],"wp:featuredmedia":[{"embeddable":true,"href":"https:\/\/purbeauty.eu\/lv\/wp-json\/wp\/v2\/media\/4725"}],"wp:attachment":[{"href":"https:\/\/purbeauty.eu\/lv\/wp-json\/wp\/v2\/media?parent=3932"}],"wp:term":[{"taxonomy":"product_brand","embeddable":true,"href":"https:\/\/purbeauty.eu\/lv\/wp-json\/wp\/v2\/product_brand?post=3932"},{"taxonomy":"product_cat","embeddable":true,"href":"https:\/\/purbeauty.eu\/lv\/wp-json\/wp\/v2\/product_cat?post=3932"},{"taxonomy":"product_tag","embeddable":true,"href":"https:\/\/purbeauty.eu\/lv\/wp-json\/wp\/v2\/product_tag?post=3932"}],"curies":[{"name":"wp","href":"https:\/\/api.w.org\/{rel}","templated":true}]}}