{"id":4459,"date":"2024-06-06T12:16:11","date_gmt":"2024-06-06T09:16:11","guid":{"rendered":"https:\/\/purbeauty.eu\/?post_type=product&#038;p=4459"},"modified":"2026-04-15T08:05:02","modified_gmt":"2026-04-15T05:05:02","slug":"on-point-tint-creamy-eyeshadow-primer-with-peptides","status":"publish","type":"product","link":"https:\/\/purbeauty.eu\/lv\/products\/on-point-tint-creamy-eyeshadow-primer-with-peptides\/","title":{"rendered":"On Point Tint kr\u0113mveida acu \u0113nas un gruntskr\u0101sas ar pept\u012bdiem"},"content":{"rendered":"","protected":false},"excerpt":{"rendered":"<p class=\"p1\"><b>On Point Tint \u2013 kr\u0113m\u012bgas acu \u0113nas un b\u0101ze vien\u0101!<\/b><b><\/b><\/p>\n<p class=\"p2\">Atkl\u0101jiet greznu kr\u0113mveida l\u012bdz p\u016bdera tekst\u016bru, kas pie\u0161\u0137ir j\u016bsu ac\u012bm vieglu l\u012bdz vid\u0113ji sedzo\u0161u efektu, svaigu un starojo\u0161u izskatu. Formulas sast\u0101v\u0101 ir augsts pigmentu saturs intens\u012bvam un ilgsto\u0161am rezult\u0101tam \u2013 bez krok\u0101m vai krunci\u0146\u0101m!<\/p>","protected":false},"featured_media":4688,"template":"","meta":{"_acf_changed":false},"product_brand":[],"product_cat":[155,102,134,290,22,34,21],"product_tag":[],"class_list":{"0":"post-4459","1":"product","2":"type-product","3":"status-publish","4":"has-post-thumbnail","6":"product_cat-f-z","7":"product_cat-koostise-jargi","8":"product_cat-kurkum","9":"product_cat-lauvarvid","10":"product_cat-meik","11":"product_cat-silmad","12":"product_cat-uued","14":"first","15":"instock","16":"shipping-taxable","17":"purchasable","18":"product-type-variable"},"acf":[],"jetpack_sharing_enabled":true,"_links":{"self":[{"href":"https:\/\/purbeauty.eu\/lv\/wp-json\/wp\/v2\/product\/4459","targetHints":{"allow":["GET"]}}],"collection":[{"href":"https:\/\/purbeauty.eu\/lv\/wp-json\/wp\/v2\/product"}],"about":[{"href":"https:\/\/purbeauty.eu\/lv\/wp-json\/wp\/v2\/types\/product"}],"wp:featuredmedia":[{"embeddable":true,"href":"https:\/\/purbeauty.eu\/lv\/wp-json\/wp\/v2\/media\/4688"}],"wp:attachment":[{"href":"https:\/\/purbeauty.eu\/lv\/wp-json\/wp\/v2\/media?parent=4459"}],"wp:term":[{"taxonomy":"product_brand","embeddable":true,"href":"https:\/\/purbeauty.eu\/lv\/wp-json\/wp\/v2\/product_brand?post=4459"},{"taxonomy":"product_cat","embeddable":true,"href":"https:\/\/purbeauty.eu\/lv\/wp-json\/wp\/v2\/product_cat?post=4459"},{"taxonomy":"product_tag","embeddable":true,"href":"https:\/\/purbeauty.eu\/lv\/wp-json\/wp\/v2\/product_tag?post=4459"}],"curies":[{"name":"wp","href":"https:\/\/api.w.org\/{rel}","templated":true}]}}