{"id":4478,"date":"2024-06-06T12:54:58","date_gmt":"2024-06-06T09:54:58","guid":{"rendered":"https:\/\/purbeauty.eu\/?post_type=product&#038;p=4478"},"modified":"2026-04-15T07:50:02","modified_gmt":"2026-04-15T04:50:02","slug":"silky-tint-creamy-multitasking-stick-with-peptides","status":"publish","type":"product","link":"https:\/\/purbeauty.eu\/lv\/products\/silky-tint-creamy-multitasking-stick-with-peptides\/","title":{"rendered":"Z\u012bdaini nokr\u0101sas kr\u0113mveida daudzuzdevumu n\u016bja ar pept\u012bdiem"},"content":{"rendered":"","protected":false},"excerpt":{"rendered":"<p class=\"p1\">Radi skaistu, starojo\u0161u sejas kr\u0101su ar Silky Tint Creamy Multitasking Blush Stick, kas izl\u012bdzina un izce\u013c sejas kr\u0101su, pie\u0161\u0137irot tai t\u016bl\u012bt\u0113ju svaigumu. \u0160is z\u012bdainais, ar pept\u012bdiem bag\u0101tin\u0101tais 2-in-1 kr\u0113m\u012bgais vaigu s\u0101rtuma z\u012bmulis neman\u0101mi ies\u016bcas \u0101d\u0101, pie\u0161\u0137irot dabisku, vesel\u012bgu mirdzumu ar kr\u0113m\u012bgu apdari.<\/p>\n<p class=\"p1\">Daudzums: 0,21 unces \/ 6 g<\/p>\n<p class=\"p1\">Kr\u0101su to\u0146i:<\/p>\n<p class=\"p3\">\n<ul>\n<li>\n<p class=\"p1\"><b>JAUNS Dzirksto\u0161ais roz\u0101 v\u012bns<\/b><span class=\"s1\"> (sp\u012bd\u012bgi roz\u0101)<\/span><\/p>\n<\/li>\n<li>\n<p class=\"p1\"><span class=\"s1\"><b>Berry Best<\/b><\/span> (m\u012bkstas avenes)<\/p>\n<\/li>\n<li>\n<p class=\"p1\"><span class=\"s1\"><b>Coral Cosmo<\/b><\/span> (gai\u0161i kora\u013c\u013ci)<\/p>\n<\/li>\n<\/ul>\n<p>&nbsp;<\/p>\n<p class=\"p1\">Lielisks veids, k\u0101 rad\u012bt atsvaidzino\u0161u un dabisku sejas kr\u0101su, ko ir viegli uzkl\u0101t un sajaukt!<\/p>\n<p class=\"p4\">","protected":false},"featured_media":4972,"template":"","meta":{"_acf_changed":false},"product_brand":[],"product_cat":[155,146,117,102,142,134,22,101,28,144,143,41,116,145,21],"product_tag":[],"class_list":{"0":"post-4478","1":"product","2":"type-product","3":"status-publish","4":"has-post-thumbnail","6":"product_cat-f-z","7":"product_cat-kombineeritud","8":"product_cat-kontuur","9":"product_cat-koostise-jargi","10":"product_cat-kuiv","11":"product_cat-kurkum","12":"product_cat-meik","13":"product_cat-muugihitid","14":"product_cat-naotuup","15":"product_cat-normaalne","16":"product_cat-oline","17":"product_cat-pohi","18":"product_cat-posepuna","19":"product_cat-tundlik","20":"product_cat-uued","22":"first","23":"instock","24":"shipping-taxable","25":"purchasable","26":"product-type-variable"},"acf":[],"jetpack_sharing_enabled":true,"_links":{"self":[{"href":"https:\/\/purbeauty.eu\/lv\/wp-json\/wp\/v2\/product\/4478","targetHints":{"allow":["GET"]}}],"collection":[{"href":"https:\/\/purbeauty.eu\/lv\/wp-json\/wp\/v2\/product"}],"about":[{"href":"https:\/\/purbeauty.eu\/lv\/wp-json\/wp\/v2\/types\/product"}],"wp:featuredmedia":[{"embeddable":true,"href":"https:\/\/purbeauty.eu\/lv\/wp-json\/wp\/v2\/media\/4972"}],"wp:attachment":[{"href":"https:\/\/purbeauty.eu\/lv\/wp-json\/wp\/v2\/media?parent=4478"}],"wp:term":[{"taxonomy":"product_brand","embeddable":true,"href":"https:\/\/purbeauty.eu\/lv\/wp-json\/wp\/v2\/product_brand?post=4478"},{"taxonomy":"product_cat","embeddable":true,"href":"https:\/\/purbeauty.eu\/lv\/wp-json\/wp\/v2\/product_cat?post=4478"},{"taxonomy":"product_tag","embeddable":true,"href":"https:\/\/purbeauty.eu\/lv\/wp-json\/wp\/v2\/product_tag?post=4478"}],"curies":[{"name":"wp","href":"https:\/\/api.w.org\/{rel}","templated":true}]}}