{"id":4864,"date":"2024-10-12T11:25:32","date_gmt":"2024-10-12T08:25:32","guid":{"rendered":"https:\/\/purbeauty.eu\/?post_type=product&#038;p=4864"},"modified":"2026-04-15T07:05:01","modified_gmt":"2026-04-15T04:05:01","slug":"liquid-chisel-brush","status":"publish","type":"product","link":"https:\/\/purbeauty.eu\/lv\/products\/liquid-chisel-brush\/","title":{"rendered":"\u0160\u0137idr\u0101 kaltu birste"},"content":{"rendered":"","protected":false},"excerpt":{"rendered":"<p class=\"p1\"><strong>Profesion\u0101la ton\u0101l\u0101 ton\u0101l\u0101 uzkl\u0101\u0161anas oti\u0146a<\/strong><\/p>\n<p class=\"p1\"><strong>Lielisks papildin\u0101jums kr\u0113mam vai \u0161\u0137idrajam ton\u0101lajam kr\u0113mam<\/strong><\/p>\n<p class=\"p1\">\u0160is ir P\u00dcR skaist\u0101 grima nosl\u0113pums. Ieg\u016bstiet nevainojamu sejas kr\u0101su katru reizi, viegli un perfekti uzkl\u0101jot \u0161\u0137idro ton\u0101lo kr\u0113mu. Ota ir \u012bpa\u0161i izstr\u0101d\u0101ta P\u00dcR \u0161\u0137idrajiem ton\u0101lajiem kr\u0113miem un apvieno sint\u0113tisk\u0101s un dab\u012bg\u0101s \u0161\u0137iedras, lai pan\u0101ktu nevainojamu, gais\u012bgu rezult\u0101tu. Ide\u0101li piem\u0113rota \u0161\u0137idr\u0101 grima uzkl\u0101\u0161anai un sl\u0101\u0146o\u0161anai, bet piem\u0113rota ar\u012b acu \u0113nu uzkl\u0101\u0161anai.<\/p>","protected":false},"featured_media":4884,"template":"","meta":{"_acf_changed":false},"product_brand":[],"product_cat":[31,22,41,99],"product_tag":[],"class_list":{"0":"post-4864","1":"product","2":"type-product","3":"status-publish","4":"has-post-thumbnail","6":"product_cat-meigipohi","7":"product_cat-meik","8":"product_cat-pohi","9":"product_cat-tarvikud","11":"first","12":"instock","13":"shipping-taxable","14":"purchasable","15":"product-type-simple"},"acf":[],"jetpack_sharing_enabled":true,"_links":{"self":[{"href":"https:\/\/purbeauty.eu\/lv\/wp-json\/wp\/v2\/product\/4864","targetHints":{"allow":["GET"]}}],"collection":[{"href":"https:\/\/purbeauty.eu\/lv\/wp-json\/wp\/v2\/product"}],"about":[{"href":"https:\/\/purbeauty.eu\/lv\/wp-json\/wp\/v2\/types\/product"}],"wp:featuredmedia":[{"embeddable":true,"href":"https:\/\/purbeauty.eu\/lv\/wp-json\/wp\/v2\/media\/4884"}],"wp:attachment":[{"href":"https:\/\/purbeauty.eu\/lv\/wp-json\/wp\/v2\/media?parent=4864"}],"wp:term":[{"taxonomy":"product_brand","embeddable":true,"href":"https:\/\/purbeauty.eu\/lv\/wp-json\/wp\/v2\/product_brand?post=4864"},{"taxonomy":"product_cat","embeddable":true,"href":"https:\/\/purbeauty.eu\/lv\/wp-json\/wp\/v2\/product_cat?post=4864"},{"taxonomy":"product_tag","embeddable":true,"href":"https:\/\/purbeauty.eu\/lv\/wp-json\/wp\/v2\/product_tag?post=4864"}],"curies":[{"name":"wp","href":"https:\/\/api.w.org\/{rel}","templated":true}]}}