{"id":5091,"date":"2025-01-09T14:41:37","date_gmt":"2025-01-09T12:41:37","guid":{"rendered":"https:\/\/purbeauty.eu\/?post_type=product&#038;p=5091"},"modified":"2026-04-15T07:50:02","modified_gmt":"2026-04-15T04:50:02","slug":"on-point-eyeliner-pencil","status":"publish","type":"product","link":"https:\/\/purbeauty.eu\/lv\/products\/on-point-eyeliner-pencil\/","title":{"rendered":"On Point acu z\u012bmulis"},"content":{"rendered":"","protected":false},"excerpt":{"rendered":"<p class=\"p1\">Ieg\u016bsti maigu l\u012bniju ar \u0161o viegli lietojamo g\u0113la acu z\u012bmuli, kas gludi sl\u012bd un \u013cauj rad\u012bt tie\u0161i tev piem\u0113rotu acu izskatu. Kr\u0113m\u012bg\u0101, \u0101du kopjo\u0161\u0101 formula satur \u0101du m\u012bkstino\u0161as vielas, lai nodro\u0161in\u0101tu viegli sajaucamu, ilgsto\u0161u kr\u0101su, ko ir \u0113rti valk\u0101t. Tam ir ar\u012b ieb\u016bv\u0113ts asin\u0101mais prec\u012bzai un vienk\u0101r\u0161ai uzkl\u0101\u0161anai katru reizi!<\/p>","protected":false},"featured_media":5092,"template":"","meta":{"_acf_changed":false},"product_brand":[],"product_cat":[141,22,34,21],"product_tag":[],"class_list":{"0":"post-5091","1":"product","2":"type-product","3":"status-publish","4":"has-post-thumbnail","6":"product_cat-lainerid-kulmud","7":"product_cat-meik","8":"product_cat-silmad","9":"product_cat-uued","11":"first","12":"instock","13":"shipping-taxable","14":"purchasable","15":"product-type-variable"},"acf":[],"jetpack_sharing_enabled":true,"_links":{"self":[{"href":"https:\/\/purbeauty.eu\/lv\/wp-json\/wp\/v2\/product\/5091","targetHints":{"allow":["GET"]}}],"collection":[{"href":"https:\/\/purbeauty.eu\/lv\/wp-json\/wp\/v2\/product"}],"about":[{"href":"https:\/\/purbeauty.eu\/lv\/wp-json\/wp\/v2\/types\/product"}],"wp:featuredmedia":[{"embeddable":true,"href":"https:\/\/purbeauty.eu\/lv\/wp-json\/wp\/v2\/media\/5092"}],"wp:attachment":[{"href":"https:\/\/purbeauty.eu\/lv\/wp-json\/wp\/v2\/media?parent=5091"}],"wp:term":[{"taxonomy":"product_brand","embeddable":true,"href":"https:\/\/purbeauty.eu\/lv\/wp-json\/wp\/v2\/product_brand?post=5091"},{"taxonomy":"product_cat","embeddable":true,"href":"https:\/\/purbeauty.eu\/lv\/wp-json\/wp\/v2\/product_cat?post=5091"},{"taxonomy":"product_tag","embeddable":true,"href":"https:\/\/purbeauty.eu\/lv\/wp-json\/wp\/v2\/product_tag?post=5091"}],"curies":[{"name":"wp","href":"https:\/\/api.w.org\/{rel}","templated":true}]}}