{"id":5611,"date":"2025-05-15T12:42:40","date_gmt":"2025-05-15T09:42:40","guid":{"rendered":"https:\/\/purbeauty.eu\/?post_type=product&#038;p=5611"},"modified":"2026-04-15T07:50:02","modified_gmt":"2026-04-15T04:50:02","slug":"cloud-balm-peptide-infused-lip-treatment","status":"publish","type":"product","link":"https:\/\/purbeauty.eu\/lv\/products\/cloud-balm-peptide-infused-lip-treatment\/","title":{"rendered":"Cloud Balm pept\u012bdu l\u016bpu balzams"},"content":{"rendered":"<p class=\"p1\">Palutiniet savas l\u016bpas ar \u0161o mirdzo\u0161o, perlamutra l\u016bpu kop\u0161anas l\u012bdzekli, kas apvieno \u0101das kop\u0161anu un grimu vien\u0101 vienk\u0101r\u0161\u0101 piesk\u0101rien\u0101 \u2014 <span class=\"s1\"><b>Mitrino\u0161s l\u016bpu kop\u0161anas l\u012bdzeklis &quot;Cloud Balm&quot; ar baku\u010diolu un \u0161\u012b sviestu<\/b><\/span>\u0160\u012b mitrino\u0161\u0101, maig\u0101, m\u0101ko\u0146aig\u0101 formula satur r\u016bp\u012bgi atlas\u012btas barojo\u0161as sast\u0101vda\u013cas, kas padara sausas l\u016bpas piln\u012bg\u0101kas un glud\u0101kas, atst\u0101jot t\u0101s m\u012bkstas un koptas.<\/p>\n<p class=\"p2\"><b>0,5 unces | 15 ml<\/b><\/p>","protected":false},"excerpt":{"rendered":"<p class=\"p1\">Palutiniet savas l\u016bpas ar \u0161o mirdzo\u0161o, perlamutra l\u016bpu kop\u0161anas l\u012bdzekli, kas apvieno \u0101das kop\u0161anu un grimu vien\u0101 vienk\u0101r\u0161\u0101 piesk\u0101rien\u0101 \u2014 <span class=\"s1\"><b>Mitrino\u0161s l\u016bpu kop\u0161anas l\u012bdzeklis &quot;Cloud Balm&quot; ar baku\u010diolu un \u0161\u012b sviestu<\/b><\/span>\u0160\u012b mitrino\u0161\u0101, maig\u0101, m\u0101ko\u0146aig\u0101 formula satur r\u016bp\u012bgi atlas\u012btas barojo\u0161as sast\u0101vda\u013cas, kas padara sausas l\u016bpas piln\u012bg\u0101kas un glud\u0101kas, atst\u0101jot t\u0101s m\u012bkstas un koptas.<\/p>\n<p class=\"p2\"><b>0,5 unces | 15 ml<\/b><\/p>","protected":false},"featured_media":5612,"template":"","meta":{"_acf_changed":false},"product_brand":[],"product_cat":[154,137,101,153,23,121,21],"product_tag":[],"class_list":{"0":"post-5611","1":"product","2":"type-product","3":"status-publish","4":"has-post-thumbnail","6":"product_cat-a-e","7":"product_cat-e-vitamiin","8":"product_cat-muugihitid","9":"product_cat-nagu-naohooldus","10":"product_cat-naohooldus","11":"product_cat-seerumid","12":"product_cat-uued","14":"first","15":"instock","16":"shipping-taxable","17":"purchasable","18":"product-type-simple"},"acf":[],"jetpack_sharing_enabled":true,"_links":{"self":[{"href":"https:\/\/purbeauty.eu\/lv\/wp-json\/wp\/v2\/product\/5611","targetHints":{"allow":["GET"]}}],"collection":[{"href":"https:\/\/purbeauty.eu\/lv\/wp-json\/wp\/v2\/product"}],"about":[{"href":"https:\/\/purbeauty.eu\/lv\/wp-json\/wp\/v2\/types\/product"}],"wp:featuredmedia":[{"embeddable":true,"href":"https:\/\/purbeauty.eu\/lv\/wp-json\/wp\/v2\/media\/5612"}],"wp:attachment":[{"href":"https:\/\/purbeauty.eu\/lv\/wp-json\/wp\/v2\/media?parent=5611"}],"wp:term":[{"taxonomy":"product_brand","embeddable":true,"href":"https:\/\/purbeauty.eu\/lv\/wp-json\/wp\/v2\/product_brand?post=5611"},{"taxonomy":"product_cat","embeddable":true,"href":"https:\/\/purbeauty.eu\/lv\/wp-json\/wp\/v2\/product_cat?post=5611"},{"taxonomy":"product_tag","embeddable":true,"href":"https:\/\/purbeauty.eu\/lv\/wp-json\/wp\/v2\/product_tag?post=5611"}],"curies":[{"name":"wp","href":"https:\/\/api.w.org\/{rel}","templated":true}]}}