{"id":5619,"date":"2025-05-15T13:07:08","date_gmt":"2025-05-15T10:07:08","guid":{"rendered":"https:\/\/purbeauty.eu\/?post_type=product&#038;p=5619"},"modified":"2026-04-15T07:35:02","modified_gmt":"2026-04-15T04:35:02","slug":"glossy-lip-tint-plumping-tinted-lip-oil","status":"publish","type":"product","link":"https:\/\/purbeauty.eu\/lv\/products\/glossy-lip-tint-plumping-tinted-lip-oil\/","title":{"rendered":"Glossy Lip Tint pildo\u0161a ton\u0113ta l\u016bpu e\u013c\u013ca"},"content":{"rendered":"<p><b>Glossy Lip Tint &#8211; niisutav ja tooniv huule\u00f5li<\/b><\/p>\r\n<p><b>Dabiska izskata l\u016bpas \u010detros univers\u0101los to\u0146os<\/b><\/p>\r\n<p>Glossy Lip Tint apvieno l\u016bpu e\u013c\u013cas mitrino\u0161\u0101s \u012bpa\u0161\u012bbas ar l\u016bpu kr\u0101sas vieglo ton\u0113\u0161anas efektu. \u0160\u012b viegli uzkl\u0101jam\u0101 l\u016bpu e\u013c\u013ca ir izgatavota no t\u012br\u0101m sast\u0101vda\u013c\u0101m. <b>baro, mitrina un uzsver dabisko skaistumu<\/b>, pie\u0161\u0137irot l\u016bp\u0101m sp\u012bd\u012bgu un koptu izskatu.<\/p>\r\n<p><b>K\u0101 lietot:<\/b><\/p>\r\n<p>Uzkl\u0101jiet tie\u0161i uz l\u016bp\u0101m, lai pie\u0161\u0137irtu vieglu toni un mitrin\u0101tu. Lietojiet vienu pa\u0161u, lai ieg\u016btu dabisku sp\u012bdumu, vai uzkl\u0101jiet virs savas iecien\u012bt\u0101k\u0101s l\u016bpu kr\u0101sas vai l\u016bpu kont\u016brz\u012bmu\u013ca, lai ieg\u016btu dzi\u013c\u0101ku toni un sp\u012bdumu.<\/p>\r\n<p><b>NETO: 9,5 ml<\/b><\/p>\r\n<hr \/>\r\n<p><b>Vienk\u0101r\u0161s veids, k\u0101 atsvaidzin\u0101t ikdienas grimu un padar\u012bt l\u016bpas maigas.<\/b><\/p>\r\n<p><b>Izv\u0113lies savu iecien\u012bt\u0101ko toni un pievieno grozam.<\/b><\/p>","protected":false},"excerpt":{"rendered":"<p><b>Glossy Lip Tint \u2013 mitrino\u0161a ton\u0113ta l\u016bpu e\u013c\u013ca<\/b><\/p>\n<p class=\"p3\"><span class=\"s2\"><b>Glanc\u0113ts l\u016bpu tonis<\/b><\/span> ir mitrino\u0161a un viegla l\u016bpu e\u013c\u013ca, kas apvieno grima un l\u016bpu kop\u0161anas l\u012bdzek\u013cu \u012bpa\u0161\u012bbas. L\u016bpu e\u013c\u013ca, kas pieejama \u010detros univers\u0101li pieska\u0146otos to\u0146os, izce\u013c l\u016bpu dabisko toni un pie\u0161\u0137ir t\u0101m gludu, sp\u012bd\u012bgu apdari.<\/p>\n<ul>\n<li>\n<p class=\"p1\">Mitrina un m\u012bkstina sausas l\u016bpas<\/p>\n<\/li>\n<li>\n<p class=\"p1\">Nodro\u0161ina vieglu, viegli veidojamu kr\u0101su<\/p>\n<\/li>\n<li>\n<p class=\"p1\">Piem\u0113rots ikdienas lieto\u0161anai<\/p>\n<\/li>\n<li>\n<p class=\"p1\">Satur \u0101das kop\u0161anas sast\u0101vda\u013cas, piem\u0113ram, \u0161\u012b sviestu, saulespu\u0137u vasku un hialuronsk\u0101bi<\/p>\n<\/li>\n<li>\n<p class=\"p1\">Nesatur silikonus vai sint\u0113tiskas smar\u017evielas<\/p>\n<\/li>\n<\/ul>\n<p>&nbsp;<\/p>\n<p class=\"p3\"><span class=\"s2\"><b>Lietojums:<\/b><\/span> Uzkl\u0101t uz l\u016bp\u0101m visas dienas garum\u0101 p\u0113c v\u0113l\u0113\u0161an\u0101s. Var lietot ar\u012b k\u0101 viegli ton\u0113tu l\u016bpu balzamu.<\/p>\n<p class=\"p3\"><span class=\"s2\"><b>Apjoms:<\/b><\/span> 9,5 ml \/ 0,32 unces<\/p>\n<hr \/>\n<p class=\"p3\" style=\"text-align: left;\"><b>Vienk\u0101r\u0161s veids, k\u0101 atsvaidzin\u0101t ikdienas grimu un padar\u012bt l\u016bpas maigas.<\/b><b><\/b><\/p>\n<p class=\"p3\" style=\"text-align: left;\"><b>Izv\u0113lies savu iecien\u012bt\u0101ko toni un pievieno grozam.<\/b><\/p>","protected":false},"featured_media":5621,"template":"","meta":{"_acf_changed":false},"product_brand":[],"product_cat":[118,22,101,41,21],"product_tag":[],"class_list":{"0":"post-5619","1":"product","2":"type-product","3":"status-publish","4":"has-post-thumbnail","6":"product_cat-huuled","7":"product_cat-meik","8":"product_cat-muugihitid","9":"product_cat-pohi","10":"product_cat-uued","12":"first","13":"instock","14":"shipping-taxable","15":"purchasable","16":"product-type-variable"},"acf":[],"jetpack_sharing_enabled":true,"_links":{"self":[{"href":"https:\/\/purbeauty.eu\/lv\/wp-json\/wp\/v2\/product\/5619","targetHints":{"allow":["GET"]}}],"collection":[{"href":"https:\/\/purbeauty.eu\/lv\/wp-json\/wp\/v2\/product"}],"about":[{"href":"https:\/\/purbeauty.eu\/lv\/wp-json\/wp\/v2\/types\/product"}],"wp:featuredmedia":[{"embeddable":true,"href":"https:\/\/purbeauty.eu\/lv\/wp-json\/wp\/v2\/media\/5621"}],"wp:attachment":[{"href":"https:\/\/purbeauty.eu\/lv\/wp-json\/wp\/v2\/media?parent=5619"}],"wp:term":[{"taxonomy":"product_brand","embeddable":true,"href":"https:\/\/purbeauty.eu\/lv\/wp-json\/wp\/v2\/product_brand?post=5619"},{"taxonomy":"product_cat","embeddable":true,"href":"https:\/\/purbeauty.eu\/lv\/wp-json\/wp\/v2\/product_cat?post=5619"},{"taxonomy":"product_tag","embeddable":true,"href":"https:\/\/purbeauty.eu\/lv\/wp-json\/wp\/v2\/product_tag?post=5619"}],"curies":[{"name":"wp","href":"https:\/\/api.w.org\/{rel}","templated":true}]}}