{"id":6272,"date":"2025-10-29T10:44:43","date_gmt":"2025-10-29T08:44:43","guid":{"rendered":"https:\/\/purbeauty.eu\/?post_type=product&#038;p=6272"},"modified":"2026-04-15T07:50:02","modified_gmt":"2026-04-15T04:50:02","slug":"4-in-1-skin-tint-mineral-spf-50","status":"publish","type":"product","link":"https:\/\/purbeauty.eu\/lv\/products\/4-in-1-skin-tint-mineral-spf-50\/","title":{"rendered":"4-in-1 miner\u0101lu \u0101das tonis SPF 50"},"content":{"rendered":"","protected":false},"excerpt":{"rendered":"<p class=\"p1\">4-in-1 Skin Tint Mineral Sunscreen SPF 50 ir j\u016bsu ikdienas univers\u0101ls serums \u2013 pied\u0101v\u0101jot t\u012bru SPF 50+ aizsardz\u012bbu, \u0101du kopjo\u0161as sast\u0101vda\u013cas un viegli veidojamu p\u0101rkl\u0101jumu dabiskam, skaistam rezult\u0101tam.<\/p>\n<p><strong>Miner\u0101lu saules aizsargkr\u0113ms 4-in-1 Skin Tint Mineral SPF 50<br \/>\n<\/strong><br \/>\nSatur dab\u012bgus miner\u0101lus, piem\u0113ram, cinka oks\u012bdu un tit\u0101na dioks\u012bdu.<br \/>\nDarbojas, atstarojot un izklied\u0113jot UV starus no \u0101das virsmas \u2013 k\u0101 neredzams aizsargvairogs.<br \/>\nIedarbojas uzreiz p\u0113c uzkl\u0101\u0161anas uz \u0101das.<br \/>\nIde\u0101li piem\u0113rots jut\u012bgai, kairin\u0101tai vai problem\u0101tiskai \u0101dai.<br \/>\nTas netiek absorb\u0113ts organism\u0101, bet paliek uz \u0101das virsmas.<br \/>\n100% miner\u0101lu sast\u0101vs noz\u012bm\u0113, ka tas ir t\u012brs un \u0101dai draudz\u012bgs \u2013 piem\u0113rots pat b\u0113rniem un gr\u016btniec\u0113m.<br \/>\nNanocinka oks\u012bds ir m\u016bsdien\u012bgs miner\u0101lfiltrs ar \u012bpa\u0161i smalk\u0101m da\u013ci\u0146\u0101m \u2013 pateicoties tam, kr\u0113ms neatst\u0101j baltu k\u0101rtu, bet nodro\u0161ina \u013coti augstu UVA un UVB aizsardz\u012bbu.<\/p>\n<p>&nbsp;<\/p>","protected":false},"featured_media":6292,"template":"","meta":{"_acf_changed":false},"product_brand":[],"product_cat":[20,154,147,126,152,155,127,146,102,150,142,31,22,101,321,28,132,151,144,148,41,29,149,145,21],"product_tag":[],"class_list":{"0":"post-6272","1":"product","2":"type-product","3":"status-publish","4":"has-post-thumbnail","6":"product_cat-4in1","7":"product_cat-a-e","8":"product_cat-akne-plekid","9":"product_cat-ceretini-kompleks","10":"product_cat-ebauhtlane-nahatoon","11":"product_cat-f-z","12":"product_cat-kapseldatud-retinool","13":"product_cat-kombineeritud","14":"product_cat-koostise-jargi","15":"product_cat-kortsud","16":"product_cat-kuiv","17":"product_cat-meigipohi","18":"product_cat-meik","19":"product_cat-muugihitid","20":"product_cat-nahatuubid","21":"product_cat-naotuup","22":"product_cat-niatsiinamiid","23":"product_cat-niisutus","24":"product_cat-normaalne","25":"product_cat-paikesekaitse","26":"product_cat-pohi","27":"product_cat-probleem","28":"product_cat-punetus","29":"product_cat-tundlik","30":"product_cat-uued","32":"first","33":"instock","34":"shipping-taxable","35":"purchasable","36":"product-type-variable"},"acf":[],"jetpack_sharing_enabled":true,"_links":{"self":[{"href":"https:\/\/purbeauty.eu\/lv\/wp-json\/wp\/v2\/product\/6272","targetHints":{"allow":["GET"]}}],"collection":[{"href":"https:\/\/purbeauty.eu\/lv\/wp-json\/wp\/v2\/product"}],"about":[{"href":"https:\/\/purbeauty.eu\/lv\/wp-json\/wp\/v2\/types\/product"}],"wp:featuredmedia":[{"embeddable":true,"href":"https:\/\/purbeauty.eu\/lv\/wp-json\/wp\/v2\/media\/6292"}],"wp:attachment":[{"href":"https:\/\/purbeauty.eu\/lv\/wp-json\/wp\/v2\/media?parent=6272"}],"wp:term":[{"taxonomy":"product_brand","embeddable":true,"href":"https:\/\/purbeauty.eu\/lv\/wp-json\/wp\/v2\/product_brand?post=6272"},{"taxonomy":"product_cat","embeddable":true,"href":"https:\/\/purbeauty.eu\/lv\/wp-json\/wp\/v2\/product_cat?post=6272"},{"taxonomy":"product_tag","embeddable":true,"href":"https:\/\/purbeauty.eu\/lv\/wp-json\/wp\/v2\/product_tag?post=6272"}],"curies":[{"name":"wp","href":"https:\/\/api.w.org\/{rel}","templated":true}]}}