{"id":6949,"date":"2026-03-10T17:34:47","date_gmt":"2026-03-10T15:34:47","guid":{"rendered":"https:\/\/purbeauty.eu\/?post_type=product&#038;p=6949"},"modified":"2026-04-15T08:05:01","modified_gmt":"2026-04-15T05:05:01","slug":"2-in-1-foundation-finishing-brush-cream-to-powder-face-brush","status":"publish","type":"product","link":"https:\/\/purbeauty.eu\/lv\/products\/2-in-1-foundation-finishing-brush-cream-to-powder-face-brush\/","title":{"rendered":"2-vien\u0101 ton\u0101l\u0101 kr\u0113ma un apdares oti\u0146a. Sejas oti\u0146a, kas p\u0101rveidojas par p\u016bderi."},"content":{"rendered":"","protected":false},"excerpt":{"rendered":"<p class=\"p1\"><b>Viena oti\u0146a, kas paveic visu \u2013 s\u0101kot no ton\u0101l\u0101 kr\u0113ma l\u012bdz p\u016bderim.<\/b><b><\/b><\/p>\n<p class=\"p2\">Izmantojiet bl\u012bv\u0101ko pusi kr\u0113mveida un \u0161\u0137idriem produktiem, bet m\u012bkst\u0101ko pusi p\u016bderiem, lai pan\u0101ktu vienm\u0113r\u012bgu, nevainojamu, ar aerogr\u0101fu apstr\u0101d\u0101tu apdari.<\/p>\n<p class=\"p1\">\u2022 Uzkl\u0101j un izklied\u0113 gan kr\u0113mveida, gan p\u016bderveida produktus<\/p>\n<p class=\"p1\">\u2022 Rada vienm\u0113r\u012bgu, nevainojamu, ar aerogr\u0101fu apstr\u0101d\u0101tu apdari<\/p>\n<p class=\"p1\">\u2022 Atvieglo visas sejas grima uzkl\u0101\u0161anu ar vienu otu<\/p>\n<p class=\"p1\">\u2022 Nodro\u0161ina prec\u012bzu un vienm\u0113r\u012bgu uzkl\u0101\u0161anu<\/p>\n<p class=\"p1\">\u2022 \u013bauj \u0113rti veikt \u0101trus labojumus, atrodoties ce\u013c\u0101<\/p>","protected":false},"featured_media":6953,"template":"","meta":{"_acf_changed":false},"product_brand":[],"product_cat":[22,99,21],"product_tag":[],"class_list":{"0":"post-6949","1":"product","2":"type-product","3":"status-publish","4":"has-post-thumbnail","6":"product_cat-meik","7":"product_cat-tarvikud","8":"product_cat-uued","10":"first","11":"instock","12":"shipping-taxable","13":"purchasable","14":"product-type-simple"},"acf":[],"jetpack_sharing_enabled":true,"_links":{"self":[{"href":"https:\/\/purbeauty.eu\/lv\/wp-json\/wp\/v2\/product\/6949","targetHints":{"allow":["GET"]}}],"collection":[{"href":"https:\/\/purbeauty.eu\/lv\/wp-json\/wp\/v2\/product"}],"about":[{"href":"https:\/\/purbeauty.eu\/lv\/wp-json\/wp\/v2\/types\/product"}],"wp:featuredmedia":[{"embeddable":true,"href":"https:\/\/purbeauty.eu\/lv\/wp-json\/wp\/v2\/media\/6953"}],"wp:attachment":[{"href":"https:\/\/purbeauty.eu\/lv\/wp-json\/wp\/v2\/media?parent=6949"}],"wp:term":[{"taxonomy":"product_brand","embeddable":true,"href":"https:\/\/purbeauty.eu\/lv\/wp-json\/wp\/v2\/product_brand?post=6949"},{"taxonomy":"product_cat","embeddable":true,"href":"https:\/\/purbeauty.eu\/lv\/wp-json\/wp\/v2\/product_cat?post=6949"},{"taxonomy":"product_tag","embeddable":true,"href":"https:\/\/purbeauty.eu\/lv\/wp-json\/wp\/v2\/product_tag?post=6949"}],"curies":[{"name":"wp","href":"https:\/\/api.w.org\/{rel}","templated":true}]}}