{"id":73,"date":"2022-02-07T11:29:53","date_gmt":"2022-02-07T11:29:53","guid":{"rendered":"https:\/\/p\u00fcr.ee\/?post_type=product&#038;p=73"},"modified":"2026-04-15T07:50:02","modified_gmt":"2026-04-15T04:50:02","slug":"4-in-1-pressed-mineral-mapeup-powder-spf15","status":"publish","type":"product","link":"https:\/\/purbeauty.eu\/lv\/products\/4-in-1-pressed-mineral-mapeup-powder-spf15\/","title":{"rendered":"\u010cetri vien\u0101 pres\u0113ts miner\u0101lu kosm\u0113tikas pulveris SPF15"},"content":{"rendered":"","protected":false},"excerpt":{"rendered":"<p><b>Kosm\u0113tika, kas r\u016bp\u0113jas par j\u016bsu \u0101du<\/b><\/p>\n<p class=\"p3\">Atkl\u0101jiet 4-in-1 pres\u0113to miner\u0101lu ton\u0101lo kr\u0113mu ar SPF 15 \u2013 daudzpus\u012bgu un \u0101dai draudz\u012bgu formulu, kas apvieno ton\u0101lo kr\u0113mu, korektoru, p\u016bderi un saules aizsargkr\u0113mu vien\u0101 \u0113rt\u0101 kompakt\u0101 iepakojum\u0101.<\/p>\n<p class=\"p3\">\u0160is vieglais, tom\u0113r piln\u012bb\u0101 nosedzo\u0161ais miner\u0101lp\u016bderis pal\u012bdz sasniegt dabiski nevainojamu sejas kr\u0101su, savuk\u0101rt \u0101das kop\u0161anas sast\u0101vda\u013cas darbojas pat p\u0113c grima no\u0146em\u0161anas.<\/p>\n<p class=\"p3\">","protected":false},"featured_media":4702,"template":"","meta":{"_acf_changed":false},"product_brand":[],"product_cat":[20,154,147,126,137,152,155,127,146,102,150,142,31,22,101,28,151,144,143,148,41,29,149,145,138],"product_tag":[],"class_list":{"0":"post-73","1":"product","2":"type-product","3":"status-publish","4":"has-post-thumbnail","6":"product_cat-4in1","7":"product_cat-a-e","8":"product_cat-akne-plekid","9":"product_cat-ceretini-kompleks","10":"product_cat-e-vitamiin","11":"product_cat-ebauhtlane-nahatoon","12":"product_cat-f-z","13":"product_cat-kapseldatud-retinool","14":"product_cat-kombineeritud","15":"product_cat-koostise-jargi","16":"product_cat-kortsud","17":"product_cat-kuiv","18":"product_cat-meigipohi","19":"product_cat-meik","20":"product_cat-muugihitid","21":"product_cat-naotuup","22":"product_cat-niisutus","23":"product_cat-normaalne","24":"product_cat-oline","25":"product_cat-paikesekaitse","26":"product_cat-pohi","27":"product_cat-probleem","28":"product_cat-punetus","29":"product_cat-tundlik","30":"product_cat-waltheria","32":"first","33":"instock","34":"shipping-taxable","35":"purchasable","36":"product-type-variable"},"acf":[],"jetpack_sharing_enabled":true,"_links":{"self":[{"href":"https:\/\/purbeauty.eu\/lv\/wp-json\/wp\/v2\/product\/73","targetHints":{"allow":["GET"]}}],"collection":[{"href":"https:\/\/purbeauty.eu\/lv\/wp-json\/wp\/v2\/product"}],"about":[{"href":"https:\/\/purbeauty.eu\/lv\/wp-json\/wp\/v2\/types\/product"}],"wp:featuredmedia":[{"embeddable":true,"href":"https:\/\/purbeauty.eu\/lv\/wp-json\/wp\/v2\/media\/4702"}],"wp:attachment":[{"href":"https:\/\/purbeauty.eu\/lv\/wp-json\/wp\/v2\/media?parent=73"}],"wp:term":[{"taxonomy":"product_brand","embeddable":true,"href":"https:\/\/purbeauty.eu\/lv\/wp-json\/wp\/v2\/product_brand?post=73"},{"taxonomy":"product_cat","embeddable":true,"href":"https:\/\/purbeauty.eu\/lv\/wp-json\/wp\/v2\/product_cat?post=73"},{"taxonomy":"product_tag","embeddable":true,"href":"https:\/\/purbeauty.eu\/lv\/wp-json\/wp\/v2\/product_tag?post=73"}],"curies":[{"name":"wp","href":"https:\/\/api.w.org\/{rel}","templated":true}]}}