{"id":2935,"date":"2023-02-17T16:21:02","date_gmt":"2023-02-17T14:21:02","guid":{"rendered":"https:\/\/purestonia.ee\/?page_id=2935"},"modified":"2023-12-10T19:06:04","modified_gmt":"2023-12-10T17:06:04","slug":"rohkeminfot","status":"publish","type":"page","link":"https:\/\/purbeauty.eu\/ru\/rohkeminfot\/","title":{"rendered":"\u041f\u043e\u0440\u044f\u0434\u043e\u043a \u0438\u0441\u043f\u043e\u043b\u044c\u0437\u043e\u0432\u0430\u043d\u0438\u044f \u0444\u0430\u0439\u043b\u043e\u0432 cookie \u0432 \u0438\u043d\u0442\u0435\u0440\u043d\u0435\u0442-\u043c\u0430\u0433\u0430\u0437\u0438\u043d\u0435 P\u00dcR"},"content":{"rendered":"<h3>\n\t\t\t\t\u041f\u043e\u0440\u044f\u0434\u043e\u043a \u0438\u0441\u043f\u043e\u043b\u044c\u0437\u043e\u0432\u0430\u043d\u0438\u044f \u0444\u0430\u0439\u043b\u043e\u0432 cookie \u0432 \u0438\u043d\u0442\u0435\u0440\u043d\u0435\u0442-\u043c\u0430\u0433\u0430\u0437\u0438\u043d\u0435 P\u00dcR\n\t\t\t<\/h3>\n\t\t\t\t\t\t<h5 tabindex=\"0\">\u0427\u0442\u043e \u0442\u0430\u043a\u043e\u0435 \u0444\u0430\u0439\u043b cookie?<\/h5>\n\t\t\t<p>Sarnaselt paljudele teistele kasutab ka P\u00dcR &#8221;k\u00fcpsisteks&#8221; kutsutavaid tekstifaile, mille eesm\u00e4rk on aidata meil lehte arendada ja tagada parim kasutajakogemus. K\u00fcpsis (cookie) on v\u00e4iksemahuline tekstifail, mille veebiserver saadab kasutaja veebilehitsejale, mis seej\u00e4rel salvestatakse kasutaja arvuti k\u00f5vakettale. K\u00fcpsised ise kasutaja seadmest informatsiooni ei loe ega levita seda ka internetiavarustes.<\/p>\n\t\t\t\t\t\t<h5 tabindex=\"0\">\u041a\u0430\u043a\u0438\u0435 \u0444\u0430\u0439\u043b\u044b cookie \u0438\u0441\u043f\u043e\u043b\u044c\u0437\u0443\u0435\u0442 P\u00dcR?<\/h5>\n\t\t\t<p>\u0412\u0435\u0431-\u0441\u0430\u0439\u0442\u044b \u0438\u0441\u043f\u043e\u043b\u044c\u0437\u0443\u044e\u0442 \u0444\u0430\u0439\u043b\u044b cookie, \u0447\u0442\u043e\u0431\u044b \u043f\u0440\u0435\u0434\u043e\u0441\u0442\u0430\u0432\u0438\u0442\u044c \u043f\u043e\u043b\u044c\u0437\u043e\u0432\u0430\u0442\u0435\u043b\u044e \u043f\u0435\u0440\u0441\u043e\u043d\u0430\u043b\u0438\u0437\u0438\u0440\u043e\u0432\u0430\u043d\u043d\u044b\u0439 \u043f\u043e\u043b\u044c\u0437\u043e\u0432\u0430\u0442\u0435\u043b\u044c\u0441\u043a\u0438\u0439 \u043e\u043f\u044b\u0442 \u0438 \u0431\u043e\u043b\u0435\u0435 \u0443\u0434\u043e\u0431\u043d\u0443\u044e \u043d\u0430\u0432\u0438\u0433\u0430\u0446\u0438\u044e \u043f\u043e \u0441\u0442\u0440\u0430\u043d\u0438\u0446\u0430\u043c. \u0412 \u0440\u0435\u0437\u0443\u043b\u044c\u0442\u0430\u0442\u0435 \u043f\u043e\u0441\u0435\u0449\u0435\u043d\u0438\u044f \u044d\u0442\u043e\u0433\u043e \u0432\u0435\u0431-\u0441\u0430\u0439\u0442\u0430 \u0432\u0430\u0448 \u0431\u0440\u0430\u0443\u0437\u0435\u0440 \u043c\u043e\u0436\u0435\u0442 \u0441\u043e\u0445\u0440\u0430\u043d\u044f\u0442\u044c \u0444\u0430\u0439\u043b\u044b cookie \u0441\u043b\u0435\u0434\u0443\u044e\u0449\u0438\u0445 \u043a\u0430\u0442\u0435\u0433\u043e\u0440\u0438\u0439:<\/p>\n\t\t\t\t\t\t<h5 tabindex=\"0\">\u0424\u0430\u0439\u043b\u044b cookie, \u043d\u0435\u043e\u0431\u0445\u043e\u0434\u0438\u043c\u044b\u0435 \u0434\u043b\u044f \u0432\u044b\u043f\u043e\u043b\u043d\u0435\u043d\u0438\u044f \u043e\u0441\u043d\u043e\u0432\u043d\u044b\u0445 \u0446\u0435\u043b\u0435\u0439 \u0432\u0435\u0431-\u0441\u0430\u0439\u0442\u0430.<\/h5>\n\t\t\t<p>\u042d\u0442\u0438 \u0444\u0430\u0439\u043b\u044b cookie \u043d\u0435\u043e\u0431\u0445\u043e\u0434\u0438\u043c\u044b \u0434\u043b\u044f \u043e\u0431\u0435\u0441\u043f\u0435\u0447\u0435\u043d\u0438\u044f \u0434\u043e\u0441\u0442\u0443\u043f\u0430 \u043f\u043e\u043b\u044c\u0437\u043e\u0432\u0430\u0442\u0435\u043b\u044f \u043a \u043e\u0440\u0438\u0435\u043d\u0442\u0438\u0440\u043e\u0432\u0430\u043d\u043d\u044b\u043c \u043d\u0430 \u043a\u043b\u0438\u0435\u043d\u0442\u0430 \u0443\u0441\u043b\u0443\u0433\u0430\u043c, \u043f\u0440\u0435\u0434\u043b\u0430\u0433\u0430\u0435\u043c\u044b\u043c \u043d\u0430 \u044d\u0442\u043e\u043c \u0432\u0435\u0431-\u0441\u0430\u0439\u0442\u0435, \u0430 \u0442\u0430\u043a\u0436\u0435 \u0434\u043b\u044f \u0438\u0441\u043f\u043e\u043b\u044c\u0437\u043e\u0432\u0430\u043d\u0438\u044f \u043d\u0435\u043a\u043e\u0442\u043e\u0440\u044b\u0445 \u0444\u0443\u043d\u043a\u0446\u0438\u0439, \u0442\u0430\u043a\u0438\u0445 \u043a\u0430\u043a \u0434\u043e\u0441\u0442\u0443\u043f \u043a \u0437\u0430\u0449\u0438\u0449\u0435\u043d\u043d\u044b\u043c \u043e\u0431\u043b\u0430\u0441\u0442\u044f\u043c. \u0411\u0435\u0437 \u044d\u0442\u0438\u0445 \u0444\u0430\u0439\u043b\u043e\u0432 cookie \u0431\u044b\u043b\u0438 \u0431\u044b \u043d\u0435\u0432\u043e\u0437\u043c\u043e\u0436\u043d\u044b \u0436\u0435\u043b\u0430\u0435\u043c\u044b\u0435 \u0443\u0441\u043b\u0443\u0433\u0438, \u0442\u0430\u043a\u0438\u0435 \u043a\u0430\u043a \u0441\u043f\u043e\u0441\u043e\u0431\u044b \u043e\u043f\u043b\u0430\u0442\u044b, \u0431\u0435\u0437\u043e\u043f\u0430\u0441\u043d\u044b\u0439 \u0432\u0445\u043e\u0434 \u0432 \u0443\u0447\u0435\u0442\u043d\u0443\u044e \u0437\u0430\u043f\u0438\u0441\u044c \u0438 \u0434\u0440\u0443\u0433\u0438\u0435 \u0431\u043e\u043d\u0443\u0441\u044b, \u043f\u0440\u0435\u0434\u043e\u0441\u0442\u0430\u0432\u043b\u044f\u0435\u043c\u044b\u0435 \u0443\u0447\u0435\u0442\u043d\u043e\u0439 \u0437\u0430\u043f\u0438\u0441\u044c\u044e \u043a\u043b\u0438\u0435\u043d\u0442\u0430. \u042d\u0442\u0438 \u0444\u0430\u0439\u043b\u044b cookie \u0442\u0430\u043a\u0436\u0435 \u0432\u0430\u0436\u043d\u044b \u0434\u043b\u044f \u0442\u043e\u0433\u043e, \u0447\u0442\u043e\u0431\u044b \u0438\u043d\u0444\u043e\u0440\u043c\u0430\u0446\u0438\u044f \u043e \u043c\u0435\u0441\u0442\u043e\u043f\u043e\u043b\u043e\u0436\u0435\u043d\u0438\u0438 \u043f\u0440\u043e\u0434\u0443\u043a\u0442\u043e\u0432, \u0438\u043d\u0444\u043e\u0440\u043c\u0430\u0446\u0438\u0438 \u043e \u0434\u043e\u0441\u0442\u0430\u0432\u043a\u0435 \u0438 \u0442. \u0434. \u0434\u043e\u0445\u043e\u0434\u0438\u043b\u0430 \u0434\u043e \u043a\u043b\u0438\u0435\u043d\u0442\u0430.<\/p>\n\t\t\t\t\t\t<h5 tabindex=\"0\">\u0424\u0443\u043d\u043a\u0446\u0438\u043e\u043d\u0430\u043b\u044c\u043d\u044b\u0435 \u0438 \u044d\u043a\u0441\u043f\u043b\u0443\u0430\u0442\u0430\u0446\u0438\u043e\u043d\u043d\u044b\u0435 \u0444\u0430\u0439\u043b\u044b cookie<\/h5>\n\t\t\t<p>\u042d\u0442\u0438 \u0444\u0430\u0439\u043b\u044b cookie \u043f\u043e\u0434\u0434\u0435\u0440\u0436\u0438\u0432\u0430\u044e\u0442 \u043f\u0440\u043e\u0438\u0437\u0432\u043e\u0434\u0438\u0442\u0435\u043b\u044c\u043d\u043e\u0441\u0442\u044c \u0438 \u0444\u0443\u043d\u043a\u0446\u0438\u043e\u043d\u0430\u043b\u044c\u043d\u043e\u0441\u0442\u044c \u043d\u0430\u0448\u0435\u0433\u043e \u0432\u0435\u0431-\u0441\u0430\u0439\u0442\u0430, \u043d\u043e \u043d\u0435 \u043e\u0431\u044f\u0437\u0430\u0442\u0435\u043b\u044c\u043d\u043e \u043d\u0435\u043e\u0431\u0445\u043e\u0434\u0438\u043c\u044b \u0434\u043b\u044f \u0435\u0433\u043e \u0444\u0443\u043d\u043a\u0446\u0438\u043e\u043d\u0438\u0440\u043e\u0432\u0430\u043d\u0438\u044f. \u0421 \u043f\u043e\u043c\u043e\u0449\u044c\u044e \u044d\u0442\u0438\u0445 \u0444\u0430\u0439\u043b\u043e\u0432 cookie \u0432\u0435\u0431-\u0441\u0430\u0439\u0442 \u0438\u0434\u0435\u043d\u0442\u0438\u0444\u0438\u0446\u0438\u0440\u0443\u0435\u0442 \u043f\u043e\u043b\u044c\u0437\u043e\u0432\u0430\u0442\u0435\u043b\u044f \u0438 (\u043f\u0440\u0438 \u0436\u0435\u043b\u0430\u043d\u0438\u0438) \u0437\u0430\u043f\u043e\u043c\u0438\u043d\u0430\u0435\u0442 \u0434\u0430\u043d\u043d\u044b\u0435 \u0434\u043b\u044f \u0432\u0445\u043e\u0434\u0430 \u0432 \u0441\u0438\u0441\u0442\u0435\u043c\u0443, \u043f\u043e\u0437\u0432\u043e\u043b\u044f\u0435\u0442 \u0445\u0440\u0430\u043d\u0438\u0442\u044c \u0442\u043e\u0432\u0430\u0440\u044b, \u0434\u043e\u0431\u0430\u0432\u043b\u0435\u043d\u043d\u044b\u0435 \u0432 \u043a\u043e\u0440\u0437\u0438\u043d\u0443, \u0432 \u0442\u0435\u0447\u0435\u043d\u0438\u0435 \u043e\u043f\u0440\u0435\u0434\u0435\u043b\u0435\u043d\u043d\u043e\u0433\u043e \u043f\u0435\u0440\u0438\u043e\u0434\u0430 \u0432\u0440\u0435\u043c\u0435\u043d\u0438 \u0438 \u0442. \u0434.<\/p>\n\t\t\t\t\t\t<h5 tabindex=\"0\">\u0410\u043d\u0430\u043b\u0438\u0442\u0438\u043a\u0430<\/h5>\n\t\t\t<p>P\u00dcR \u0438\u0441\u043f\u043e\u043b\u044c\u0437\u0443\u0435\u0442 \u0448\u0438\u0440\u043e\u043a\u043e \u0438\u0441\u043f\u043e\u043b\u044c\u0437\u0443\u0435\u043c\u043e\u0435 \u0430\u043d\u0430\u043b\u0438\u0442\u0438\u0447\u0435\u0441\u043a\u043e\u0435 \u043f\u0440\u043e\u0433\u0440\u0430\u043c\u043c\u043d\u043e\u0435 \u043e\u0431\u0435\u0441\u043f\u0435\u0447\u0435\u043d\u0438\u0435 Google \u0438 \u0438\u0441\u043f\u043e\u043b\u044c\u0437\u0443\u0435\u0442 \u0435\u0433\u043e \u0434\u043b\u044f \u0438\u0437\u043c\u0435\u0440\u0435\u043d\u0438\u044f \u0442\u0440\u0430\u0444\u0438\u043a\u0430 \u0432\u0435\u0431-\u0441\u0430\u0439\u0442\u0430 \u0438 \u043e\u043f\u0440\u0435\u0434\u0435\u043b\u0435\u043d\u0438\u044f \u043c\u043e\u0434\u0435\u043b\u0435\u0439 \u043f\u043e\u0432\u0435\u0434\u0435\u043d\u0438\u044f. \u041f\u043e\u043b\u0443\u0447\u0435\u043d\u043d\u044b\u0435 \u0434\u0430\u043d\u043d\u044b\u0435 \u043f\u043e\u043c\u043e\u0433\u0430\u044e\u0442 \u043d\u0430\u043c \u043b\u0443\u0447\u0448\u0435 \u043f\u043e\u043d\u044f\u0442\u044c \u043f\u043e\u0432\u0435\u0434\u0435\u043d\u0438\u0435 \u043f\u043e\u0441\u0435\u0442\u0438\u0442\u0435\u043b\u0435\u0439 \u0438\u043d\u0442\u0435\u0440\u043d\u0435\u0442-\u043c\u0430\u0433\u0430\u0437\u0438\u043d\u0430 \u0438 \u0434\u0430\u044e\u0442 \u0432\u043e\u0437\u043c\u043e\u0436\u043d\u043e\u0441\u0442\u044c \u043f\u0440\u0435\u0434\u043b\u043e\u0436\u0438\u0442\u044c \u043f\u043e\u043b\u044c\u0437\u043e\u0432\u0430\u0442\u0435\u043b\u044e \u043b\u0443\u0447\u0448\u0438\u0435 \u0442\u0435\u0445\u043d\u0438\u0447\u0435\u0441\u043a\u0438\u0435 \u0440\u0435\u0448\u0435\u043d\u0438\u044f. \u042d\u0442\u0438 \u0444\u0430\u0439\u043b\u044b cookie \u0438\u0441\u043f\u043e\u043b\u044c\u0437\u0443\u044e\u0442\u0441\u044f \u0442\u043e\u043b\u044c\u043a\u043e \u0432 \u0441\u0442\u0430\u0442\u0438\u0441\u0442\u0438\u0447\u0435\u0441\u043a\u0438\u0445 \u0446\u0435\u043b\u044f\u0445 \u0438 \u043d\u0435 \u0438\u0434\u0435\u043d\u0442\u0438\u0444\u0438\u0446\u0438\u0440\u0443\u044e\u0442 \u043e\u0442\u0434\u0435\u043b\u044c\u043d\u044b\u0445 \u043f\u043e\u0441\u0435\u0442\u0438\u0442\u0435\u043b\u0435\u0439.<\/p>\n\t\t\t\t\t\t<h5 tabindex=\"0\">\u0422\u0440\u0435\u0442\u044c\u0438 \u0441\u0442\u043e\u0440\u043e\u043d\u044b \/ \u0420\u0435\u043a\u043b\u0430\u043c\u0430 \u0438 \u0441\u043e\u0446\u0438\u0430\u043b\u044c\u043d\u044b\u0435 \u0441\u0435\u0442\u0438<\/h5>\n\t\t\t<p>P\u00dcR veebilehel kasutatakse mitmeid usaldusv\u00e4\u00e4rseid kolmandate osapoolte k\u00fcpsiseid. See v\u00f5imaldab kasutajal jagada lehti sotsiaalv\u00f5rgustikes ning kuvada personaliseeritud ja asjakohast reklaami. N\u00f5nda v\u00f5imaldavad need k\u00fcpsiseid kuvada reklaame n\u00e4iteks erinevatel Google&#8217;i ja Google&#8217;i partnerettev\u00f5tete platvormidel. Nende k\u00fcpsiste kasutamine ei h\u00f5lma isikuandmete k\u00e4sitlemist.<\/p>\n\t\t\t\t\t\t<h5 tabindex=\"0\">\u041a\u0430\u043a \u043e\u0433\u0440\u0430\u043d\u0438\u0447\u0438\u0442\u044c \u0438\u043b\u0438 \u0443\u0434\u0430\u043b\u0438\u0442\u044c \u0438\u0441\u043f\u043e\u043b\u044c\u0437\u043e\u0432\u0430\u043d\u0438\u0435 \u0444\u0430\u0439\u043b\u043e\u0432 cookie?<\/h5>\n\t\t\t<p>\u0412 \u0431\u043e\u043b\u044c\u0448\u0438\u043d\u0441\u0442\u0432\u0435 \u0441\u043b\u0443\u0447\u0430\u0435\u0432 \u0432\u0435\u0431-\u0431\u0440\u0430\u0443\u0437\u0435\u0440 \u043c\u043e\u0436\u043d\u043e \u043d\u0430\u0441\u0442\u0440\u043e\u0438\u0442\u044c \u0442\u0430\u043a\u0438\u043c \u043e\u0431\u0440\u0430\u0437\u043e\u043c, \u0447\u0442\u043e\u0431\u044b \u0438\u0441\u043f\u043e\u043b\u044c\u0437\u043e\u0432\u0430\u043d\u0438\u0435 \u0444\u0430\u0439\u043b\u043e\u0432 cookie \u0431\u044b\u043b\u043e \u043e\u0433\u0440\u0430\u043d\u0438\u0447\u0435\u043d\u043e \u0438\u043b\u0438 \u043f\u0440\u0435\u043a\u0440\u0430\u0449\u0435\u043d\u043e. \u0412\u0441\u0435 \u0441\u043e\u0432\u0440\u0435\u043c\u0435\u043d\u043d\u044b\u0435 \u0432\u0435\u0431-\u0431\u0440\u0430\u0443\u0437\u0435\u0440\u044b \u043f\u043e\u0437\u0432\u043e\u043b\u044f\u044e\u0442 \u043e\u043f\u0442\u0438\u043c\u0438\u0437\u0438\u0440\u043e\u0432\u0430\u0442\u044c \u043d\u0430\u0441\u0442\u0440\u043e\u0439\u043a\u0438, \u0441\u0432\u044f\u0437\u0430\u043d\u043d\u044b\u0435 \u0441 \u0444\u0430\u0439\u043b\u0430\u043c\u0438 cookie. \u041e\u0434\u043d\u0430\u043a\u043e \u0441\u0442\u043e\u0438\u0442 \u043f\u043e\u043c\u043d\u0438\u0442\u044c, \u0447\u0442\u043e \u043e\u0433\u0440\u0430\u043d\u0438\u0447\u0435\u043d\u0438\u0435 \u0438\u0441\u043f\u043e\u043b\u044c\u0437\u043e\u0432\u0430\u043d\u0438\u044f \u0444\u0430\u0439\u043b\u043e\u0432 cookie, \u043d\u0435\u043e\u0431\u0445\u043e\u0434\u0438\u043c\u044b\u0445 \u0434\u043b\u044f \u0432\u044b\u043f\u043e\u043b\u043d\u0435\u043d\u0438\u044f \u043e\u0441\u043d\u043e\u0432\u043d\u044b\u0445 \u0446\u0435\u043b\u0435\u0439 \u0432\u0435\u0431-\u0441\u0430\u0439\u0442\u0430, \u043c\u043e\u0436\u0435\u0442 \u043f\u043e\u0432\u043b\u0438\u044f\u0442\u044c \u043d\u0430 \u043f\u043e\u043b\u044c\u0437\u043e\u0432\u0430\u0442\u0435\u043b\u044c\u0441\u043a\u0438\u0439 \u043e\u043f\u044b\u0442 \u0438\/\u0438\u043b\u0438 \u0432\u043e\u0437\u043c\u043e\u0436\u043d\u043e\u0441\u0442\u0438 \u0443\u0441\u043b\u0443\u0433, \u043a\u043e\u0442\u043e\u0440\u044b\u0435 \u043c\u044b \u043f\u0440\u0435\u0434\u043b\u0430\u0433\u0430\u0435\u043c \u0432 \u0438\u043d\u0442\u0435\u0440\u043d\u0435\u0442-\u043c\u0430\u0433\u0430\u0437\u0438\u043d\u0435. \u0411\u043e\u043b\u0435\u0435 \u043f\u043e\u0434\u0440\u043e\u0431\u043d\u0443\u044e \u0438\u043d\u0444\u043e\u0440\u043c\u0430\u0446\u0438\u044e \u043e \u0444\u0430\u0439\u043b\u0430\u0445 cookie \u0438 \u043e\u0433\u0440\u0430\u043d\u0438\u0447\u0435\u043d\u0438\u0438 \u0438\u0445 \u0438\u0441\u043f\u043e\u043b\u044c\u0437\u043e\u0432\u0430\u043d\u0438\u044f \u043c\u043e\u0436\u043d\u043e \u043d\u0430\u0439\u0442\u0438 \u043d\u0430 \u0441\u0430\u0439\u0442\u0435 www.youronlinechoices.com.<\/p>","protected":false},"excerpt":{"rendered":"<p>K\u00fcpsiste kasutamise kord P\u00dcR e-poes Mis on k\u00fcpsis? Sarnaselt paljudele teistele kasutab ka P\u00dcR &#8221;k\u00fcpsisteks&#8221; kutsutavaid tekstifaile, mille eesm\u00e4rk on aidata meil lehte arendada ja tagada parim kasutajakogemus. K\u00fcpsis (cookie) on v\u00e4iksemahuline tekstifail, mille veebiserver saadab kasutaja veebilehitsejale, mis seej\u00e4rel salvestatakse kasutaja arvuti k\u00f5vakettale. K\u00fcpsised ise kasutaja seadmest informatsiooni ei loe ega levita seda ka&hellip;<\/p>","protected":false},"author":1,"featured_media":0,"parent":0,"menu_order":0,"comment_status":"closed","ping_status":"closed","template":"","meta":{"_acf_changed":false,"footnotes":""},"class_list":["post-2935","page","type-page","status-publish","hentry"],"acf":[],"jetpack_sharing_enabled":true,"_links":{"self":[{"href":"https:\/\/purbeauty.eu\/ru\/wp-json\/wp\/v2\/pages\/2935","targetHints":{"allow":["GET"]}}],"collection":[{"href":"https:\/\/purbeauty.eu\/ru\/wp-json\/wp\/v2\/pages"}],"about":[{"href":"https:\/\/purbeauty.eu\/ru\/wp-json\/wp\/v2\/types\/page"}],"author":[{"embeddable":true,"href":"https:\/\/purbeauty.eu\/ru\/wp-json\/wp\/v2\/users\/1"}],"replies":[{"embeddable":true,"href":"https:\/\/purbeauty.eu\/ru\/wp-json\/wp\/v2\/comments?post=2935"}],"version-history":[{"count":0,"href":"https:\/\/purbeauty.eu\/ru\/wp-json\/wp\/v2\/pages\/2935\/revisions"}],"wp:attachment":[{"href":"https:\/\/purbeauty.eu\/ru\/wp-json\/wp\/v2\/media?parent=2935"}],"curies":[{"name":"WP","href":"https:\/\/api.w.org\/{rel}","templated":true}]}}